{"id":5976,"date":"2025-05-13T13:32:33","date_gmt":"2025-05-13T13:32:33","guid":{"rendered":"https:\/\/www.mediaformlanguages.org\/?page_id=5976"},"modified":"2025-10-07T19:48:31","modified_gmt":"2025-10-07T19:48:31","slug":"faq-mediaform-dile-qualifications","status":"publish","type":"page","link":"https:\/\/www.mediaformlanguages.org\/esol\/faq-mediaform-dile-qualifications\/","title":{"rendered":"FAQ MEDIAFORM DILE QUALIFICATIONS"},"content":{"rendered":"<section class=\"kc-elm kc-css-553241 kc_row\"><div class=\"kc-row-container  kc-container\"><div class=\"kc-wrap-columns\"><div class=\"kc-elm kc-css-767191 kc_col-sm-12 kc_column kc_col-sm-12\"><div class=\"kc-col-container\"><div class=\"kc-elm kc-css-116481 kc_row kc_row_inner\"><div class=\"kc-elm kc-css-850662 kc_col-sm-12 kc_column_inner kc_col-sm-12\"><div class=\"kc_wrapper kc-col-inner-container\"><div class=\"kc-elm kc-css-699407 kc_row kc_row_inner\"><div class=\"kc-elm kc-css-402447 kc_col-sm-12 kc_column_inner kc_col-sm-12\"><div class=\"kc_wrapper kc-col-inner-container\"><div class=\"kc-elm kc-css-255001 kc_text_block\"><\/p>\n<div style=\"width: 100%; max-width: 800px; margin: 10px auto; padding: 10px 15px; background: #ffffff; border-left: 6px solid #C62828; border-radius: 8px; box-shadow: 0 4px 8px rgba(0, 0, 0, 0.1); font-family: Arial, sans-serif; color: #333;\">\n<h3 style=\"margin-bottom: 4px; font-size: 14px; font-weight: 600; color: #c62828;\">Non trovi quello che cerchi?<\/h3>\n<p style=\"margin-bottom: 6px; font-size: 12px; line-height: 1.3; color: #555;\">Hai bisogno di aiuto? Contattaci per qualsiasi domanda!<\/p>\n<p><a style=\"display: inline-block; padding: 6px 12px; background-color: #c62828; color: #fff; text-decoration: none; border-radius: 6px; font-weight: bold; font-size: 12px;\" href=\"https:\/\/www.mediaformlanguages.org\/contatti\/\"><br \/>\ud83d\udce9 Contattaci<br \/><\/a><\/p>\n<\/div>\n<p>\n<\/div><\/div><\/div><\/div><\/div><\/div><\/div><div class=\"kc-elm kc-css-540883 kc_row kc_row_inner\"><div class=\"kc-elm kc-css-367531 kc_col-sm-12 kc_column_inner kc_col-sm-12\"><div class=\"kc_wrapper kc-col-inner-container\"><div class=\"kc-elm kc-css-843123 kc-raw-code\"><h2 style=\"text-align: center; color: #C62828;\">Domande Frequenti \u2013 MEDIAFORM DILE\"Diploma De Lengua Y Cultura Espa\u00f1ola\"<\/h2>\r\n\r\n<div style=\"max-width: 900px; margin: 0 auto; padding: 20px; font-family: Arial, sans-serif; font-size: 16px; line-height: 1.6; color: #333;\">\r\n  <style>\r\n    details {\r\n      border: 1px solid #C62828;\r\n      border-radius: 6px;\r\n      padding: 10px 15px;\r\n      margin-bottom: 12px;\r\n      background-color: #ffffff;\r\n      transition: all 0.3s ease;\r\n    }\r\n\r\n    summary {\r\n      font-weight: bold;\r\n      cursor: pointer;\r\n      color: #C62828;\r\n      font-size: 17px;\r\n      position: relative;\r\n      padding-left: 20px;\r\n    }\r\n\r\n    summary::before {\r\n      content: \"+\";\r\n      position: absolute;\r\n      left: 0;\r\n      top: 0;\r\n      font-size: 18px;\r\n    }\r\n\r\n    details[open] summary::before {\r\n      content: \"-\";\r\n    }\r\n\r\n    details[open] summary {\r\n      margin-bottom: 10px;\r\n    }\r\n\r\n    a.faq-link {\r\n      color: #C62828;\r\n      text-decoration: underline;\r\n    }\r\n  <\/style>\r\n\r\n  <details>\r\n    <summary>1. Che cos\u2019\u00e8 MEDIAFORM DILE QUALIFICATIONS?<\/summary>\r\n    \u00c8 una certificazione linguistica in lingua spagnola conforme ai livelli del QCER (Quadro Comune Europeo di Riferimento per le Lingue).\r\n  <\/details>\r\n\r\n  <details>\r\n    <summary>2. A chi \u00e8 destinata la certificazione?<\/summary>\r\n    A chiunque desideri attestare le proprie competenze nella lingua spagnola: studenti, professionisti, docenti e lavoratori.\r\n  <\/details>\r\n\r\n  <details>\r\n    <summary>3. Quali livelli sono disponibili?<\/summary>\r\n    A1, A2, B1, B2, C1 e C2 secondo il QCER.\r\n  <\/details>\r\n\r\n  <details>\r\n    <summary>4. Come ci si iscrive all\u2019esame?<\/summary>\r\n    Puoi iscriverti online oppure tramite un centro autorizzato MEDIAFORM.\r\n  <\/details>\r\n\r\n  <details>\r\n    <summary>5. Dove si svolgono gli esami?<\/summary>\r\n    Presso i centri esaminatori autorizzati dislocati su tutto il territorio italiano.\r\n  <\/details>\r\n\r\n  <details>\r\n    <summary>6. Qual \u00e8 la struttura dell\u2019esame?<\/summary>\r\n    L\u2019esame si compone di pi\u00f9 prove: ascolto, lettura, grammatica, produzione orale e produzione scritta.\r\n  <\/details>\r\n\r\n  <details>\r\n    <summary>7. Quanto dura l\u2019esame?<\/summary>\r\n    La durata varia in base al livello e lo puoi visionare nel dettaglio del sito.\r\n  <\/details>\r\n\r\n  <details>\r\n    <summary>8. Quando vengono comunicati i risultati?<\/summary>\r\n    Entro 10 giorni lavorativi dalla data della sessione d\u2019esame.\r\n  <\/details>\r\n\r\n  <details>\r\n    <summary>9. Come ricevo il certificato?<\/summary>\r\n   Si pu\u00f2 ritirare presso il centro d'esame o su richiesta riceverlo direttamente a casa..\r\n  <\/details>\r\n\r\n  <details>\r\n    <summary>10. Il certificato ha una scadenza?<\/summary>\r\n    No, le certificazioni MEDIAFORM DILE non hanno scadenza.\r\n  <\/details>\r\n\r\n  <details>\r\n    <summary>11. Si pu\u00f2 ripetere l\u2019esame?<\/summary>\r\n    S\u00ec, puoi sostenere nuovamente l\u2019esame nella prima sessione utile.\r\n  <\/details>\r\n\r\n  <details>\r\n    <summary>12. Quanto costa la certificazione?<\/summary>\r\n    Il prezzo \u00e8 consultabile nella sezione \"Prezzi\" del sito ufficiale MEDIAFORM.\r\n  <\/details>\r\n\r\n  <details>\r\n    <summary>13. Esiste una procedura di revisione?<\/summary>\r\n    S\u00ec. Puoi consultare la procedura ufficiale qui:<br><br>\r\n    <a class=\"faq-link\" href=\"https:\/\/www.mediaformlanguages.org\/wp-content\/uploads\/2024\/06\/enquiries_appeal_process-mediaform.it-1-3.pdf\" target=\"_blank\">\r\n      Visualizza la procedura di revisione\r\n    <\/a>\r\n  <\/details>\r\n\r\n  <details>\r\n    <summary>14. \u00c8 utile per concorsi pubblici?<\/summary>\r\n    Le certificazioni DILE sono conformi al QCER e possono essere riconosciute nei concorsi pubblici dove previsto dai bandi.\r\n  <\/details>\r\n\r\n  <details>\r\n    <summary>15. Le scuole\/universit\u00e0 la riconoscono?<\/summary>\r\n    In molte scuole e atenei la certificazione \u00e8 valutabile come credito formativo. Verifica sempre i regolamenti dell\u2019ente interessato.\r\n  <\/details>\r\n\r\n  <details>\r\n    <summary>16. E' possibile sostenere l\u2019esame a distanza?<\/summary>\r\n    Si, basta scegliere esame online da casa.\r\n  <\/details>\r\n\r\n  <details>\r\n    <summary>17. I livelli sono certificati secondo standard internazionali?<\/summary>\r\n    S\u00ec, tutti i livelli sono allineati al Quadro Comune Europeo di Riferimento per le Lingue.\r\n  <\/details>\r\n\r\n  <details>\r\n    <summary>18. Il certificato \u00e8 valido all\u2019estero?<\/summary>\r\n    S\u00ec, pu\u00f2 essere riconosciuto anche all\u2019estero, soprattutto nei paesi di lingua ispanica, previa verifica del singolo ente.\r\n  <\/details>\r\n\r\n  <details>\r\n    <summary>19. Posso sostenere l\u2019esame anche se non ho frequentato un corso?<\/summary>\r\n    S\u00ec, la certificazione \u00e8 aperta anche a candidati autonomi.\r\n  <\/details>\r\n<details>\r\n    <summary>20. Quanto costa l'esame DILE Online ?<\/summary>\r\nI costi delle nostre certificazioni sono unici e trasparenti: fai riferimento esclusivamente ai nostri listini ufficiali.\r\n<br><br>\r\n    <a href=\"https:\/\/www.mediaformlanguages.org\/prezzi-online\/\" target=\"_blank\" style=\"display: inline-block; background-color: #C62828; color: white; padding: 10px 20px; text-decoration: none; border-radius: 5px; font-weight: bold;\">\r\n      Apri Listino\r\n    <\/a>\r\n  <\/details>\r\n\r\n  <details>\r\n    <summary>21. Quanto costa l'esame DILE Cartaceo ?<\/summary>\r\nI costi delle nostre certificazioni sono unici e trasparenti: fai riferimento esclusivamente ai nostri listini ufficiali.\r\n<br><br>\r\n    <a href=\"https:\/\/www.mediaformlanguages.org\/prezzi-carta\/\" target=\"_blank\" style=\"display: inline-block; background-color: #C62828; color: white; padding: 10px 20px; text-decoration: none; border-radius: 5px; font-weight: bold;\">\r\n      Apri Listino\r\n    <\/a>\r\n  <\/details>\r\n  <details>\r\n    <summary>22. Dove posso chiedere aiuto o segnalare un problema?<\/summary>\r\n    Scrivici a: <strong>segnalazioni@mediaformlanguages.org<\/strong><br><br>\r\n    Oppure clicca sul pulsante qui sotto per contattarci direttamente:<br><br>\r\n<a href=\"https:\/\/www.mediaformlanguages.org\/prezzi-online\/\" target=\"_blank\" style=\"display: inline-block; background-color: #C62828; color: white; padding: 10px 20px; text-decoration: none; border-radius: 5px; font-weight: bold;\">\r\n      Contattaci\r\n    <\/a>\r\n  <\/details>   \r\n <details>\r\n    <summary>23. Esiste il servizio LIS per i candidati sordi e muti ? se si, \u00e8 gratuito?<\/summary>\r\n    \u2705 S\u00ec, Mediaform E.Q.I.A. offre il supporto LIS in modo totalmente gratuito per tutti i candidati che ne fanno richiesta. L'unica condizione \u00e8 che la data dell\u2019esame venga stabilita da Mediaform in base alla disponibilit\u00e0 degli interpreti LIS.<\/strong><br><br>\r\n    clicca sul pulsante qui sotto per contattarci direttamente:<br><br>\r\n<a href=\"https:\/\/www.mediaformlanguages.org\/contatti\/\" target=\"_blank\" style=\"display: inline-block; background-color: #C62828; color: white; padding: 10px 20px; text-decoration: none; border-radius: 5px; font-weight: bold;\">\r\n      Contattaci\r\n    <\/a>\r\n  <\/details>   \r\n\r\n <details>\r\n    <summary>24.Dove posso trovare i tutorial per prepararmi all'esame?<\/summary>\r\n    \u2705 S\u00ec, Sul nostro sito troverai materiale dettagliato che spiega le procedure e i protocolli dell'esame, oltre a video tutorial che ti guideranno passo dopo passo. Guarda i nostri tutorial.<\/strong><br><br>\r\n    clicca sul pulsante qui sotto .<br><br>\r\n<a href=\"https:\/\/www.mediaformlanguages.org\/video-tutorial-esol-e-dile\/\" target=\"_blank\" style=\"display: inline-block; background-color: #C62828; color: white; padding: 10px 20px; text-decoration: none; border-radius: 5px; font-weight: bold;\">\r\n    Apri\r\n    <\/a>\r\n  <\/details>   \r\n  <details>\r\n    <summary>25. La differenza tra esami online e esami cartacei?<\/summary>\r\n    Gli esami offerti da Mediaform ESOL Qualifications sono progettati per garantire un'alta qualit\u00e0 della valutazione, indipendentemente dal formato scelto per il superamento dell'esame.La principale differenza tra gli esami online e gli esami su carta riguarda il metodo di svolgimento: Esami online: vengono svolti al computer, utilizzando una piattaforma digitale sicura e intuitiva, dove gli studenti rispondono alle domande direttamente tramite il dispositivo. Esami su carta: si svolgono in formato tradizionale, dove le risposte vengono scritte manualmente su carta. Tuttavia, \u00e8 importante sottolineare che il contenuto e la struttura degli esami sono identici per entrambe le modalit\u00e0. La valutazione delle competenze linguistiche rimane invariata e riflette sempre gli stessi standard elevati, sia per gli esami online che per quelli su carta. Indipendentemente dal formato scelto, gli studenti possono essere certi che la qualit\u00e0 e l'integrit\u00e0 degli esami sono garantite, per assicurare una valutazione equa e accurata delle loro abilit\u00e0.\r\n  <\/details>\r\n\r\n<details>\r\n  <summary>26. \u00c8 disponibile una guida al proctoring degli esami online DILE?<\/summary>\r\n  S\u00ec. Mediaform mette a disposizione una guida completa al <strong>proctoring degli esami online DILE<\/strong>, che illustra passo dopo passo come si svolge la supervisione a distanza, le regole di comportamento durante l\u2019esame e i requisiti tecnici richiesti.  \r\n  <br><br>\r\n  La procedura \u00e8 <strong>semplice e intuitiva<\/strong>: direttamente dalla propria <strong>Area Candidati<\/strong>, il giorno dell\u2019esame \u00e8 sufficiente cliccare sul pulsante dedicato per accedere alla piattaforma e seguire la procedura guidata di riconoscimento e controllo.  \r\n  <br><br>\r\n  La guida spiega nel dettaglio il funzionamento del sistema di proctoring (verifica tramite videocamera e microfono, controllo dell\u2019ambiente e dell\u2019identit\u00e0 del candidato), garantendo <strong>massima sicurezza, trasparenza e validit\u00e0<\/strong> della sessione d\u2019esame.  \r\n  <br><br>\r\n  \ud83d\udc49 <a href=\"https:\/\/www.mediaformlanguages.org\/wp-content\/uploads\/2025\/10\/Proctoring-Digital-Mediaform-DILE_compressed.pdf\" target=\"_blank\"><strong>Clicca qui per aprire la Guida al Proctoring DILE (PDF)<\/strong><\/a>\r\n<\/details>\r\n<\/div><\/div><\/div><\/div><\/div><\/div><\/div><\/div><\/section>\n","protected":false},"excerpt":{"rendered":"","protected":false},"author":4,"featured_media":0,"parent":0,"menu_order":0,"comment_status":"closed","ping_status":"closed","template":"","meta":{"footnotes":""},"class_list":["post-5976","page","type-page","status-publish","hentry"],"_links":{"self":[{"href":"https:\/\/www.mediaformlanguages.org\/esol\/wp-json\/wp\/v2\/pages\/5976","targetHints":{"allow":["GET"]}}],"collection":[{"href":"https:\/\/www.mediaformlanguages.org\/esol\/wp-json\/wp\/v2\/pages"}],"about":[{"href":"https:\/\/www.mediaformlanguages.org\/esol\/wp-json\/wp\/v2\/types\/page"}],"author":[{"embeddable":true,"href":"https:\/\/www.mediaformlanguages.org\/esol\/wp-json\/wp\/v2\/users\/4"}],"replies":[{"embeddable":true,"href":"https:\/\/www.mediaformlanguages.org\/esol\/wp-json\/wp\/v2\/comments?post=5976"}],"version-history":[{"count":0,"href":"https:\/\/www.mediaformlanguages.org\/esol\/wp-json\/wp\/v2\/pages\/5976\/revisions"}],"wp:attachment":[{"href":"https:\/\/www.mediaformlanguages.org\/esol\/wp-json\/wp\/v2\/media?parent=5976"}],"curies":[{"name":"wp","href":"https:\/\/api.w.org\/{rel}","templated":true}]}}