{"id":5807,"date":"2025-05-10T13:45:48","date_gmt":"2025-05-10T13:45:48","guid":{"rendered":"https:\/\/www.mediaformlanguages.org\/?page_id=5807"},"modified":"2025-06-05T10:57:21","modified_gmt":"2025-06-05T10:57:21","slug":"assistenza-e-supporto-authorised-centres","status":"publish","type":"page","link":"https:\/\/www.mediaformlanguages.org\/esol\/assistenza-e-supporto-authorised-centres\/","title":{"rendered":"Assistenza e Supporto Authorised Centres"},"content":{"rendered":"<p><section class=\"kc-elm kc-css-404940 kc_row\"><div class=\"kc-row-container  kc-container\"><div class=\"kc-wrap-columns\"><div class=\"kc-elm kc-css-641509 kc_col-sm-12 kc_column kc_col-sm-12\"><div class=\"kc-col-container\"><div class=\"kc-elm kc-css-640450 kc_row kc_row_inner\"><div class=\"kc-elm kc-css-451945 kc_col-sm-12 kc_column_inner kc_col-sm-12\"><div class=\"kc_wrapper kc-col-inner-container\"><div class=\"kc-elm kc-css-310443 kc_text_block\"><\/p>\n<div style=\"width: 100%; max-width: 1200px; margin: 40px auto; padding: 30px 40px; background: #f0f4f8; border-left: 6px solid #003366; border-radius: 10px; box-shadow: 0 4px 12px rgba(0,0,0,0.08); font-family: &#039;Segoe UI&#039;, sans-serif; color: #003366;\">\n<h3 style=\"margin-bottom: 12px; font-size: 24px; font-weight: 600;\">Non trovi quello che cerchi?<\/h3>\n<p style=\"margin-bottom: 20px; font-size: 17px; line-height: 1.7;\">Siamo qui per aiutarti! Se hai bisogno di ulteriori informazioni o non riesci a trovare quello che cerchi, non esitare a contattarci. Il nostro team \u00e8 sempre disponibile per fornirti supporto e rispondere alle tue domande.<\/p>\n<p>  <a href=\"https:\/\/www.mediaformlanguages.org\/contatti\/\" style=\"display: inline-block; padding: 14px 28px; background-color: #003366; color: #fff; text-decoration: none; border-radius: 6px; font-weight: bold; font-size: 16px;\"><br \/>    \ud83d\udce9 Contattaci ora<br \/>  <\/a>\n<\/div>\n<p>\n<\/div><\/div><\/div><\/div><\/div><\/div><\/div><\/div><\/section><section class=\"kc-elm kc-css-216073 kc_row\"><div class=\"kc-row-container  kc-container\"><div class=\"kc-wrap-columns\"><div class=\"kc-elm kc-css-543071 kc_col-sm-12 kc_column kc_col-sm-12\"><div class=\"kc-col-container\">\n<div class=\"kc-elm kc-css-706283 divider_line\">\n\t<div class=\"divider_inner divider_line1\">\n\t\t\t<\/div>\n<\/div>\n<div class=\"kc-elm kc-css-990366 kc_row kc_row_inner\"><div class=\"kc-elm kc-css-836105 kc_col-sm-12 kc_column_inner kc_col-sm-12\"><div class=\"kc_wrapper kc-col-inner-container\">\n<div class=\"kc-elm kc-css-379891 kc-flipbox kc-flip-container flip-vertical\" ontouchstart=\"this.classList.toggle('hover');\">\n\t<div class=\"flipper\">\n\t\t<div class=\"front\">\n\t\t\t<div class=\"front-content\">\n\t\t\t\t<div class=\"wrap-icon\"><i class=\"mn-icon-148\"><\/i><\/div><h3>QUI PUOI VISIONARE IL PROTOCOLLO D:apos:ESAME MEDIAFORM ESOL QUALIFICATIONS<\/h3><p>VUOI CONOSCERE IL PROCESSO DI PRODUZIONE E SVILUPPO NONCHE' LA CONSEGNA DEI TEST DELLA MEDIAFORM E.Q.I.A. ESOL QUALITICATIONS <\/p>\t\t\t<\/div>\n\t\t<\/div>\n\t\t<div class=\"back\">\n\t\t\t<div class=\"des\">\n\t\t\t\t<h3>LEGGI LA PROCEDURA <\/h3><p>CONTROLLA L'AFFIDABILITA' E SCEGLI PER IL TUO ESAME PAPER BASED OPPURE ONLINE FORMAT<\/p><a class=\"button\" href=\"https:\/\/www.mediaformlanguages.org\/wp-content\/uploads\/2024\/07\/MEDIAFORM-ESOL_PROTOCOLLO-ESAME_rev-1.pdf\" target=\"_blank\" title=\"Protocollo - Inglese \u2013 ESOL Qualifications\">Leggi la procedura <\/a>\t\t\t<\/div>\n\t\t<\/div>\n\t<\/div>\n<\/div>\n<div class=\"kc-elm kc-css-176755\" style=\"height: 0px; clear: both; width:100%;\"><\/div>\n<div class=\"kc-elm kc-css-614699 divider_line\">\n\t<div class=\"divider_inner divider_line1\">\n\t\t\t<\/div>\n<\/div>\n<\/div><\/div><\/div><div class=\"kc-elm kc-css-75333 kc_row kc_row_inner\"><div class=\"kc-elm kc-css-852390 kc_col-sm-12 kc_column_inner kc_col-sm-12\"><div class=\"kc_wrapper kc-col-inner-container\">\n<div class=\"kc-elm kc-css-649483 kc-flipbox kc-flip-container flip-vertical\" ontouchstart=\"this.classList.toggle('hover');\">\n\t<div class=\"flipper\">\n\t\t<div class=\"front\">\n\t\t\t<div class=\"front-content\">\n\t\t\t\t<div class=\"wrap-icon\"><i class=\"mn-icon-148\"><\/i><\/div><h3>QUI PUOI VISIONARE CODICE ETICO MEDIAFORM<\/h3><p>Il Codice Etico definisce i valori, i principi e le regole di comportamento che Mediaform adotta per garantire trasparenza, correttezza e responsabilit\u00e0 in ogni attivit\u00e0.<\/p>\t\t\t<\/div>\n\t\t<\/div>\n\t\t<div class=\"back\">\n\t\t\t<div class=\"des\">\n\t\t\t\t<h3>VISINONA IL NOSTRO CODICE ETICO<\/h3><p>Il Codice Etico di Mediaform stabilisce i principi fondamentali che guidano il comportamento dell\u2019organizzazione, del personale e dei collaboratori. Rappresenta un impegno concreto verso l\u2019etica, la trasparenza, la legalit\u00e0 e la responsabilit\u00e0 nei rapporti con clienti, partner, istituzioni e la comunit\u00e0. Il documento garantisce che ogni attivit\u00e0 formativa e gestionale sia svolta nel rispetto dei pi\u00f9 alti standard professionali e morali.<\/p><a class=\"button\" href=\"https:\/\/www.mediaform.it\/pdf\/codice-etico-mediaform.pdf\" target=\"_blank\" title=\"Codice etico Mediaform\">Leggi il nostro codice etico<\/a>\t\t\t<\/div>\n\t\t<\/div>\n\t<\/div>\n<\/div>\n<div class=\"kc-elm kc-css-842853\" style=\"height: 0px; clear: both; width:100%;\"><\/div>\n<div class=\"kc-elm kc-css-24232 divider_line\">\n\t<div class=\"divider_inner divider_line1\">\n\t\t\t<\/div>\n<\/div>\n<\/div><\/div><\/div><div class=\"kc-elm kc-css-416604 kc_row kc_row_inner\"><div class=\"kc-elm kc-css-223709 kc_col-sm-12 kc_column_inner kc_col-sm-12\"><div class=\"kc_wrapper kc-col-inner-container\">\n<div class=\"kc-elm kc-css-94346 kc-flipbox kc-flip-container flip-vertical\" ontouchstart=\"this.classList.toggle('hover');\">\n\t<div class=\"flipper\">\n\t\t<div class=\"front\">\n\t\t\t<div class=\"front-content\">\n\t\t\t\t<div class=\"wrap-icon\"><i class=\"mn-icon-148\"><\/i><\/div><h3>VUOI DIVETARE UN CENTRO D:apos:ESAME MEDIAFORM QUALIFICATIONS <\/h3><p>Diventare un Centro d\u2019Esame riconosciuto \u00e8 un\u2019opportunit\u00e0 importante, ma comporta un processo strutturato e rigoroso. L\u2019ente certificatore seleziona accuratamente i partner sul territorio attraverso controlli documentali, verifiche ispettive (audit) e sopralluoghi presso la sede.<\/p>\t\t\t<\/div>\n\t\t<\/div>\n\t\t<div class=\"back\">\n\t\t\t<div class=\"des\">\n\t\t\t\t<h3>RICHIEDI ACCREDITAMENTO SEDE D:apos:ESAME MEDIAFORM  QUALIFICATIONS<\/h3><p>Non appena riceveremo la tua candidatura, il nostro team la prender\u00e0 in carico e verrai contattato entro 3 giorni lavorativi per un primo confronto informativo. In questa fase preliminare ti spiegheremo nel dettaglio i requisiti richiesti e le fasi del processo di accreditamento.\r\nTi invitiamo a controllare anche la posta indesiderata per non perdere la nostra comunicazione.<\/p><a class=\"button\" href=\"https:\/\/www.mediaformlanguages.org\/diventa-centro-desame\/\" target=\"_blank\" title=\"Codice etico Mediaform\">Inviaci la tua richiesta <\/a>\t\t\t<\/div>\n\t\t<\/div>\n\t<\/div>\n<\/div>\n<div class=\"kc-elm kc-css-174082\" style=\"height: 0px; clear: both; width:100%;\"><\/div>\n<div class=\"kc-elm kc-css-974746 divider_line\">\n\t<div class=\"divider_inner divider_line1\">\n\t\t\t<\/div>\n<\/div>\n<\/div><\/div><\/div><\/div><\/div><\/div><\/div><\/section><section class=\"kc-elm kc-css-325123 kc_row\"><div class=\"kc-row-container  kc-container\"><div class=\"kc-wrap-columns\"><div class=\"kc-elm kc-css-34231 kc_col-sm-12 kc_column kc_col-sm-12\"><div class=\"kc-col-container\"><\/div><\/div><\/div><\/div><\/section><\/p>\n","protected":false},"excerpt":{"rendered":"","protected":false},"author":4,"featured_media":0,"parent":0,"menu_order":0,"comment_status":"closed","ping_status":"closed","template":"","meta":{"footnotes":""},"class_list":["post-5807","page","type-page","status-publish","hentry"],"_links":{"self":[{"href":"https:\/\/www.mediaformlanguages.org\/esol\/wp-json\/wp\/v2\/pages\/5807","targetHints":{"allow":["GET"]}}],"collection":[{"href":"https:\/\/www.mediaformlanguages.org\/esol\/wp-json\/wp\/v2\/pages"}],"about":[{"href":"https:\/\/www.mediaformlanguages.org\/esol\/wp-json\/wp\/v2\/types\/page"}],"author":[{"embeddable":true,"href":"https:\/\/www.mediaformlanguages.org\/esol\/wp-json\/wp\/v2\/users\/4"}],"replies":[{"embeddable":true,"href":"https:\/\/www.mediaformlanguages.org\/esol\/wp-json\/wp\/v2\/comments?post=5807"}],"version-history":[{"count":0,"href":"https:\/\/www.mediaformlanguages.org\/esol\/wp-json\/wp\/v2\/pages\/5807\/revisions"}],"wp:attachment":[{"href":"https:\/\/www.mediaformlanguages.org\/esol\/wp-json\/wp\/v2\/media?parent=5807"}],"curies":[{"name":"wp","href":"https:\/\/api.w.org\/{rel}","templated":true}]}}