{"id":5732,"date":"2025-05-09T14:21:08","date_gmt":"2025-05-09T14:21:08","guid":{"rendered":"https:\/\/www.mediaformlanguages.org\/?page_id=5732"},"modified":"2025-12-17T13:22:54","modified_gmt":"2025-12-17T13:22:54","slug":"b2-level-mediaform-d-i-l-e-qualification-su-carta","status":"publish","type":"page","link":"https:\/\/www.mediaformlanguages.org\/esol\/b2-level-mediaform-d-i-l-e-qualification-su-carta\/","title":{"rendered":"B2 Level MEDIAFORM D I L E QUALIFICATION (Cartacea)"},"content":{"rendered":"<section class=\"kc-elm kc-css-777082 kc_row\"><div class=\"kc-row-container\"><div class=\"kc-wrap-columns\"><div class=\"kc-elm kc-css-216771 kc_col-sm-12 kc_column kc_col-sm-12\"><div class=\"kc-col-container\"><div class=\"kc-elm kc-css-771686 kc_row kc_row_inner\"><div class=\"kc-elm kc-css-57664 kc_col-sm-12 kc_column_inner kc_col-sm-12\"><div class=\"kc_wrapper kc-col-inner-container\"><div class=\"kc-elm kc-css-426233 kc_row kc_row_inner\"><div class=\"kc-elm kc-css-843568 kc_col-sm-12 kc_column_inner kc_col-sm-12\"><div class=\"kc_wrapper kc-col-inner-container\">\n<div class=\"kc-elm kc-css-166603 kc-call-to-action kc-cta-2 kc-is-button\">\n\n\t<div class=\"kc-cta-desc\"><h2>PROTOCOLLO D:apos:ESAME<\/h2><div class=\"kc-cta-text\">Importante prendere visione del protocollo d'esame<\/div><\/div><div class=\"kc-cta-button\"><a href=\"https:\/\/www.mediaformlanguages.org\/wp-content\/uploads\/2024\/07\/MEDIAFORM-D-I-L-E_PROTOCOLLO-ESAME-r-1.pdf\" target=\"_blank\">Regole, procedure e protocolli per gli esami DILE su carta<\/a><\/div>\n<\/div>\n<div class=\"kc-elm kc-css-837262\" style=\"height: 20px; clear: both; width:100%;\"><\/div><div class=\"kc-elm kc-css-915912 kc_text_block\"><\/p>\n<p>\nPRENDI ANCHE VISIONE DEI NOSTRI ESAMI E REGOLAMENTI<\/p>\n<p>\n<\/div><div class=\"kc-elm kc-css-76027 kc_row kc_row_inner\"><div class=\"kc-elm kc-css-790394 kc_col-sm-12 kc_column_inner kc_col-sm-12\"><div class=\"kc_wrapper kc-col-inner-container\"><div class=\"kc-elm kc-css-963712 kc_row kc_row_inner\"><div class=\"kc-elm kc-css-817297 kc_col-of-5 kc_column_inner kc_col-of-5\"><div class=\"kc_wrapper kc-col-inner-container\">\r\n\t\t\t<div class=\"kc-elm kc-css-547562 kc-creative-links\">\r\n\t\t\t\t<div class=\"kc-cl cl-effect-8\">\r\n\t\t\t\t\t\r\n\t\t\t\t\t\t<a class=\"cl-text\" href=\"https:\/\/www.mediaformlanguages.org\/wp-content\/uploads\/2024\/07\/D-I-L-E-DESCRIPCION-GENERAL-DE-CADA-NIVEL.pdf\" target=\"_blank\" title=\"PANORAMICA ESAMI DILE\" data-hover=\"PANORAMICA ESAMI MEDIAFORM DILE\">\r\n\t\t\t\t\t\t\t<span data-hover=\"PANORAMICA ESAMI MEDIAFORM DILE\"> <i class=\"mn-icon-345\"><\/i> PANORAMICA ESAMI MEDIAFORM DILE<\/span>\r\n\t\t\t\t\t\t<\/a>\r\n\r\n\t\t\t\t\t\t\t\t\t<\/div>\r\n\t\t\t<\/div>\r\n\r\n\t\t<div class=\"kc-elm kc-css-844707\" style=\"height: 20px; clear: both; width:100%;\"><\/div>\r\n\t\t\t<div class=\"kc-elm kc-css-251070 kc-creative-links\">\r\n\t\t\t\t<div class=\"kc-cl cl-effect-8\">\r\n\t\t\t\t\t\r\n\t\t\t\t\t\t<a class=\"cl-text\" href=\"https:\/\/www.mediaformlanguages.org\/wp-content\/uploads\/2024\/07\/MEDIAFORM_D-I-L-E-ESCALA-MCER.pdf\" target=\"_blank\" title=\"SCALA QUALIFICHE DILE\" data-hover=\"SCALA DELLE QUALIFICHE MEDIAFORM DILE QCER\">\r\n\t\t\t\t\t\t\t<span data-hover=\"SCALA DELLE QUALIFICHE MEDIAFORM DILE QCER\"> <i class=\"mn-icon-345\"><\/i> SCALA DELLE QUALIFICHE MEDIAFORM DILE QCER<\/span>\r\n\t\t\t\t\t\t<\/a>\r\n\r\n\t\t\t\t\t\t\t\t\t<\/div>\r\n\t\t\t<\/div>\r\n\r\n\t\t<div class=\"kc-elm kc-css-279494\" style=\"height: 20px; clear: both; width:100%;\"><\/div>\r\n\t\t\t<div class=\"kc-elm kc-css-812580 kc-creative-links\">\r\n\t\t\t\t<div class=\"kc-cl cl-effect-8\">\r\n\t\t\t\t\t\r\n\t\t\t\t\t\t<a class=\"cl-text\" href=\"https:\/\/www.mediaformlanguages.org\/wp-content\/uploads\/2024\/07\/PROCEDURE-SORVEGLIANZA-AGLI-ESAMI-D-I-L-E.pdf\" target=\"_blank\" title=\"SORVEGLIANZA AGLI ESAMI DILE\" data-hover=\"SORVEGLIANZA AGLI ESAMI DILE\">\r\n\t\t\t\t\t\t\t<span data-hover=\"SORVEGLIANZA AGLI ESAMI DILE\"> <i class=\"mn-icon-345\"><\/i> SORVEGLIANZA AGLI ESAMI DILE<\/span>\r\n\t\t\t\t\t\t<\/a>\r\n\r\n\t\t\t\t\t\t\t\t\t<\/div>\r\n\t\t\t<\/div>\r\n\r\n\t\t<div class=\"kc-elm kc-css-489721\" style=\"height: 20px; clear: both; width:100%;\"><\/div>\r\n\t\t\t<div class=\"kc-elm kc-css-464008 kc-creative-links\">\r\n\t\t\t\t<div class=\"kc-cl cl-effect-8\">\r\n\t\t\t\t\t\r\n\t\t\t\t\t\t<a class=\"cl-text\" href=\"https:\/\/www.mediaformlanguages.org\/prezzi-carta\/\" target=\"_blank\" title=\"COSTI MEDIAFORM DILE :quot:Diploma De Lengua Y Cultura Espa\u00f1ola:quot: SU CARTA\" data-hover=\"COSTI MEDIAFORM DILE :quot:Diploma De Lengua Y Cultura Espa\u00f1ola:quot: SU CARTA\">\r\n\t\t\t\t\t\t\t<span data-hover=\"COSTI MEDIAFORM DILE :quot:Diploma De Lengua Y Cultura Espa\u00f1ola:quot: SU CARTA\"> <i class=\"mn-icon-345\"><\/i> COSTI MEDIAFORM DILE :quot:Diploma De Lengua Y Cultura Espa\u00f1ola:quot: SU CARTA<\/span>\r\n\t\t\t\t\t\t<\/a>\r\n\r\n\t\t\t\t\t\t\t\t\t<\/div>\r\n\t\t\t<\/div>\r\n\r\n\t\t<div class=\"kc-elm kc-css-529064\" style=\"height: 20px; clear: both; width:100%;\"><\/div>\r\n\t\t\t<div class=\"kc-elm kc-css-399736 kc-creative-links\">\r\n\t\t\t\t<div class=\"kc-cl cl-effect-8\">\r\n\t\t\t\t\t\r\n\t\t\t\t\t\t<a class=\"cl-text\" href=\"https:\/\/www.mediaformlanguages.org\/video-tutorial-que-es-el-dile\/\" target=\"_blank\" title=\"\" data-hover=\"VIDEO TUTORIAL DILE \">\r\n\t\t\t\t\t\t\t<span data-hover=\"VIDEO TUTORIAL DILE \"> <i class=\"mn-icon-345\"><\/i> VIDEO TUTORIAL DILE <\/span>\r\n\t\t\t\t\t\t<\/a>\r\n\r\n\t\t\t\t\t\t\t\t\t<\/div>\r\n\t\t\t<\/div>\r\n\r\n\t\t<\/div><\/div><div class=\"kc-elm kc-css-662131 kc_col-sm-3 kc_column_inner kc_col-sm-3\"><div class=\"kc_wrapper kc-col-inner-container\">\r\n\t\t\t<div class=\"kc-elm kc-css-962016 kc-creative-links\">\r\n\t\t\t\t<div class=\"kc-cl cl-effect-8\">\r\n\t\t\t\t\t\r\n\t\t\t\t\t\t<a class=\"cl-text\" href=\"https:\/\/www.mediaformlanguages.org\/wp-content\/uploads\/2025\/04\/SCHEDA-CONFORMITA-OBIETTIVI-DILE-LIVELLI-QCER_rev.pdf\" target=\"_self\" title=\"SCHEMA DI CONFORMITA:apos: OBIETTIVI DILE\" data-hover=\"SCHEMA DI CONFORMIT\u00c0 DEGLI OBIETTIVI LINGUISTICI\">\r\n\t\t\t\t\t\t\t<span data-hover=\"SCHEMA DI CONFORMIT\u00c0 DEGLI OBIETTIVI LINGUISTICI\"> <i class=\"mn-icon-345\"><\/i> SCHEMA DI CONFORMIT\u00c0 DEGLI OBIETTIVI LINGUISTICI<\/span>\r\n\t\t\t\t\t\t<\/a>\r\n\r\n\t\t\t\t\t\t\t\t\t<\/div>\r\n\t\t\t<\/div>\r\n\r\n\t\t<div class=\"kc-elm kc-css-409234\" style=\"height: 20px; clear: both; width:100%;\"><\/div>\r\n\t\t\t<div class=\"kc-elm kc-css-626990 kc-creative-links\">\r\n\t\t\t\t<div class=\"kc-cl cl-effect-8\">\r\n\t\t\t\t\t\r\n\t\t\t\t\t\t<a class=\"cl-text\" href=\"https:\/\/www.mediaformlanguages.org\/wp-content\/uploads\/2024\/07\/DILE-schema-griglia-di-autovalutazione.pdf\" target=\"_blank\" title=\"GRIGLIA DI AUTOVALUTAZIONE\" data-hover=\"GRIGLIA DI AUTOVALUTAZIONE\">\r\n\t\t\t\t\t\t\t<span data-hover=\"GRIGLIA DI AUTOVALUTAZIONE\"> <i class=\"mn-icon-345\"><\/i> GRIGLIA DI AUTOVALUTAZIONE<\/span>\r\n\t\t\t\t\t\t<\/a>\r\n\r\n\t\t\t\t\t\t\t\t\t<\/div>\r\n\t\t\t<\/div>\r\n\r\n\t\t<div class=\"kc-elm kc-css-871587\" style=\"height: 20px; clear: both; width:100%;\"><\/div>\r\n\t\t\t<div class=\"kc-elm kc-css-799179 kc-creative-links\">\r\n\t\t\t\t<div class=\"kc-cl cl-effect-8\">\r\n\t\t\t\t\t\r\n\t\t\t\t\t\t<a class=\"cl-text\" href=\"https:\/\/www.mediaformlanguages.org\/wp-content\/uploads\/2025\/05\/Regolamento-del-Candidato-Mediaform-DILE.pdf\" target=\"_blank\" title=\"REGOLAMENTO DEL CANDIDATO DILE\" data-hover=\"REGOLAMENTO DEL CANDIDATO MEDIAFORM DILE  :quot:DIPLOMA DE LENGUA Y CULTURA ESPA\u00d1OLA:quot:\">\r\n\t\t\t\t\t\t\t<span data-hover=\"REGOLAMENTO DEL CANDIDATO MEDIAFORM DILE  :quot:DIPLOMA DE LENGUA Y CULTURA ESPA\u00d1OLA:quot:\"> <i class=\"mn-icon-345\"><\/i> REGOLAMENTO DEL CANDIDATO MEDIAFORM DILE  :quot:DIPLOMA DE LENGUA Y CULTURA ESPA\u00d1OLA:quot:<\/span>\r\n\t\t\t\t\t\t<\/a>\r\n\r\n\t\t\t\t\t\t\t\t\t<\/div>\r\n\t\t\t<\/div>\r\n\r\n\t\t<div class=\"kc-elm kc-css-908770\" style=\"height: 20px; clear: both; width:100%;\"><\/div><\/div><\/div><div class=\"kc-elm kc-css-932223 kc_col-sm-3 kc_column_inner kc_col-sm-3\"><div class=\"kc_wrapper kc-col-inner-container\"><\/div><\/div><div class=\"kc-elm kc-css-809080 kc_col-sm-3 kc_column_inner kc_col-sm-3\"><div class=\"kc_wrapper kc-col-inner-container\"><div class=\"kc-elm kc-css-314580 kc_shortcode kc_single_image\">\n\n        <img decoding=\"async\" src=\"https:\/\/www.mediaformlanguages.org\/esol\/wp-content\/uploads\/2024\/06\/logo-D-I-L-E-registrato.jpg\" class=\"\" alt=\"\" \/>    <\/div>\n<\/div><\/div><\/div><\/div><\/div><\/div>\n<div class=\"kc-elm kc-css-116707 divider_line\">\n\t<div class=\"divider_inner divider_line1\">\n\t\t\t<\/div>\n<\/div>\n<\/div><\/div><\/div><\/div><\/div><\/div><div class=\"kc-elm kc-css-327127 kc_row kc_row_inner\"><div class=\"kc-elm kc-css-314035 kc_col-sm-12 kc_column_inner kc_col-sm-12\"><div class=\"kc_wrapper kc-col-inner-container\"><div class=\"kc-elm kc-css-553589 kc-feature-boxes kc-fb-layout-2\">\n\n\t<div class=\"content-title\">MEDIAFORM E.Q.I.A. \u2013 DILE Nivel Intermedio Superior \u2013 QCER B2<\/div><div class=\"content-desc\">MEDIAFORM E.Q.I.A. \u2013 DILE Nivel Intermedio Superior \u2013 QCER B2 \u2013 PAPER BASED.DURATA ESAME 3 ORE E 20 MINUTI<\/div>\n<\/div>\n<div data-open-on-mouseover=\"\" data-tab-active=\"1\" data-effect-option=\"\" class=\"kc-elm kc-css-446570 kc_tabs group\">\n\t<div class=\"kc_wrapper ui-tabs kc_clearfix\">\n\t\t<ul class=\"kc_tabs_nav ui-tabs-nav kc_clearfix\">\n\t\t\t<li><a href=\"#\" data-prevent=\"scroll\">DESCRIZIONE<\/a><\/li><li><a href=\"#\" data-prevent=\"scroll\">COMPRENSIONE ORALE<\/a><\/li><li><a href=\"#\" data-prevent=\"scroll\">COMPRENSIONE SCRITTA<\/a><\/li><li><a href=\"#\" data-prevent=\"scroll\">TEST DI PRODUZIONE SCRITTA<\/a><\/li><li><a href=\"#\" data-prevent=\"scroll\">ESPRESSIONE ORALE<\/a><\/li><li><a href=\"#\" data-prevent=\"scroll\"><i class=\"mn-icon-41\"><\/i> MEDIAFORM E.Q.I.A. \u2013 Guida ai Risultati delle Certificazioni DILE<\/a><\/li><li><a href=\"#\" data-prevent=\"scroll\"><i class=\"mn-icon-3\"><\/i> Risultati e Consegna del Certificato<\/a><\/li><li><a href=\"#\" data-prevent=\"scroll\"><i class=\"mn-icon-41\"><\/i> Esempio di certificato<\/a><\/li><li><a href=\"#\" data-prevent=\"scroll\">Descrittori globali dei livelli di competenza del QCER\/MCER<\/a><\/li>\t\t<\/ul>\n\t\t<div id=\"descrizione\" class=\"kc-elm kc-css-339941 kc_tab ui-tabs-panel kc_ui-tabs-hide kc_clearfix \"><div class=\"kc_tab_content\"><div class=\"kc-elm kc-css-229380 kc_text_block\"><\/p>\n<p class=\"\" data-start=\"151\" data-end=\"344\">L&#039;esame per ottenere la certificazione<strong data-start=\"151\" data-end=\"256\"> MEDIAFORM E.Q.I.A. DILE Livello Intermedio Superiore \u2013 QCER B2<\/strong> \u00e8 suddiviso in<strong> 4 prove<\/strong>, corrispondenti alle diverse competenze richieste dal QCER.<\/p>\n<p class=\"\" data-start=\"346\" data-end=\"463\"><strong data-start=\"346\" data-end=\"380\">Prova 1: Comprensione Auditiva<\/strong><br data-start=\"380\" data-end=\"383\">I candidati affronteranno esercizi di comprensione orale adeguati al livello B2.<\/p>\n<p class=\"\" data-start=\"465\" data-end=\"656\"><strong data-start=\"465\" data-end=\"523\">Prova 2: Comprensione della Lettura e Uso della Lingua<\/strong><br data-start=\"523\" data-end=\"526\">In questa prova si valuteranno la comprensione di testi scritti complessi e l\u2019uso appropriato della lingua in contesti articolati.<\/p>\n<p class=\"\" data-start=\"658\" data-end=\"805\"><strong data-start=\"658\" data-end=\"690\">Prova 3: Espressione Scritta<\/strong><br data-start=\"690\" data-end=\"693\">I candidati dovranno produrre testi scritti ben strutturati, coerenti e argomentati, in linea con il livello B2.<\/p>\n<p class=\"\" data-start=\"807\" data-end=\"995\"><strong data-start=\"807\" data-end=\"851\">Prova 4: Espressione e Interazione Orale<\/strong><br data-start=\"851\" data-end=\"854\">La prova finale consiste in un colloquio orale per valutare la capacit\u00e0 di esprimersi con scioltezza e interagire in modo efficace in lingua.<\/p>\n<p class=\"\" data-start=\"997\" data-end=\"1158\">Per ciascuna prova, i candidati troveranno esercizi specifici volti a valutare le competenze richieste dal QCER per il livello di certificazione desiderato.<\/p>\n<p>\n<\/div><div data-closeall=\"true\" class=\"kc-elm kc-css-63733 kc_accordion_wrapper\">\n<div class=\"kc-elm kc-css-903456 kc_accordion_section group \"><h3 class=\"kc_accordion_header ui-accordion-header\"><span class=\"ui-accordion-header-icon ui-icon\"><\/span><a href=\"#apri-schema-di-conformita-degli-obiettivi-linguistici-livello-b2\" data-prevent=\"scroll\"><i class=\"fa-star\"><\/i> Apri-Schema di Conformit\u00e0 degli Obiettivi Linguistici - Livello B2<\/a><\/h3><div class=\"kc_accordion_content ui-accordion-content kc_clearfix\"><div class=\"kc-panel-body\">\n<div class=\"kc-elm kc-css-666572\">\n\t<a class=\"kc_button\" href=\"https:\/\/www.mediaformlanguages.org\/wp-content\/uploads\/2025\/04\/B2-CONFORMITA-DILE.pdf\" target=\"_self\" title=\"\" onclick=\"\">\n\t\tClicca per visualizzare il documento\t<\/a>\n<\/div>\n<\/div><\/div><\/div><\/div>\n<\/div><\/div><div id=\"comprensione-orale\" class=\"kc-elm kc-css-284005 kc_tab ui-tabs-panel kc_ui-tabs-hide kc_clearfix \"><div class=\"kc_tab_content\"><div class=\"kc-elm kc-css-973962 kc_text_block\"><\/p>\n<p class=\"\" data-start=\"84\" data-end=\"548\"><strong data-start=\"84\" data-end=\"136\">PROVA 1: Comprensione Auditiva \u2013 LIVELLO B2 QCER<\/strong><br data-start=\"136\" data-end=\"139\" \/><strong data-start=\"139\" data-end=\"172\">Durata della prova: 35 minuti<\/strong><br data-start=\"172\" data-end=\"175\" \/>In questa PROVA, ai candidati verr\u00e0 richiesto di ascoltare le registrazioni proposte e rispondere alle domande degli esercizi corrispondenti per valutare le abilit\u00e0 richieste per il livello B2 QCER\/CEFR. Il candidato trover\u00e0 le istruzioni per ciascun esercizio da svolgere. Il candidato pu\u00f2 tentare ogni esercizio una sola volta ma pu\u00f2 ascoltare le registrazioni due volte.<\/p>\n<p class=\"\" data-start=\"550\" data-end=\"698\">La PROVA di Comprensione Auditiva vale un massimo di 25 punti su 100 per ottenere il MEDIAFORM E.Q.I.A. DILE LIVELLO INTERMEDIO SUPERIORE \u2013 QCER B2.<\/p>\n<p>\n<\/div><\/div><\/div><div id=\"comprensione-scritta\" class=\"kc-elm kc-css-434768 kc_tab ui-tabs-panel kc_ui-tabs-hide kc_clearfix \"><div class=\"kc_tab_content\"><div class=\"kc-elm kc-css-453112 kc_text_block\"><\/p>\n<p class=\"\" data-start=\"112\" data-end=\"521\"><strong data-start=\"112\" data-end=\"188\">PROVA 2: Comprensione della Lettura e Uso della Lingua \u2013 LIVELLO B2 QCER<\/strong><br data-start=\"188\" data-end=\"191\" \/><strong data-start=\"191\" data-end=\"224\">Durata della prova: 75 minuti<\/strong><br data-start=\"224\" data-end=\"227\" \/>In questa PROVA, ai candidati verr\u00e0 richiesto di completare esercizi di grammatica e comprensione scritta per valutare le abilit\u00e0 richieste per il livello B2 QCER\/CEFR. Il candidato trover\u00e0 le istruzioni per ciascun esercizio da svolgere. Il candidato pu\u00f2 tentare ogni esercizio una sola volta.<\/p>\n<p class=\"\" data-start=\"523\" data-end=\"695\">La PROVA di Comprensione della Lettura e Uso della Lingua vale un massimo di 25 punti su 100 per ottenere il MEDIAFORM E.Q.I.A. DILE LIVELLO INTERMEDIO SUPERIORE \u2013 QCER B2.<\/p>\n<p>\n<\/div><\/div><\/div><div id=\"test-di-produzione-scritta\" class=\"kc-elm kc-css-937046 kc_tab ui-tabs-panel kc_ui-tabs-hide kc_clearfix \"><div class=\"kc_tab_content\"><div class=\"kc-elm kc-css-933497 kc_text_block\"><\/p>\n<p class=\"\" data-start=\"100\" data-end=\"461\"><strong data-start=\"100\" data-end=\"149\">PROVA 3: Produzione Scritta \u2013 LIVELLO B2 QCER<\/strong><br data-start=\"149\" data-end=\"152\" \/><strong data-start=\"152\" data-end=\"185\">Durata della prova: 75 minuti<\/strong><br data-start=\"185\" data-end=\"188\" \/>In questa PROVA, ai candidati verr\u00e0 richiesto di scegliere 2 delle 4 tracce proposte per valutare le abilit\u00e0 richieste per il livello B2 QCER\/CEFR. Il candidato trover\u00e0 le istruzioni per ciascun esercizio da svolgere. Il candidato pu\u00f2 tentare ogni esercizio una sola volta.<\/p>\n<p class=\"\" data-start=\"463\" data-end=\"608\">La PROVA di Produzione Scritta vale un massimo di 25 punti su 100 per ottenere il MEDIAFORM E.Q.I.A. DILE LIVELLO INTERMEDIO SUPERIORE \u2013 QCER B2.<\/p>\n<p>\n<\/div><\/div><\/div><div id=\"espressione-orale\" class=\"kc-elm kc-css-389549 kc_tab ui-tabs-panel kc_ui-tabs-hide kc_clearfix \"><div class=\"kc_tab_content\"><div class=\"kc-elm kc-css-282044 kc_text_block\"><\/p>\n<p class=\"\" data-start=\"100\" data-end=\"362\"><strong data-start=\"100\" data-end=\"161\">PROVA 4: Produzione e Interazione Orale \u2013 LIVELLO B2 QCER<\/strong><br data-start=\"161\" data-end=\"164\" \/><strong data-start=\"164\" data-end=\"197\">Durata della prova: 15 minuti<\/strong><br data-start=\"197\" data-end=\"200\" \/>In questa PROVA, ai candidati verr\u00e0 richiesto di rispondere alle domande formulate dall&#039;esaminatore per valutare le abilit\u00e0 richieste per il livello B2 QCER\/CEFR.<\/p>\n<p class=\"\" data-start=\"364\" data-end=\"521\">La PROVA di Produzione e Interazione Orale vale un massimo di 25 punti su 100 per ottenere il <strong>MEDIAFORM E.Q.I.A. DILE LIVELLO INTERMEDIO SUPERIORE \u2013 QCER B2.<\/strong><\/p>\n<p>\n<\/div><\/div><\/div><div id=\"mediaform-e-q-i-a-guida-ai-risultati-delle-certificazioni-dile\" class=\"kc-elm kc-css-888640 kc_tab ui-tabs-panel kc_ui-tabs-hide kc_clearfix \"><div class=\"kc_tab_content\"><div class=\"kc-elm kc-css-672115 kc_text_block\"><\/p>\n<p>In questa guida trovi tutte le informazioni sui risultati degli esami DILE. Clicca sotto per leggere i dettagli<\/p>\n<p>\n<\/div><div data-closeall=\"true\" class=\"kc-elm kc-css-583931 kc_accordion_wrapper\">\n<div class=\"kc-elm kc-css-215794 kc_accordion_section group \"><h3 class=\"kc_accordion_header ui-accordion-header\"><span class=\"ui-accordion-header-icon ui-icon\"><\/span><a href=\"#guida-ai-risultati\" data-prevent=\"scroll\"><i class=\"\"><\/i> Guida ai Risultati<\/a><\/h3><div class=\"kc_accordion_content ui-accordion-content kc_clearfix\"><div class=\"kc-panel-body\">\n<div class=\"kc-elm kc-css-758537\">\n\t<a class=\"kc_button\" href=\"https:\/\/www.mediaformlanguages.org\/wp-content\/uploads\/2024\/07\/GUIA-DE-RESULTADOS.pdf\" target=\"_blank\" title=\"\" onclick=\"\">\n\t\t<i class=\"mn-icon-41\"><\/i> APRI\t<\/a>\n<\/div>\n<\/div><\/div><\/div><\/div>\n<\/div><\/div><div id=\"risultati-e-consegna-del-certificato\" class=\"kc-elm kc-css-521090 kc_tab ui-tabs-panel kc_ui-tabs-hide kc_clearfix \"><div class=\"kc_tab_content\"><div class=\"kc-elm kc-css-732856 kc_text_block\"><\/p>\n<p class=\"\" data-start=\"38\" data-end=\"256\">I risultati saranno disponibili entro 10 giorni lavorativi dalla data dell&#039;esame e saranno inseriti nella piattaforma del candidato o nel MAC Test Center, dove sar\u00e0 possibile scaricare il certificato dei risultati.<\/p>\n<p class=\"\" data-start=\"258\" data-end=\"507\">Il certificato cartaceo sar\u00e0 inviato al Mediaform MAC Center presso il quale il candidato ha sostenuto l\u2019esame e sar\u00e0 consegnato al candidato entro 30 giorni dal superamento dell\u2019esame. Il candidato pu\u00f2 decidere di riceverlo direttamente a casa.<\/p>\n<p>\n<\/div><\/div><\/div><div id=\"esempio-di-certificato\" class=\"kc-elm kc-css-84551 kc_tab ui-tabs-panel kc_ui-tabs-hide kc_clearfix \"><div class=\"kc_tab_content\"><div data-closeall=\"true\" class=\"kc-elm kc-css-60005 kc_accordion_wrapper\">\n<div class=\"kc-elm kc-css-491142 kc_accordion_section group \"><h3 class=\"kc_accordion_header ui-accordion-header\"><span class=\"ui-accordion-header-icon ui-icon\"><\/span><a href=\"#clicca-per-visualizzare-un-esempio-del-certificato-fronte-e-retro\" data-prevent=\"scroll\"><i class=\"\"><\/i> Clicca per visualizzare un esempio del certificato (fronte e retro)<\/a><\/h3><div class=\"kc_accordion_content ui-accordion-content kc_clearfix\"><div class=\"kc-panel-body\">\n<div class=\"kc-elm kc-css-606147\">\n\t<a class=\"kc_button\" href=\"https:\/\/www.mediaformlanguages.org\/wp-content\/uploads\/2024\/07\/certificato-fronte-retro-livello-B2-del-QCER-.pdf\" target=\"_blank\" title=\"\" onclick=\"\">\n\t\t<i class=\"mn-icon-41\"><\/i> APRI\t<\/a>\n<\/div>\n<\/div><\/div><\/div><\/div>\n<\/div><\/div><div id=\"descrittori-globali-dei-livelli-di-competenza-del-qcer-mcer\" class=\"kc-elm kc-css-979769 kc_tab ui-tabs-panel kc_ui-tabs-hide kc_clearfix \"><div class=\"kc_tab_content\"><div class=\"kc-elm kc-css-149022 kc_text_block\"><\/p>\n<p><strong>B2 Progresso\u00a0<\/strong><\/p>\n<p>\u00c8 in grado di comprendere le idee principali di testi complessi su argomenti sia concreti sia astratti, comprese le discussioni tecniche nel proprio ambito di specializzazione. \u00c8 in grado di interagire con un grado di scioltezza e spontaneit\u00e0 tale da rendere possibile un\u2019interazione regolare con parlanti nativi senza eccessiva tensione per nessuna delle due parti. \u00c8 in grado di produrre testi chiari e dettagliati su un\u2019ampia gamma di argomenti ed esprimere un punto di vista su una questione di attualit\u00e0, indicando i vantaggi e gli svantaggi delle diverse opzioni.<\/p>\n<p>\n<\/div><\/div><\/div>\t<\/div>\n<\/div>\n\n\n<div class=\"kc-elm kc-css-811122 kc_text_block\"><\/p>\n<h2>Costo\u00a0 210,00 \u20ac.<\/h2>\n<p>\n<\/div>\n<div class=\"kc-elm kc-css-813485 kc-pro-button kc-button-main\">\n\t<a href=\"https:\/\/smind.mediaform.it\/landingStudent?course=121\">\n\t\t<span class=\"creative_title\">Registrati per Acquistare<\/span>\t<\/a>\n<\/div>\n<div class=\"kc-elm kc-css-228377\" style=\"height: 20px; clear: both; width:100%;\"><\/div>\n<div class=\"kc-elm kc-css-274187 kc-pro-button kc-button-main\">\n\t<a href=\"https:\/\/smind.mediaform.it\/login\">\n\t\t<span class=\"creative_title\">Sei gi\u00e0 registrato<\/span>\t<\/a>\n<\/div>\n<div class=\"kc-elm kc-css-197259\" style=\"height: 20px; clear: both; width:100%;\"><\/div>\n<div class=\"kc-elm kc-css-630064\">\n\t<a class=\"kc_button\" href=\"https:\/\/www.mediaformlanguages.org\/contatti\/\" target=\"_self\" title=\"Diventa un Esaminatore Mediaform\" onclick=\"\">\n\t\tCONTATTACI PER CHIARIMENTI\t<\/a>\n<\/div>\n\n<div class=\"kc-elm kc-css-599634 divider_line\">\n\t<div class=\"divider_inner divider_line1\">\n\t\t\t<\/div>\n<\/div>\n<\/div><\/div><\/div><\/div><\/div><\/div><\/div><\/section>\n","protected":false},"excerpt":{"rendered":"","protected":false},"author":4,"featured_media":0,"parent":0,"menu_order":0,"comment_status":"closed","ping_status":"closed","template":"","meta":{"footnotes":""},"class_list":["post-5732","page","type-page","status-publish","hentry"],"_links":{"self":[{"href":"https:\/\/www.mediaformlanguages.org\/esol\/wp-json\/wp\/v2\/pages\/5732","targetHints":{"allow":["GET"]}}],"collection":[{"href":"https:\/\/www.mediaformlanguages.org\/esol\/wp-json\/wp\/v2\/pages"}],"about":[{"href":"https:\/\/www.mediaformlanguages.org\/esol\/wp-json\/wp\/v2\/types\/page"}],"author":[{"embeddable":true,"href":"https:\/\/www.mediaformlanguages.org\/esol\/wp-json\/wp\/v2\/users\/4"}],"replies":[{"embeddable":true,"href":"https:\/\/www.mediaformlanguages.org\/esol\/wp-json\/wp\/v2\/comments?post=5732"}],"version-history":[{"count":0,"href":"https:\/\/www.mediaformlanguages.org\/esol\/wp-json\/wp\/v2\/pages\/5732\/revisions"}],"wp:attachment":[{"href":"https:\/\/www.mediaformlanguages.org\/esol\/wp-json\/wp\/v2\/media?parent=5732"}],"curies":[{"name":"wp","href":"https:\/\/api.w.org\/{rel}","templated":true}]}}