{"id":5730,"date":"2025-05-09T14:20:30","date_gmt":"2025-05-09T14:20:30","guid":{"rendered":"https:\/\/www.mediaformlanguages.org\/?page_id=5730"},"modified":"2025-12-17T13:21:16","modified_gmt":"2025-12-17T13:21:16","slug":"b1-level-mediaform-d-i-l-e-qualification-su-carta","status":"publish","type":"page","link":"https:\/\/www.mediaformlanguages.org\/esol\/b1-level-mediaform-d-i-l-e-qualification-su-carta\/","title":{"rendered":"B1 Level MEDIAFORM D I L E QUALIFICATION (Cartacea)"},"content":{"rendered":"<section class=\"kc-elm kc-css-704860 kc_row\"><div class=\"kc-row-container\"><div class=\"kc-wrap-columns\"><div class=\"kc-elm kc-css-243531 kc_col-sm-12 kc_column kc_col-sm-12\"><div class=\"kc-col-container\"><div class=\"kc-elm kc-css-113709 kc_row kc_row_inner\"><div class=\"kc-elm kc-css-84681 kc_col-sm-12 kc_column_inner kc_col-sm-12\"><div class=\"kc_wrapper kc-col-inner-container\"><div class=\"kc-elm kc-css-908827 kc_row kc_row_inner\"><div class=\"kc-elm kc-css-156114 kc_col-sm-12 kc_column_inner kc_col-sm-12\"><div class=\"kc_wrapper kc-col-inner-container\">\n<div class=\"kc-elm kc-css-239492 kc-call-to-action kc-cta-2 kc-is-button\">\n\n\t<div class=\"kc-cta-desc\"><h2>PROTOCOLLO D:apos:ESAME<\/h2><div class=\"kc-cta-text\">Importante prendere visione del protocollo d'esame<\/div><\/div><div class=\"kc-cta-button\"><a href=\"https:\/\/www.mediaformlanguages.org\/wp-content\/uploads\/2024\/07\/MEDIAFORM-D-I-L-E_PROTOCOLLO-ESAME-r-1.pdf\" target=\"_blank\">Regole, procedure e protocolli per gli esami DILE su carta<\/a><\/div>\n<\/div>\n<div class=\"kc-elm kc-css-396231\" style=\"height: 20px; clear: both; width:100%;\"><\/div><div class=\"kc-elm kc-css-880095 kc_text_block\"><\/p>\n<p>\nPRENDI ANCHE VISIONE DEI NOSTRI ESAMI E REGOLAMENTI<\/p>\n<p>\n<\/div><div class=\"kc-elm kc-css-431074 kc_row kc_row_inner\"><div class=\"kc-elm kc-css-999950 kc_col-sm-12 kc_column_inner kc_col-sm-12\"><div class=\"kc_wrapper kc-col-inner-container\"><div class=\"kc-elm kc-css-130418 kc_row kc_row_inner\"><div class=\"kc-elm kc-css-19278 kc_col-of-5 kc_column_inner kc_col-of-5\"><div class=\"kc_wrapper kc-col-inner-container\">\r\n\t\t\t<div class=\"kc-elm kc-css-388213 kc-creative-links\">\r\n\t\t\t\t<div class=\"kc-cl cl-effect-8\">\r\n\t\t\t\t\t\r\n\t\t\t\t\t\t<a class=\"cl-text\" href=\"https:\/\/www.mediaformlanguages.org\/wp-content\/uploads\/2024\/07\/D-I-L-E-DESCRIPCION-GENERAL-DE-CADA-NIVEL.pdf\" target=\"_blank\" title=\"PANORAMICA ESAMI DILE\" data-hover=\"PANORAMICA ESAMI MEDIAFORM DILE\">\r\n\t\t\t\t\t\t\t<span data-hover=\"PANORAMICA ESAMI MEDIAFORM DILE\"> <i class=\"mn-icon-345\"><\/i> PANORAMICA ESAMI MEDIAFORM DILE<\/span>\r\n\t\t\t\t\t\t<\/a>\r\n\r\n\t\t\t\t\t\t\t\t\t<\/div>\r\n\t\t\t<\/div>\r\n\r\n\t\t<div class=\"kc-elm kc-css-634950\" style=\"height: 20px; clear: both; width:100%;\"><\/div>\r\n\t\t\t<div class=\"kc-elm kc-css-452549 kc-creative-links\">\r\n\t\t\t\t<div class=\"kc-cl cl-effect-8\">\r\n\t\t\t\t\t\r\n\t\t\t\t\t\t<a class=\"cl-text\" href=\"https:\/\/www.mediaformlanguages.org\/wp-content\/uploads\/2024\/07\/MEDIAFORM_D-I-L-E-ESCALA-MCER.pdf\" target=\"_blank\" title=\"SCALA QUALIFICHE DILE\" data-hover=\"SCALA DELLE QUALIFICHE MEDIAFORM DILE QCER\">\r\n\t\t\t\t\t\t\t<span data-hover=\"SCALA DELLE QUALIFICHE MEDIAFORM DILE QCER\"> <i class=\"mn-icon-345\"><\/i> SCALA DELLE QUALIFICHE MEDIAFORM DILE QCER<\/span>\r\n\t\t\t\t\t\t<\/a>\r\n\r\n\t\t\t\t\t\t\t\t\t<\/div>\r\n\t\t\t<\/div>\r\n\r\n\t\t<div class=\"kc-elm kc-css-893575\" style=\"height: 20px; clear: both; width:100%;\"><\/div>\r\n\t\t\t<div class=\"kc-elm kc-css-603907 kc-creative-links\">\r\n\t\t\t\t<div class=\"kc-cl cl-effect-8\">\r\n\t\t\t\t\t\r\n\t\t\t\t\t\t<a class=\"cl-text\" href=\"https:\/\/www.mediaformlanguages.org\/wp-content\/uploads\/2024\/07\/PROCEDURE-SORVEGLIANZA-AGLI-ESAMI-D-I-L-E.pdf\" target=\"_blank\" title=\"SORVEGLIANZA AGLI ESAMI DILE\" data-hover=\"SORVEGLIANZA AGLI ESAMI DILE\">\r\n\t\t\t\t\t\t\t<span data-hover=\"SORVEGLIANZA AGLI ESAMI DILE\"> <i class=\"mn-icon-345\"><\/i> SORVEGLIANZA AGLI ESAMI DILE<\/span>\r\n\t\t\t\t\t\t<\/a>\r\n\r\n\t\t\t\t\t\t\t\t\t<\/div>\r\n\t\t\t<\/div>\r\n\r\n\t\t<div class=\"kc-elm kc-css-90262\" style=\"height: 20px; clear: both; width:100%;\"><\/div>\r\n\t\t\t<div class=\"kc-elm kc-css-457680 kc-creative-links\">\r\n\t\t\t\t<div class=\"kc-cl cl-effect-8\">\r\n\t\t\t\t\t\r\n\t\t\t\t\t\t<a class=\"cl-text\" href=\"https:\/\/www.mediaformlanguages.org\/prezzi-carta\/\" target=\"_blank\" title=\"COSTI MEDIAFORM DILE :quot:Diploma De Lengua Y Cultura Espa\u00f1ola:quot: SU CARTA\" data-hover=\"COSTI MEDIAFORM DILE :quot:Diploma De Lengua Y Cultura Espa\u00f1ola:quot: SU CARTA\">\r\n\t\t\t\t\t\t\t<span data-hover=\"COSTI MEDIAFORM DILE :quot:Diploma De Lengua Y Cultura Espa\u00f1ola:quot: SU CARTA\"> <i class=\"mn-icon-345\"><\/i> COSTI MEDIAFORM DILE :quot:Diploma De Lengua Y Cultura Espa\u00f1ola:quot: SU CARTA<\/span>\r\n\t\t\t\t\t\t<\/a>\r\n\r\n\t\t\t\t\t\t\t\t\t<\/div>\r\n\t\t\t<\/div>\r\n\r\n\t\t<div class=\"kc-elm kc-css-180151\" style=\"height: 20px; clear: both; width:100%;\"><\/div>\r\n\t\t\t<div class=\"kc-elm kc-css-410201 kc-creative-links\">\r\n\t\t\t\t<div class=\"kc-cl cl-effect-8\">\r\n\t\t\t\t\t\r\n\t\t\t\t\t\t<a class=\"cl-text\" href=\"https:\/\/www.mediaformlanguages.org\/video-tutorial-que-es-el-dile\/\" target=\"_blank\" title=\"\" data-hover=\"VIDEO TUTORIAL DILE \">\r\n\t\t\t\t\t\t\t<span data-hover=\"VIDEO TUTORIAL DILE \"> <i class=\"mn-icon-345\"><\/i> VIDEO TUTORIAL DILE <\/span>\r\n\t\t\t\t\t\t<\/a>\r\n\r\n\t\t\t\t\t\t\t\t\t<\/div>\r\n\t\t\t<\/div>\r\n\r\n\t\t<\/div><\/div><div class=\"kc-elm kc-css-607794 kc_col-sm-3 kc_column_inner kc_col-sm-3\"><div class=\"kc_wrapper kc-col-inner-container\">\r\n\t\t\t<div class=\"kc-elm kc-css-689167 kc-creative-links\">\r\n\t\t\t\t<div class=\"kc-cl cl-effect-8\">\r\n\t\t\t\t\t\r\n\t\t\t\t\t\t<a class=\"cl-text\" href=\"https:\/\/www.mediaformlanguages.org\/wp-content\/uploads\/2025\/04\/SCHEDA-CONFORMITA-OBIETTIVI-DILE-LIVELLI-QCER_rev.pdf\" target=\"_self\" title=\"SCHEMA DI CONFORMITA:apos: OBIETTIVI DILE\" data-hover=\"SCHEMA DI CONFORMIT\u00c0 DEGLI OBIETTIVI LINGUISTICI\">\r\n\t\t\t\t\t\t\t<span data-hover=\"SCHEMA DI CONFORMIT\u00c0 DEGLI OBIETTIVI LINGUISTICI\"> <i class=\"mn-icon-345\"><\/i> SCHEMA DI CONFORMIT\u00c0 DEGLI OBIETTIVI LINGUISTICI<\/span>\r\n\t\t\t\t\t\t<\/a>\r\n\r\n\t\t\t\t\t\t\t\t\t<\/div>\r\n\t\t\t<\/div>\r\n\r\n\t\t<div class=\"kc-elm kc-css-984247\" style=\"height: 20px; clear: both; width:100%;\"><\/div>\r\n\t\t\t<div class=\"kc-elm kc-css-716822 kc-creative-links\">\r\n\t\t\t\t<div class=\"kc-cl cl-effect-8\">\r\n\t\t\t\t\t\r\n\t\t\t\t\t\t<a class=\"cl-text\" href=\"https:\/\/www.mediaformlanguages.org\/wp-content\/uploads\/2024\/07\/DILE-schema-griglia-di-autovalutazione.pdf\" target=\"_blank\" title=\"GRIGLIA DI AUTOVALUTAZIONE\" data-hover=\"GRIGLIA DI AUTOVALUTAZIONE\">\r\n\t\t\t\t\t\t\t<span data-hover=\"GRIGLIA DI AUTOVALUTAZIONE\"> <i class=\"mn-icon-345\"><\/i> GRIGLIA DI AUTOVALUTAZIONE<\/span>\r\n\t\t\t\t\t\t<\/a>\r\n\r\n\t\t\t\t\t\t\t\t\t<\/div>\r\n\t\t\t<\/div>\r\n\r\n\t\t<div class=\"kc-elm kc-css-391786\" style=\"height: 20px; clear: both; width:100%;\"><\/div>\r\n\t\t\t<div class=\"kc-elm kc-css-537878 kc-creative-links\">\r\n\t\t\t\t<div class=\"kc-cl cl-effect-8\">\r\n\t\t\t\t\t\r\n\t\t\t\t\t\t<a class=\"cl-text\" href=\"https:\/\/www.mediaformlanguages.org\/wp-content\/uploads\/2025\/05\/Regolamento-del-Candidato-Mediaform-DILE.pdf\" target=\"_blank\" title=\"REGOLAMENTO DEL CANDIDATO DILE\" data-hover=\"REGOLAMENTO DEL CANDIDATO MEDIAFORM DILE  :quot:DIPLOMA DE LENGUA Y CULTURA ESPA\u00d1OLA:quot:\">\r\n\t\t\t\t\t\t\t<span data-hover=\"REGOLAMENTO DEL CANDIDATO MEDIAFORM DILE  :quot:DIPLOMA DE LENGUA Y CULTURA ESPA\u00d1OLA:quot:\"> <i class=\"mn-icon-345\"><\/i> REGOLAMENTO DEL CANDIDATO MEDIAFORM DILE  :quot:DIPLOMA DE LENGUA Y CULTURA ESPA\u00d1OLA:quot:<\/span>\r\n\t\t\t\t\t\t<\/a>\r\n\r\n\t\t\t\t\t\t\t\t\t<\/div>\r\n\t\t\t<\/div>\r\n\r\n\t\t<div class=\"kc-elm kc-css-79757\" style=\"height: 20px; clear: both; width:100%;\"><\/div><\/div><\/div><div class=\"kc-elm kc-css-300525 kc_col-sm-3 kc_column_inner kc_col-sm-3\"><div class=\"kc_wrapper kc-col-inner-container\"><\/div><\/div><div class=\"kc-elm kc-css-795057 kc_col-sm-3 kc_column_inner kc_col-sm-3\"><div class=\"kc_wrapper kc-col-inner-container\"><div class=\"kc-elm kc-css-131693 kc_shortcode kc_single_image\">\n\n        <img decoding=\"async\" src=\"https:\/\/www.mediaformlanguages.org\/esol\/wp-content\/uploads\/2024\/06\/logo-D-I-L-E-registrato.jpg\" class=\"\" alt=\"\" \/>    <\/div>\n<\/div><\/div><\/div><\/div><\/div><\/div>\n<div class=\"kc-elm kc-css-261284 divider_line\">\n\t<div class=\"divider_inner divider_line1\">\n\t\t\t<\/div>\n<\/div>\n<\/div><\/div><\/div><\/div><\/div><\/div><div class=\"kc-elm kc-css-912660 kc_row kc_row_inner\"><div class=\"kc-elm kc-css-352868 kc_col-sm-12 kc_column_inner kc_col-sm-12\"><div class=\"kc_wrapper kc-col-inner-container\"><div class=\"kc-elm kc-css-199812 kc-feature-boxes kc-fb-layout-2\">\n\n\t<div class=\"content-title\">MEDIAFORM E.Q.I.A. \u2013 DILE Nivel Intermedio \u2013 QCER B1<\/div><div class=\"content-desc\">MEDIAFORM E.Q.I.A. \u2013 DILE Nivel Intermedio \u2013 QCER B1 \u2013 PAPER BASED.DURATA ESAME 3 ORE E 03 MINUTI<\/div>\n<\/div>\n<div data-open-on-mouseover=\"\" data-tab-active=\"1\" data-effect-option=\"\" class=\"kc-elm kc-css-726340 kc_tabs group\">\n\t<div class=\"kc_wrapper ui-tabs kc_clearfix\">\n\t\t<ul class=\"kc_tabs_nav ui-tabs-nav kc_clearfix\">\n\t\t\t<li><a href=\"#\" data-prevent=\"scroll\">DESCRIZIONE<\/a><\/li><li><a href=\"#\" data-prevent=\"scroll\">COMPRENSIONE ORALE<\/a><\/li><li><a href=\"#\" data-prevent=\"scroll\">COMPRENSIONE SCRITTA<\/a><\/li><li><a href=\"#\" data-prevent=\"scroll\">TEST DI PRODUZIONE SCRITTA<\/a><\/li><li><a href=\"#\" data-prevent=\"scroll\">ESPRESSIONE ORALE<\/a><\/li><li><a href=\"#\" data-prevent=\"scroll\"><i class=\"mn-icon-41\"><\/i> MEDIAFORM E.Q.I.A. \u2013 Guida ai Risultati delle Certificazioni DILE<\/a><\/li><li><a href=\"#\" data-prevent=\"scroll\"><i class=\"mn-icon-3\"><\/i> Risultati e Consegna del Certificato<\/a><\/li><li><a href=\"#\" data-prevent=\"scroll\"><i class=\"mn-icon-41\"><\/i> Esempio di certificato<\/a><\/li><li><a href=\"#\" data-prevent=\"scroll\">Descrittori globali dei livelli di competenza del QCER\/MCER<\/a><\/li>\t\t<\/ul>\n\t\t<div id=\"descrizione\" class=\"kc-elm kc-css-397766 kc_tab ui-tabs-panel kc_ui-tabs-hide kc_clearfix \"><div class=\"kc_tab_content\"><div class=\"kc-elm kc-css-289147 kc_text_block\"><\/p>\n<p class=\"\" data-start=\"145\" data-end=\"328\">L&#039;esame per ottenere la certificazione<strong data-start=\"145\" data-end=\"240\"> MEDIAFORM E.Q.I.A. DILE Livello Intermedio \u2013 QCER B1<\/strong> \u00e8 suddiviso in <strong>4 prove<\/strong>, corrispondenti alle diverse competenze richieste dal QCER.<\/p>\n<p class=\"\" data-start=\"330\" data-end=\"447\"><strong data-start=\"330\" data-end=\"364\">Prova 1: Comprensione Orale<\/strong><br data-start=\"364\" data-end=\"367\" \/>I candidati affronteranno esercizi di comprensione orale adeguati al livello B1.<\/p>\n<p class=\"\" data-start=\"449\" data-end=\"631\"><strong data-start=\"449\" data-end=\"507\">Prova 2: Comprensione della Lettura e Uso della Lingua<\/strong><br data-start=\"507\" data-end=\"510\" \/>In questa prova si valuteranno la comprensione di testi scritti e l\u2019uso corretto della lingua in contesti pi\u00f9 articolati.<\/p>\n<p class=\"\" data-start=\"633\" data-end=\"771\"><strong data-start=\"633\" data-end=\"665\">Prova 3: Espressione Scritta<\/strong><br data-start=\"665\" data-end=\"668\" \/>I candidati dovranno produrre testi scritti coerenti, chiari e strutturati, in linea con il livello B1.<\/p>\n<p class=\"\" data-start=\"773\" data-end=\"946\"><strong data-start=\"773\" data-end=\"817\">Prova 4: Espressione e Interazione Orale<\/strong><br data-start=\"817\" data-end=\"820\" \/>La prova finale consiste in un colloquio orale per valutare la capacit\u00e0 di esprimersi e interagire in modo efficace in lingua.<\/p>\n<p class=\"\" data-start=\"948\" data-end=\"1109\">Per ciascuna prova, i candidati troveranno esercizi specifici volti a valutare le competenze richieste dal QCER per il livello di certificazione desiderato.<\/p>\n<p>\n<\/div><div data-closeall=\"true\" class=\"kc-elm kc-css-706367 kc_accordion_wrapper\">\n<div class=\"kc-elm kc-css-953738 kc_accordion_section group \"><h3 class=\"kc_accordion_header ui-accordion-header\"><span class=\"ui-accordion-header-icon ui-icon\"><\/span><a href=\"#apri-schema-di-conformita-degli-obiettivi-linguistici-livello-b1\" data-prevent=\"scroll\"><i class=\"fa-star\"><\/i> Apri-Schema di Conformit\u00e0 degli Obiettivi Linguistici - Livello B1<\/a><\/h3><div class=\"kc_accordion_content ui-accordion-content kc_clearfix\"><div class=\"kc-panel-body\">\n<div class=\"kc-elm kc-css-43790\">\n\t<a class=\"kc_button\" href=\"https:\/\/www.mediaformlanguages.org\/wp-content\/uploads\/2025\/04\/B1-CONFORMITA-DILE.pdf\" target=\"_self\" title=\"\" onclick=\"\">\n\t\tClicca per visualizzare il documento\t<\/a>\n<\/div>\n<\/div><\/div><\/div><\/div>\n<\/div><\/div><div id=\"comprensione-orale\" class=\"kc-elm kc-css-210803 kc_tab ui-tabs-panel kc_ui-tabs-hide kc_clearfix \"><div class=\"kc_tab_content\"><div class=\"kc-elm kc-css-952368 kc_text_block\"><\/p>\n<p class=\"\" data-start=\"84\" data-end=\"548\"><strong data-start=\"84\" data-end=\"136\">PROVA 1: Comprensione Auditiva \u2013 LIVELLO B2 QCER<\/strong><br data-start=\"136\" data-end=\"139\" \/><strong data-start=\"139\" data-end=\"172\">Durata della prova: 35 minuti<\/strong><br data-start=\"172\" data-end=\"175\" \/>In questa PROVA, ai candidati verr\u00e0 richiesto di ascoltare le registrazioni proposte e rispondere alle domande degli esercizi corrispondenti per valutare le abilit\u00e0 richieste per il livello B2 QCER\/CEFR. Il candidato trover\u00e0 le istruzioni per ciascun esercizio da svolgere. Il candidato pu\u00f2 tentare ogni esercizio una sola volta ma pu\u00f2 ascoltare le registrazioni due volte.<\/p>\n<p class=\"\" data-start=\"550\" data-end=\"698\">La PROVA di Comprensione Auditiva vale un massimo di 25 punti su 100 per ottenere il MEDIAFORM E.Q.I.A. DILE LIVELLO INTERMEDIO SUPERIORE \u2013 QCER B2.<\/p>\n<p>\n<\/div><\/div><\/div><div id=\"comprensione-scritta\" class=\"kc-elm kc-css-231298 kc_tab ui-tabs-panel kc_ui-tabs-hide kc_clearfix \"><div class=\"kc_tab_content\"><div class=\"kc-elm kc-css-362940 kc_text_block\"><\/p>\n<p class=\"\" data-start=\"0\" data-end=\"114\"><strong data-start=\"0\" data-end=\"58\">PROVA 2: Comprensione della Lettura e Uso della Lingua<\/strong><br data-start=\"58\" data-end=\"61\" \/><strong data-start=\"61\" data-end=\"80\">LIVELLO B1 QCER<\/strong><br data-start=\"80\" data-end=\"83\" data-is-only-node=\"\" \/><strong data-start=\"83\" data-end=\"102\">Durata massima:<\/strong> 75 minuti<\/p>\n<p class=\"\" data-start=\"116\" data-end=\"403\">In questa PROVA, ai candidati verr\u00e0 richiesto di completare esercizi di grammatica e di lettura per valutare le abilit\u00e0 corrispondenti al livello B1 QCER\/CEFR. Il candidato trover\u00e0 le istruzioni per ciascun esercizio da svolgere. Il candidato pu\u00f2 tentare ogni esercizio una sola volta.<\/p>\n<p class=\"\" data-start=\"405\" data-end=\"571\">La PROVA di Comprensione della Lettura e Uso della Lingua vale un massimo di 25 punti su 100 per ottenere il <strong data-start=\"514\" data-end=\"571\" data-is-last-node=\"\">MEDIAFORM E.Q.I.A. DILE LIVELLO INTERMEDIO \u2013 QCER B1.<\/strong><\/p>\n<p>\n<\/div><\/div><\/div><div id=\"test-di-produzione-scritta\" class=\"kc-elm kc-css-623322 kc_tab ui-tabs-panel kc_ui-tabs-hide kc_clearfix \"><div class=\"kc_tab_content\"><div class=\"kc-elm kc-css-769365 kc_text_block\"><\/p>\n<p class=\"\" data-start=\"0\" data-end=\"84\"><strong data-start=\"0\" data-end=\"50\">PROVA 3: Espressione Scritta \u2013 LIVELLO B1 QCER<\/strong><br data-start=\"50\" data-end=\"53\" \/><strong data-start=\"53\" data-end=\"72\">Durata Massima:<\/strong> 60 minuti<\/p>\n<p class=\"\" data-start=\"86\" data-end=\"408\">In questa PROVA, ai candidati verr\u00e0 richiesto di scegliere 2 delle 4 opzioni proposte per valutare le abilit\u00e0 corrispondenti al livello B1 QCER\/CEFR. Il candidato trover\u00e0 le istruzioni per ciascun esercizio da svolgere. Il candidato pu\u00f2 tentare ogni esercizio una sola volta, ma pu\u00f2 ascoltare le registrazioni due volte.<\/p>\n<p class=\"\" data-start=\"410\" data-end=\"550\">La PROVA di Espressione Scritta vale un massimo di 25 punti su 100 per ottenere il <strong data-start=\"493\" data-end=\"550\" data-is-last-node=\"\">MEDIAFORM E.Q.I.A. DILE LIVELLO INTERMEDIO \u2013 QCER B1.<\/strong><\/p>\n<p>\n<\/div><\/div><\/div><div id=\"espressione-orale\" class=\"kc-elm kc-css-696469 kc_tab ui-tabs-panel kc_ui-tabs-hide kc_clearfix \"><div class=\"kc_tab_content\"><div class=\"kc-elm kc-css-172234 kc_text_block\"><\/p>\n<p class=\"\" data-start=\"0\" data-end=\"100\"><strong data-start=\"0\" data-end=\"62\">ROVA 4: Espressione e Interazione Orale \u2013 LIVELLO B1 QCER<\/strong><br data-start=\"62\" data-end=\"65\" \/><strong data-start=\"65\" data-end=\"88\">Durata della prova:<\/strong> 13 minuti<\/p>\n<p class=\"\" data-start=\"102\" data-end=\"267\">In questa PROVA, ai candidati verr\u00e0 richiesto di rispondere alle domande formulate dall&#039;esaminatore per valutare le abilit\u00e0 corrispondenti al livello B1 QCER\/CEFR.<\/p>\n<p class=\"\" data-start=\"269\" data-end=\"421\">La PROVA di Espressione e Interazione Orale vale un massimo di 25 punti su 100 per ottenere il <strong data-start=\"364\" data-end=\"421\" data-is-last-node=\"\">MEDIAFORM E.Q.I.A. DILE LIVELLO INTERMEDIO \u2013 QCER B1.<\/strong><\/p>\n<p>\n<\/div><\/div><\/div><div id=\"mediaform-e-q-i-a-guida-ai-risultati-delle-certificazioni-dile\" class=\"kc-elm kc-css-229492 kc_tab ui-tabs-panel kc_ui-tabs-hide kc_clearfix \"><div class=\"kc_tab_content\"><div class=\"kc-elm kc-css-712419 kc_text_block\"><\/p>\n<p>In questa guida trovi tutte le informazioni sui risultati degli esami DILE. Clicca sotto per leggere i dettagli<\/p>\n<p>\n<\/div><div data-closeall=\"true\" class=\"kc-elm kc-css-129064 kc_accordion_wrapper\">\n<div class=\"kc-elm kc-css-81723 kc_accordion_section group \"><h3 class=\"kc_accordion_header ui-accordion-header\"><span class=\"ui-accordion-header-icon ui-icon\"><\/span><a href=\"#guida-ai-risultati\" data-prevent=\"scroll\"><i class=\"\"><\/i> Guida ai Risultati<\/a><\/h3><div class=\"kc_accordion_content ui-accordion-content kc_clearfix\"><div class=\"kc-panel-body\">\n<div class=\"kc-elm kc-css-323052\">\n\t<a class=\"kc_button\" href=\"https:\/\/www.mediaformlanguages.org\/wp-content\/uploads\/2024\/07\/GUIA-DE-RESULTADOS.pdf\" target=\"_blank\" title=\"\" onclick=\"\">\n\t\t<i class=\"mn-icon-41\"><\/i> APRI\t<\/a>\n<\/div>\n<\/div><\/div><\/div><\/div>\n<\/div><\/div><div id=\"risultati-e-consegna-del-certificato\" class=\"kc-elm kc-css-29896 kc_tab ui-tabs-panel kc_ui-tabs-hide kc_clearfix \"><div class=\"kc_tab_content\"><div class=\"kc-elm kc-css-518713 kc_text_block\"><\/p>\n<p class=\"\" data-start=\"38\" data-end=\"256\">I risultati saranno disponibili entro 10 giorni lavorativi dalla data dell&#039;esame e saranno inseriti nella piattaforma del candidato o nel MAC Test Center, dove sar\u00e0 possibile scaricare il certificato dei risultati.<\/p>\n<p class=\"\" data-start=\"258\" data-end=\"507\">Il certificato cartaceo sar\u00e0 inviato al Mediaform MAC Center presso il quale il candidato ha sostenuto l\u2019esame e sar\u00e0 consegnato al candidato entro 30 giorni dal superamento dell\u2019esame. Il candidato pu\u00f2 decidere di riceverlo direttamente a casa.<\/p>\n<p>\n<\/div><\/div><\/div><div id=\"esempio-di-certificato\" class=\"kc-elm kc-css-794071 kc_tab ui-tabs-panel kc_ui-tabs-hide kc_clearfix \"><div class=\"kc_tab_content\"><div data-closeall=\"true\" class=\"kc-elm kc-css-257363 kc_accordion_wrapper\">\n<div class=\"kc-elm kc-css-628833 kc_accordion_section group \"><h3 class=\"kc_accordion_header ui-accordion-header\"><span class=\"ui-accordion-header-icon ui-icon\"><\/span><a href=\"#clicca-per-visualizzare-un-esempio-del-certificato-fronte-e-retro\" data-prevent=\"scroll\"><i class=\"\"><\/i> Clicca per visualizzare un esempio del certificato (fronte e retro)<\/a><\/h3><div class=\"kc_accordion_content ui-accordion-content kc_clearfix\"><div class=\"kc-panel-body\">\n<div class=\"kc-elm kc-css-45915\">\n\t<a class=\"kc_button\" href=\"https:\/\/www.mediaformlanguages.org\/wp-content\/uploads\/2024\/07\/certificato-fronte-retro-livello-B1-del-QCER-.pdf\" target=\"_blank\" title=\"\" onclick=\"\">\n\t\tAPRI\t<\/a>\n<\/div>\n<\/div><\/div><\/div><\/div>\n<\/div><\/div><div id=\"descrittori-globali-dei-livelli-di-competenza-del-qcer-mcer\" class=\"kc-elm kc-css-286813 kc_tab ui-tabs-panel kc_ui-tabs-hide kc_clearfix \"><div class=\"kc_tab_content\"><div class=\"kc-elm kc-css-125503 kc_text_block\"><\/p>\n<p><strong>B1 Soglia\u00a0<\/strong><\/p>\n<p>\u00c8 in grado di comprendere i punti essenziali di messaggi chiari in lingua standard su argomenti familiari che affronta regolarmente nel lavoro, nello studio, nel tempo libero, ecc. \u00c8 in grado di affrontare la maggior parte delle situazioni che si possono presentare viaggiando in una regione in cui si parla la lingua in questione. \u00c8 in grado di produrre testi semplici e coerenti su argomenti che gli sono familiari o di interesse personale. \u00c8 in grado di descrivere esperienze e avvenimenti, sogni, speranze e ambizioni e di esporre brevemente ragioni e spiegazioni a sostegno di opinioni e progetti.<\/p>\n<p>\n<\/div><\/div><\/div>\t<\/div>\n<\/div>\n\n\n<div class=\"kc-elm kc-css-473159 kc_text_block\"><\/p>\n<h2>Costo\u00a0 195,00 \u20ac.<\/h2>\n<p>\n<\/div>\n<div class=\"kc-elm kc-css-842104 kc-pro-button kc-button-main\">\n\t<a href=\"https:\/\/smind.mediaform.it\/landingStudent?course=120\">\n\t\t<span class=\"creative_title\">Registrati per Acquistare<\/span>\t<\/a>\n<\/div>\n<div class=\"kc-elm kc-css-992351\" style=\"height: 20px; clear: both; width:100%;\"><\/div>\n<div class=\"kc-elm kc-css-689916 kc-pro-button kc-button-main\">\n\t<a href=\"https:\/\/smind.mediaform.it\/login\">\n\t\t<span class=\"creative_title\">Sei gi\u00e0 registrato<\/span>\t<\/a>\n<\/div>\n<div class=\"kc-elm kc-css-727814\" style=\"height: 20px; clear: both; width:100%;\"><\/div>\n<div class=\"kc-elm kc-css-929522\">\n\t<a class=\"kc_button\" href=\"https:\/\/www.mediaformlanguages.org\/contatti\/\" target=\"_self\" title=\"Diventa un Esaminatore Mediaform\" onclick=\"\">\n\t\tCONTATTACI PER CHIARIMENTI\t<\/a>\n<\/div>\n\n<div class=\"kc-elm kc-css-120093 divider_line\">\n\t<div class=\"divider_inner divider_line1\">\n\t\t\t<\/div>\n<\/div>\n<\/div><\/div><\/div><\/div><\/div><\/div><\/div><\/section>\n","protected":false},"excerpt":{"rendered":"","protected":false},"author":4,"featured_media":0,"parent":0,"menu_order":0,"comment_status":"closed","ping_status":"closed","template":"","meta":{"footnotes":""},"class_list":["post-5730","page","type-page","status-publish","hentry"],"_links":{"self":[{"href":"https:\/\/www.mediaformlanguages.org\/esol\/wp-json\/wp\/v2\/pages\/5730","targetHints":{"allow":["GET"]}}],"collection":[{"href":"https:\/\/www.mediaformlanguages.org\/esol\/wp-json\/wp\/v2\/pages"}],"about":[{"href":"https:\/\/www.mediaformlanguages.org\/esol\/wp-json\/wp\/v2\/types\/page"}],"author":[{"embeddable":true,"href":"https:\/\/www.mediaformlanguages.org\/esol\/wp-json\/wp\/v2\/users\/4"}],"replies":[{"embeddable":true,"href":"https:\/\/www.mediaformlanguages.org\/esol\/wp-json\/wp\/v2\/comments?post=5730"}],"version-history":[{"count":0,"href":"https:\/\/www.mediaformlanguages.org\/esol\/wp-json\/wp\/v2\/pages\/5730\/revisions"}],"wp:attachment":[{"href":"https:\/\/www.mediaformlanguages.org\/esol\/wp-json\/wp\/v2\/media?parent=5730"}],"curies":[{"name":"wp","href":"https:\/\/api.w.org\/{rel}","templated":true}]}}