{"id":5728,"date":"2025-05-09T14:20:15","date_gmt":"2025-05-09T14:20:15","guid":{"rendered":"https:\/\/www.mediaformlanguages.org\/?page_id=5728"},"modified":"2025-12-17T13:19:25","modified_gmt":"2025-12-17T13:19:25","slug":"a2-level-mediaform-d-i-l-e-qualification-su-carta","status":"publish","type":"page","link":"https:\/\/www.mediaformlanguages.org\/esol\/a2-level-mediaform-d-i-l-e-qualification-su-carta\/","title":{"rendered":"A2 Level MEDIAFORM D I L E QUALIFICATION (Cartacea)"},"content":{"rendered":"<p><section class=\"kc-elm kc-css-834370 kc_row\"><div class=\"kc-row-container\"><div class=\"kc-wrap-columns\"><div class=\"kc-elm kc-css-398597 kc_col-sm-12 kc_column kc_col-sm-12\"><div class=\"kc-col-container\"><div class=\"kc-elm kc-css-886744 kc_row kc_row_inner\"><div class=\"kc-elm kc-css-873941 kc_col-sm-12 kc_column_inner kc_col-sm-12\"><div class=\"kc_wrapper kc-col-inner-container\"><div class=\"kc-elm kc-css-659434 kc_row kc_row_inner\"><div class=\"kc-elm kc-css-901765 kc_col-sm-12 kc_column_inner kc_col-sm-12\"><div class=\"kc_wrapper kc-col-inner-container\"><div class=\"kc-elm kc-css-209866 kc_row kc_row_inner\"><div class=\"kc-elm kc-css-182375 kc_col-sm-12 kc_column_inner kc_col-sm-12\"><div class=\"kc_wrapper kc-col-inner-container\">\n<div class=\"kc-elm kc-css-863198 kc-call-to-action kc-cta-2\">\n\n\t<div class=\"kc-cta-desc\"><h2>Differenza tra Esami Online e Esami su Carta \u2013 Diploma De Lengua y Cultura Espa\u00f1ola (DILE)<\/h2><div class=\"kc-cta-text\">Differenza tra Esami Online e Esami su Carta \u2013 Diploma De Lengua y Cultura Espa\u00f1ola (DILE)\r\nGli esami offerti da Mediaform per il conseguimento del Diploma De Lengua y Cultura Espa\u00f1ola (DILE) sono progettati per garantire un'elevata qualit\u00e0 della valutazione, indipendentemente dalla modalit\u00e0 scelta per il loro svolgimento.\r\nLa principale differenza tra gli esami online e gli esami su carta riguarda esclusivamente il supporto utilizzato:\r\n\r\nEsami online: si svolgono al computer, tramite una piattaforma digitale sicura e intuitiva, dove i candidati rispondono direttamente alle domande sul dispositivo.\r\n\r\nEsami su carta: seguono il formato tradizionale, con risposte scritte manualmente su supporto cartaceo.\r\n\r\n\u00c8 fondamentale sottolineare che il contenuto e la struttura degli esami DILE rimangono invariati in entrambe le modalit\u00e0. La valutazione delle competenze linguistiche si basa sugli stessi standard rigorosi, assicurando coerenza, equit\u00e0 e accuratezza.\r\n\r\nIndipendentemente dal formato scelto, gli studenti possono contare su un sistema di esame che garantisce trasparenza, integrit\u00e0 e affidabilit\u00e0 nella misurazione delle competenze nella lingua e cultura spagnola.<\/div><\/div>\n<\/div>\n<div class=\"kc-elm kc-css-215874\" style=\"height: 20px; clear: both; width:100%;\"><\/div><\/div><\/div><\/div>\n<div class=\"kc-elm kc-css-846579 kc-call-to-action kc-cta-2 kc-is-button\">\n\n\t<div class=\"kc-cta-desc\"><h2>PROTOCOLLO D:apos:ESAME<\/h2><div class=\"kc-cta-text\">Importante prendere visione del protocollo d'esame<\/div><\/div><div class=\"kc-cta-button\"><a href=\"https:\/\/www.mediaformlanguages.org\/wp-content\/uploads\/2024\/07\/MEDIAFORM-D-I-L-E_PROTOCOLLO-ESAME-r-1.pdf\" target=\"_blank\">Regole, procedure e protocolli per gli esami DILE su carta<\/a><\/div>\n<\/div>\n<div class=\"kc-elm kc-css-189852\" style=\"height: 20px; clear: both; width:100%;\"><\/div><div class=\"kc-elm kc-css-875980 kc_text_block\"><\/p>\n<p>\nPRENDI ANCHE VISIONE DEI NOSTRI ESAMI E REGOLAMENTI<\/p>\n<p>\n<\/div><div class=\"kc-elm kc-css-323121 kc_row kc_row_inner\"><div class=\"kc-elm kc-css-802148 kc_col-sm-12 kc_column_inner kc_col-sm-12\"><div class=\"kc_wrapper kc-col-inner-container\"><div class=\"kc-elm kc-css-469084 kc_row kc_row_inner\"><div class=\"kc-elm kc-css-746188 kc_col-of-5 kc_column_inner kc_col-of-5\"><div class=\"kc_wrapper kc-col-inner-container\">\r\n\t\t\t<div class=\"kc-elm kc-css-82944 kc-creative-links\">\r\n\t\t\t\t<div class=\"kc-cl cl-effect-8\">\r\n\t\t\t\t\t\r\n\t\t\t\t\t\t<a class=\"cl-text\" href=\"https:\/\/www.mediaformlanguages.org\/wp-content\/uploads\/2024\/07\/D-I-L-E-DESCRIPCION-GENERAL-DE-CADA-NIVEL.pdf\" target=\"_blank\" title=\"PANORAMICA ESAMI DILE\" data-hover=\"PANORAMICA ESAMI MEDIAFORM DILE\">\r\n\t\t\t\t\t\t\t<span data-hover=\"PANORAMICA ESAMI MEDIAFORM DILE\"> <i class=\"mn-icon-345\"><\/i> PANORAMICA ESAMI MEDIAFORM DILE<\/span>\r\n\t\t\t\t\t\t<\/a>\r\n\r\n\t\t\t\t\t\t\t\t\t<\/div>\r\n\t\t\t<\/div>\r\n\r\n\t\t<div class=\"kc-elm kc-css-772936\" style=\"height: 20px; clear: both; width:100%;\"><\/div>\r\n\t\t\t<div class=\"kc-elm kc-css-345225 kc-creative-links\">\r\n\t\t\t\t<div class=\"kc-cl cl-effect-8\">\r\n\t\t\t\t\t\r\n\t\t\t\t\t\t<a class=\"cl-text\" href=\"https:\/\/www.mediaformlanguages.org\/wp-content\/uploads\/2024\/07\/MEDIAFORM_D-I-L-E-ESCALA-MCER.pdf\" target=\"_blank\" title=\"SCALA QUALIFICHE DILE\" data-hover=\"SCALA DELLE QUALIFICHE MEDIAFORM DILE QCER\">\r\n\t\t\t\t\t\t\t<span data-hover=\"SCALA DELLE QUALIFICHE MEDIAFORM DILE QCER\"> <i class=\"mn-icon-345\"><\/i> SCALA DELLE QUALIFICHE MEDIAFORM DILE QCER<\/span>\r\n\t\t\t\t\t\t<\/a>\r\n\r\n\t\t\t\t\t\t\t\t\t<\/div>\r\n\t\t\t<\/div>\r\n\r\n\t\t<div class=\"kc-elm kc-css-912802\" style=\"height: 20px; clear: both; width:100%;\"><\/div>\r\n\t\t\t<div class=\"kc-elm kc-css-374091 kc-creative-links\">\r\n\t\t\t\t<div class=\"kc-cl cl-effect-8\">\r\n\t\t\t\t\t\r\n\t\t\t\t\t\t<a class=\"cl-text\" href=\"https:\/\/www.mediaformlanguages.org\/wp-content\/uploads\/2024\/07\/PROCEDURE-SORVEGLIANZA-AGLI-ESAMI-D-I-L-E.pdf\" target=\"_blank\" title=\"SORVEGLIANZA AGLI ESAMI DILE\" data-hover=\"SORVEGLIANZA AGLI ESAMI DILE\">\r\n\t\t\t\t\t\t\t<span data-hover=\"SORVEGLIANZA AGLI ESAMI DILE\"> <i class=\"mn-icon-345\"><\/i> SORVEGLIANZA AGLI ESAMI DILE<\/span>\r\n\t\t\t\t\t\t<\/a>\r\n\r\n\t\t\t\t\t\t\t\t\t<\/div>\r\n\t\t\t<\/div>\r\n\r\n\t\t<div class=\"kc-elm kc-css-414154\" style=\"height: 20px; clear: both; width:100%;\"><\/div>\r\n\t\t\t<div class=\"kc-elm kc-css-828602 kc-creative-links\">\r\n\t\t\t\t<div class=\"kc-cl cl-effect-8\">\r\n\t\t\t\t\t\r\n\t\t\t\t\t\t<a class=\"cl-text\" href=\"https:\/\/www.mediaformlanguages.org\/prezzi-carta\/\" target=\"_blank\" title=\"COSTI MEDIAFORM DILE :quot:Diploma De Lengua Y Cultura Espa\u00f1ola:quot: SU CARTA\" data-hover=\"COSTI MEDIAFORM DILE :quot:Diploma De Lengua Y Cultura Espa\u00f1ola:quot: SU CARTA\">\r\n\t\t\t\t\t\t\t<span data-hover=\"COSTI MEDIAFORM DILE :quot:Diploma De Lengua Y Cultura Espa\u00f1ola:quot: SU CARTA\"> <i class=\"mn-icon-345\"><\/i> COSTI MEDIAFORM DILE :quot:Diploma De Lengua Y Cultura Espa\u00f1ola:quot: SU CARTA<\/span>\r\n\t\t\t\t\t\t<\/a>\r\n\r\n\t\t\t\t\t\t\t\t\t<\/div>\r\n\t\t\t<\/div>\r\n\r\n\t\t<div class=\"kc-elm kc-css-654558\" style=\"height: 20px; clear: both; width:100%;\"><\/div>\r\n\t\t\t<div class=\"kc-elm kc-css-624283 kc-creative-links\">\r\n\t\t\t\t<div class=\"kc-cl cl-effect-8\">\r\n\t\t\t\t\t\r\n\t\t\t\t\t\t<a class=\"cl-text\" href=\"https:\/\/www.mediaformlanguages.org\/video-tutorial-que-es-el-dile\/\" target=\"_blank\" title=\"\" data-hover=\"VIDEO TUTORIAL DILE \">\r\n\t\t\t\t\t\t\t<span data-hover=\"VIDEO TUTORIAL DILE \"> <i class=\"mn-icon-345\"><\/i> VIDEO TUTORIAL DILE <\/span>\r\n\t\t\t\t\t\t<\/a>\r\n\r\n\t\t\t\t\t\t\t\t\t<\/div>\r\n\t\t\t<\/div>\r\n\r\n\t\t<\/div><\/div><div class=\"kc-elm kc-css-953990 kc_col-sm-3 kc_column_inner kc_col-sm-3\"><div class=\"kc_wrapper kc-col-inner-container\">\r\n\t\t\t<div class=\"kc-elm kc-css-82027 kc-creative-links\">\r\n\t\t\t\t<div class=\"kc-cl cl-effect-8\">\r\n\t\t\t\t\t\r\n\t\t\t\t\t\t<a class=\"cl-text\" href=\"https:\/\/www.mediaformlanguages.org\/wp-content\/uploads\/2025\/04\/SCHEDA-CONFORMITA-OBIETTIVI-DILE-LIVELLI-QCER_rev.pdf\" target=\"_self\" title=\"SCHEMA DI CONFORMITA:apos: OBIETTIVI DILE\" data-hover=\"SCHEMA DI CONFORMIT\u00c0 DEGLI OBIETTIVI LINGUISTICI\">\r\n\t\t\t\t\t\t\t<span data-hover=\"SCHEMA DI CONFORMIT\u00c0 DEGLI OBIETTIVI LINGUISTICI\"> <i class=\"mn-icon-345\"><\/i> SCHEMA DI CONFORMIT\u00c0 DEGLI OBIETTIVI LINGUISTICI<\/span>\r\n\t\t\t\t\t\t<\/a>\r\n\r\n\t\t\t\t\t\t\t\t\t<\/div>\r\n\t\t\t<\/div>\r\n\r\n\t\t<div class=\"kc-elm kc-css-524419\" style=\"height: 20px; clear: both; width:100%;\"><\/div>\r\n\t\t\t<div class=\"kc-elm kc-css-363213 kc-creative-links\">\r\n\t\t\t\t<div class=\"kc-cl cl-effect-8\">\r\n\t\t\t\t\t\r\n\t\t\t\t\t\t<a class=\"cl-text\" href=\"https:\/\/www.mediaformlanguages.org\/wp-content\/uploads\/2024\/07\/DILE-schema-griglia-di-autovalutazione.pdf\" target=\"_blank\" title=\"GRIGLIA DI AUTOVALUTAZIONE\" data-hover=\"GRIGLIA DI AUTOVALUTAZIONE\">\r\n\t\t\t\t\t\t\t<span data-hover=\"GRIGLIA DI AUTOVALUTAZIONE\"> <i class=\"mn-icon-345\"><\/i> GRIGLIA DI AUTOVALUTAZIONE<\/span>\r\n\t\t\t\t\t\t<\/a>\r\n\r\n\t\t\t\t\t\t\t\t\t<\/div>\r\n\t\t\t<\/div>\r\n\r\n\t\t<div class=\"kc-elm kc-css-102335\" style=\"height: 20px; clear: both; width:100%;\"><\/div>\r\n\t\t\t<div class=\"kc-elm kc-css-223321 kc-creative-links\">\r\n\t\t\t\t<div class=\"kc-cl cl-effect-8\">\r\n\t\t\t\t\t\r\n\t\t\t\t\t\t<a class=\"cl-text\" href=\"https:\/\/www.mediaformlanguages.org\/wp-content\/uploads\/2025\/05\/Regolamento-del-Candidato-Mediaform-DILE.pdf\" target=\"_blank\" title=\"REGOLAMENTO DEL CANDIDATO DILE\" data-hover=\"REGOLAMENTO DEL CANDIDATO MEDIAFORM DILE  :quot:DIPLOMA DE LENGUA Y CULTURA ESPA\u00d1OLA:quot:\">\r\n\t\t\t\t\t\t\t<span data-hover=\"REGOLAMENTO DEL CANDIDATO MEDIAFORM DILE  :quot:DIPLOMA DE LENGUA Y CULTURA ESPA\u00d1OLA:quot:\"> <i class=\"mn-icon-345\"><\/i> REGOLAMENTO DEL CANDIDATO MEDIAFORM DILE  :quot:DIPLOMA DE LENGUA Y CULTURA ESPA\u00d1OLA:quot:<\/span>\r\n\t\t\t\t\t\t<\/a>\r\n\r\n\t\t\t\t\t\t\t\t\t<\/div>\r\n\t\t\t<\/div>\r\n\r\n\t\t<div class=\"kc-elm kc-css-387547\" style=\"height: 20px; clear: both; width:100%;\"><\/div><\/div><\/div><div class=\"kc-elm kc-css-712491 kc_col-sm-3 kc_column_inner kc_col-sm-3\"><div class=\"kc_wrapper kc-col-inner-container\"><\/div><\/div><div class=\"kc-elm kc-css-119309 kc_col-sm-3 kc_column_inner kc_col-sm-3\"><div class=\"kc_wrapper kc-col-inner-container\"><div class=\"kc-elm kc-css-691612 kc_shortcode kc_single_image\">\n\n        <img decoding=\"async\" src=\"https:\/\/www.mediaformlanguages.org\/esol\/wp-content\/uploads\/2024\/06\/logo-D-I-L-E-registrato.jpg\" class=\"\" alt=\"\" \/>    <\/div>\n<\/div><\/div><\/div><\/div><\/div><\/div>\n<div class=\"kc-elm kc-css-152702 divider_line\">\n\t<div class=\"divider_inner divider_line1\">\n\t\t\t<\/div>\n<\/div>\n<\/div><\/div><\/div><\/div><\/div><\/div><div class=\"kc-elm kc-css-80741 kc_row kc_row_inner\"><div class=\"kc-elm kc-css-499192 kc_col-sm-12 kc_column_inner kc_col-sm-12\"><div class=\"kc_wrapper kc-col-inner-container\"><\/div><\/div><\/div><\/div><\/div><\/div><\/div><\/section><section class=\"kc-elm kc-css-402284 kc_row\"><div class=\"kc-row-container\"><div class=\"kc-wrap-columns\"><div class=\"kc-elm kc-css-179494 kc_col-sm-12 kc_column kc_col-sm-12\"><div class=\"kc-col-container\"><div class=\"kc-elm kc-css-251479 kc_row kc_row_inner\"><div class=\"kc-elm kc-css-393385 kc_col-sm-12 kc_column_inner kc_col-sm-12\"><div class=\"kc_wrapper kc-col-inner-container\"><div class=\"kc-elm kc-css-279345 kc-feature-boxes kc-fb-layout-2\">\n\n\t<div class=\"content-title\">MEDIAFORM E.Q.I.A. \u2013 DILE Nivel B\u00e1sico \u2013 QCER A2<\/div><div class=\"content-desc\">MEDIAFORM E.Q.I.A. \u2013 DILE Nivel B\u00e1sico \u2013 QCER A2 \u2013 PAPER BASED.DURATA ESAME 2 ORE E 40 MINUTI<\/div>\n<\/div>\n<div data-open-on-mouseover=\"\" data-tab-active=\"1\" data-effect-option=\"\" class=\"kc-elm kc-css-604574 kc_tabs group\">\n\t<div class=\"kc_wrapper ui-tabs kc_clearfix\">\n\t\t<ul class=\"kc_tabs_nav ui-tabs-nav kc_clearfix\">\n\t\t\t<li><a href=\"#\" data-prevent=\"scroll\">DESCRIZIONE<\/a><\/li><li><a href=\"#\" data-prevent=\"scroll\">COMPRENSIONE ORALE<\/a><\/li><li><a href=\"#\" data-prevent=\"scroll\">COMPRENSIONE SCRITTA<\/a><\/li><li><a href=\"#\" data-prevent=\"scroll\">TEST DI PRODUZIONE SCRITTA<\/a><\/li><li><a href=\"#\" data-prevent=\"scroll\">ESPRESSIONE ORALE<\/a><\/li><li><a href=\"#\" data-prevent=\"scroll\"><i class=\"mn-icon-41\"><\/i> MEDIAFORM E.Q.I.A. \u2013 Guida ai Risultati delle Certificazioni DILE<\/a><\/li><li><a href=\"#\" data-prevent=\"scroll\"><i class=\"mn-icon-3\"><\/i> Risultati e Consegna del Certificato<\/a><\/li><li><a href=\"#\" data-prevent=\"scroll\"><i class=\"mn-icon-41\"><\/i> Esempio di certificato<\/a><\/li><li><a href=\"#\" data-prevent=\"scroll\">Descrittori globali dei livelli di competenza del QCER\/MCER<\/a><\/li>\t\t<\/ul>\n\t\t<div id=\"descrizione\" class=\"kc-elm kc-css-189904 kc_tab ui-tabs-panel kc_ui-tabs-hide kc_clearfix \"><div class=\"kc_tab_content\"><div class=\"kc-elm kc-css-377342 kc_text_block\"><\/p>\n<p class=\"\" data-start=\"151\" data-end=\"344\">L&#039;esame per ottenere la certificazione<strong data-start=\"151\" data-end=\"256\"> MEDIAFORM E.Q.I.A. DILE Livello Base \u2013 QCER A2<\/strong> \u00e8 suddiviso in<strong> 4 prove<\/strong>, corrispondenti alle diverse competenze richieste dal QCER.<\/p>\n<p class=\"\" data-start=\"346\" data-end=\"463\"><strong data-start=\"346\" data-end=\"380\">Prova 1: Comprensione Auditiva<\/strong><br data-start=\"380\" data-end=\"383\" \/>I candidati affronteranno esercizi di comprensione orale adeguati al livello A2.<\/p>\n<p class=\"\" data-start=\"465\" data-end=\"656\"><strong data-start=\"465\" data-end=\"523\">Prova 2: Comprensione della Lettura e Uso della Lingua<\/strong><br data-start=\"523\" data-end=\"526\" \/>In questa prova si valuteranno la comprensione di testi scritti complessi e l\u2019uso appropriato della lingua in contesti articolati.<\/p>\n<p class=\"\" data-start=\"658\" data-end=\"805\"><strong data-start=\"658\" data-end=\"690\">Prova 3: Espressione Scritta<\/strong><br data-start=\"690\" data-end=\"693\" \/>I candidati dovranno produrre testi scritti ben strutturati, coerenti e argomentati, in linea con il livello A2.<\/p>\n<p class=\"\" data-start=\"807\" data-end=\"995\"><strong data-start=\"807\" data-end=\"851\">Prova 4: Espressione e Interazione Orale<\/strong><br data-start=\"851\" data-end=\"854\" \/>La prova finale consiste in un colloquio orale per valutare la capacit\u00e0 di esprimersi con scioltezza e interagire in modo efficace in lingua.<\/p>\n<p class=\"\" data-start=\"997\" data-end=\"1158\">Per ciascuna prova, i candidati troveranno esercizi specifici volti a valutare le competenze richieste dal QCER per il livello di certificazione desiderato.<\/p>\n<p>\n<\/div><div data-closeall=\"true\" class=\"kc-elm kc-css-528505 kc_accordion_wrapper\">\n<div class=\"kc-elm kc-css-640960 kc_accordion_section group \"><h3 class=\"kc_accordion_header ui-accordion-header\"><span class=\"ui-accordion-header-icon ui-icon\"><\/span><a href=\"#apri-schema-di-conformita-degli-obiettivi-linguistici-livello-a2\" data-prevent=\"scroll\"><i class=\"fa-star\"><\/i> Apri-Schema di Conformit\u00e0 degli Obiettivi Linguistici - Livello A2<\/a><\/h3><div class=\"kc_accordion_content ui-accordion-content kc_clearfix\"><div class=\"kc-panel-body\">\n<div class=\"kc-elm kc-css-497062\">\n\t<a class=\"kc_button\" href=\"https:\/\/www.mediaformlanguages.org\/wp-content\/uploads\/2025\/04\/A2-CONFORMITA-DILE.pdf\" target=\"_self\" title=\"\" onclick=\"\">\n\t\tClicca per visualizzare il documento\t<\/a>\n<\/div>\n<\/div><\/div><\/div><\/div>\n<\/div><\/div><div id=\"comprensione-orale\" class=\"kc-elm kc-css-405518 kc_tab ui-tabs-panel kc_ui-tabs-hide kc_clearfix \"><div class=\"kc_tab_content\"><div class=\"kc-elm kc-css-911922 kc_text_block\"><\/p>\n<p class=\"\" data-start=\"90\" data-end=\"178\"><strong data-start=\"90\" data-end=\"142\">PROVA 1: Comprensione Auditiva \u2013 LIVELLO A2 QCER<\/strong><br data-start=\"142\" data-end=\"145\" \/><strong data-start=\"145\" data-end=\"178\">Durata della prova: 30 minuti<\/strong><\/p>\n<p class=\"\" data-start=\"180\" data-end=\"564\">In questa PROVA, ai candidati sar\u00e0 richiesto di ascoltare le registrazioni proposte e rispondere alle domande relative agli esercizi, al fine di valutare le competenze corrispondenti al livello A2 del QCER. Il candidato trover\u00e0 le istruzioni per ciascun esercizio da svolgere. Ogni esercizio potr\u00e0 essere svolto una sola volta, ma le registrazioni potranno essere ascoltate due volte.<\/p>\n<p class=\"\" data-start=\"566\" data-end=\"734\">La PROVA di Comprensione Auditiva vale un massimo di <strong data-start=\"619\" data-end=\"638\">25 punti su 100<\/strong> per il conseguimento della certificazione <strong data-start=\"681\" data-end=\"733\">MEDIAFORM E.Q.I.A. DILE \u2013 Livello Base \u2013 QCER A2<\/strong>.<\/p>\n<p>\n<\/div><\/div><\/div><div id=\"comprensione-scritta\" class=\"kc-elm kc-css-103405 kc_tab ui-tabs-panel kc_ui-tabs-hide kc_clearfix \"><div class=\"kc_tab_content\"><div class=\"kc-elm kc-css-437030 kc_text_block\"><\/p>\n<p class=\"\" data-start=\"48\" data-end=\"160\"><strong data-start=\"48\" data-end=\"124\">PROVA 2: Comprensione della Lettura e Uso della Lingua \u2013 LIVELLO A2 QCER<\/strong><br data-start=\"124\" data-end=\"127\" \/><strong data-start=\"127\" data-end=\"160\">Durata della prova: 60 minuti<\/strong><\/p>\n<p class=\"\" data-start=\"162\" data-end=\"453\">In questa PROVA, ai candidati sar\u00e0 richiesto di completare esercizi di grammatica e comprensione scritta per valutare le competenze corrispondenti al livello A2 del QCER. Il candidato trover\u00e0 le istruzioni per ciascun esercizio da svolgere. Ogni esercizio potr\u00e0 essere svolto una sola volta.<\/p>\n<p class=\"\" data-start=\"455\" data-end=\"647\">La PROVA di Comprensione della Lettura e Uso della Lingua vale un massimo di <strong data-start=\"532\" data-end=\"551\">25 punti su 100<\/strong> per il conseguimento della certificazione <strong data-start=\"594\" data-end=\"646\">MEDIAFORM E.Q.I.A. DILE \u2013 Livello Base \u2013 QCER A2<\/strong>.<\/p>\n<p>\n<\/div><\/div><\/div><div id=\"test-di-produzione-scritta\" class=\"kc-elm kc-css-183334 kc_tab ui-tabs-panel kc_ui-tabs-hide kc_clearfix \"><div class=\"kc_tab_content\"><div class=\"kc-elm kc-css-612920 kc_text_block\"><\/p>\n<p class=\"\" data-start=\"65\" data-end=\"151\"><strong data-start=\"65\" data-end=\"115\">PROVA 3: Espressione Scritta \u2013 LIVELLO A2 QCER<\/strong><br data-start=\"115\" data-end=\"118\" \/><strong data-start=\"118\" data-end=\"151\">Durata della prova: 60 minuti<\/strong><\/p>\n<p class=\"\" data-start=\"153\" data-end=\"481\">In questa PROVA, ai candidati verr\u00e0 richiesto di scegliere 2 delle 4 opzioni proposte per valutare le competenze corrispondenti al livello A2 del QCER. Il candidato trover\u00e0 le istruzioni per ciascun esercizio da svolgere. Ogni esercizio potr\u00e0 essere svolto una sola volta, ma le registrazioni possono essere ascoltate due volte.<\/p>\n<p class=\"\" data-start=\"483\" data-end=\"649\">La PROVA di Espressione Scritta vale un massimo di <strong data-start=\"534\" data-end=\"553\">25 punti su 100<\/strong> per il conseguimento della certificazione <strong data-start=\"596\" data-end=\"648\">MEDIAFORM E.Q.I.A. DILE \u2013 Livello Base \u2013 QCER A2<\/strong>.<\/p>\n<p class=\"\" data-start=\"651\" data-end=\"717\">In questa sezione, ogni compito vale un massimo di <strong data-start=\"702\" data-end=\"716\">12,5 punti<\/strong>.<\/p>\n<p>\n<\/div><\/div><\/div><div id=\"espressione-orale\" class=\"kc-elm kc-css-849873 kc_tab ui-tabs-panel kc_ui-tabs-hide kc_clearfix \"><div class=\"kc_tab_content\"><div class=\"kc-elm kc-css-523406 kc_text_block\"><\/p>\n<p class=\"\" data-start=\"56\" data-end=\"154\"><strong data-start=\"56\" data-end=\"118\">PROVA 4: Espressione e Interazione Orale \u2013 LIVELLO A2 QCER<\/strong><br data-start=\"118\" data-end=\"121\" \/><strong data-start=\"121\" data-end=\"154\">Durata della prova: 10 minuti<\/strong><\/p>\n<p class=\"\" data-start=\"156\" data-end=\"319\">In questa PROVA, ai candidati verr\u00e0 chiesto di rispondere alle domande formulate dall&#039;esaminatore per valutare le competenze corrispondenti al livello A2 del QCER.<\/p>\n<p class=\"\" data-start=\"321\" data-end=\"499\">La PROVA di Espressione e Interazione Orale vale un massimo di <strong data-start=\"384\" data-end=\"403\">25 punti su 100<\/strong> per il conseguimento della certificazione <strong data-start=\"446\" data-end=\"498\">MEDIAFORM E.Q.I.A. DILE \u2013 Livello Base \u2013 QCER A2<\/strong>.<\/p>\n<p class=\"\" data-start=\"501\" data-end=\"615\">In questa sezione, il compito 1 vale un massimo di <strong data-start=\"552\" data-end=\"565\">7,5 punti<\/strong> e il compito 2 vale un massimo di <strong data-start=\"600\" data-end=\"614\">17,5 punti<\/strong>.<\/p>\n<p>\n<\/div><\/div><\/div><div id=\"mediaform-e-q-i-a-guida-ai-risultati-delle-certificazioni-dile\" class=\"kc-elm kc-css-848308 kc_tab ui-tabs-panel kc_ui-tabs-hide kc_clearfix \"><div class=\"kc_tab_content\"><div class=\"kc-elm kc-css-178026 kc_text_block\"><\/p>\n<p>In questa guida trovi tutte le informazioni sui risultati degli esami DILE. Clicca sotto per leggere i dettagli<\/p>\n<p>\n<\/div><div data-closeall=\"true\" class=\"kc-elm kc-css-535088 kc_accordion_wrapper\">\n<div class=\"kc-elm kc-css-845263 kc_accordion_section group \"><h3 class=\"kc_accordion_header ui-accordion-header\"><span class=\"ui-accordion-header-icon ui-icon\"><\/span><a href=\"#guida-ai-risultati\" data-prevent=\"scroll\"><i class=\"\"><\/i> Guida ai Risultati<\/a><\/h3><div class=\"kc_accordion_content ui-accordion-content kc_clearfix\"><div class=\"kc-panel-body\">\n<div class=\"kc-elm kc-css-518169\">\n\t<a class=\"kc_button\" href=\"https:\/\/www.mediaformlanguages.org\/wp-content\/uploads\/2024\/07\/GUIA-DE-RESULTADOS.pdf\" target=\"_blank\" title=\"\" onclick=\"\">\n\t\t<i class=\"mn-icon-41\"><\/i> APRI\t<\/a>\n<\/div>\n<\/div><\/div><\/div><\/div>\n<\/div><\/div><div id=\"risultati-e-consegna-del-certificato\" class=\"kc-elm kc-css-464398 kc_tab ui-tabs-panel kc_ui-tabs-hide kc_clearfix \"><div class=\"kc_tab_content\"><div class=\"kc-elm kc-css-43139 kc_text_block\"><\/p>\n<p class=\"\" data-start=\"38\" data-end=\"256\">I risultati saranno disponibili entro 10 giorni lavorativi dalla data dell&#039;esame e saranno inseriti nella piattaforma del candidato o nel MAC Test Center, dove sar\u00e0 possibile scaricare il certificato dei risultati.<\/p>\n<p class=\"\" data-start=\"258\" data-end=\"507\">Il certificato cartaceo sar\u00e0 inviato al Mediaform MAC Center presso il quale il candidato ha sostenuto l\u2019esame e sar\u00e0 consegnato al candidato entro 30 giorni dal superamento dell\u2019esame. Il candidato pu\u00f2 decidere di riceverlo direttamente a casa.<\/p>\n<p>\n<\/div><\/div><\/div><div id=\"esempio-di-certificato\" class=\"kc-elm kc-css-528994 kc_tab ui-tabs-panel kc_ui-tabs-hide kc_clearfix \"><div class=\"kc_tab_content\"><div data-closeall=\"true\" class=\"kc-elm kc-css-612706 kc_accordion_wrapper\">\n<div class=\"kc-elm kc-css-462556 kc_accordion_section group \"><h3 class=\"kc_accordion_header ui-accordion-header\"><span class=\"ui-accordion-header-icon ui-icon\"><\/span><a href=\"#clicca-per-visualizzare-un-esempio-del-certificato-fronte-e-retro\" data-prevent=\"scroll\"><i class=\"mn-icon-3\"><\/i> Clicca per visualizzare un esempio del certificato (fronte e retro)<\/a><\/h3><div class=\"kc_accordion_content ui-accordion-content kc_clearfix\"><div class=\"kc-panel-body\">\n<div class=\"kc-elm kc-css-693564\">\n\t<a class=\"kc_button Facsimile Certificate A1 \" href=\"https:\/\/www.mediaformlanguages.org\/wp-content\/uploads\/2024\/07\/certificato-fronte-retro-livello-A1-del-QCER-.pdf\" target=\"_blank\" title=\"\" onclick=\"\">\n\t\t<i class=\"mn-icon-41\"><\/i> Clicca per visualizzare il documento\t<\/a>\n<\/div>\n<\/div><\/div><\/div><\/div>\n<\/div><\/div><div id=\"descrittori-globali-dei-livelli-di-competenza-del-qcer-mcer\" class=\"kc-elm kc-css-857809 kc_tab ui-tabs-panel kc_ui-tabs-hide kc_clearfix \"><div class=\"kc_tab_content\"><div class=\"kc-elm kc-css-442686 kc_text_block\"><\/p>\n<p><strong>A2 Sopravvivenza\u00a0<\/strong><\/p>\n<p>\u00c8 in grado di comprendere frasi isolate ed espressioni di uso frequente relative ad ambiti di immediata rilevanza (ad esempio informazioni personali e familiari di base, acquisti, geografia locale, lavoro). \u00c8 in grado di comunicare in attivit\u00e0 semplici e di routine che richiedono solo uno scambio di informazioni semplice e diretto su argomenti familiari e abituali. \u00c8 in grado di descrivere in termini semplici aspetti del proprio vissuto, del proprio ambiente immediato e di elementi che si riferiscono a bisogni immediati.<\/p>\n<p>\n<\/div><\/div><\/div>\t<\/div>\n<\/div>\n\n\n<div class=\"kc-elm kc-css-346347 kc_text_block\"><\/p>\n<h2>Costo\u00a0 160,00 \u20ac.<\/h2>\n<p>\n<\/div>\n<div class=\"kc-elm kc-css-405511 kc-pro-button kc-button-main\">\n\t<a href=\"https:\/\/smind.mediaform.it\/landingStudent?course=121\">\n\t\t<span class=\"creative_title\">Registrati per Acquistare<\/span>\t<\/a>\n<\/div>\n<div class=\"kc-elm kc-css-623917\" style=\"height: 20px; clear: both; width:100%;\"><\/div>\n<div class=\"kc-elm kc-css-568632 kc-pro-button kc-button-main\">\n\t<a href=\"https:\/\/smind.mediaform.it\/login\">\n\t\t<span class=\"creative_title\">Sei gi\u00e0 registrato<\/span>\t<\/a>\n<\/div>\n<div class=\"kc-elm kc-css-795748\" style=\"height: 20px; clear: both; width:100%;\"><\/div>\n<div class=\"kc-elm kc-css-491647\">\n\t<a class=\"kc_button\" href=\"https:\/\/www.mediaformlanguages.org\/contatti\/\" target=\"_self\" title=\"Diventa un Esaminatore Mediaform\" onclick=\"\">\n\t\tCONTATTACI PER CHIARIMENTI\t<\/a>\n<\/div>\n\n<div class=\"kc-elm kc-css-336158 divider_line\">\n\t<div class=\"divider_inner divider_line1\">\n\t\t\t<\/div>\n<\/div>\n<\/div><\/div><\/div><\/div><\/div><\/div><\/div><\/section><\/p>\n","protected":false},"excerpt":{"rendered":"","protected":false},"author":4,"featured_media":0,"parent":0,"menu_order":0,"comment_status":"closed","ping_status":"closed","template":"","meta":{"footnotes":""},"class_list":["post-5728","page","type-page","status-publish","hentry"],"_links":{"self":[{"href":"https:\/\/www.mediaformlanguages.org\/esol\/wp-json\/wp\/v2\/pages\/5728","targetHints":{"allow":["GET"]}}],"collection":[{"href":"https:\/\/www.mediaformlanguages.org\/esol\/wp-json\/wp\/v2\/pages"}],"about":[{"href":"https:\/\/www.mediaformlanguages.org\/esol\/wp-json\/wp\/v2\/types\/page"}],"author":[{"embeddable":true,"href":"https:\/\/www.mediaformlanguages.org\/esol\/wp-json\/wp\/v2\/users\/4"}],"replies":[{"embeddable":true,"href":"https:\/\/www.mediaformlanguages.org\/esol\/wp-json\/wp\/v2\/comments?post=5728"}],"version-history":[{"count":0,"href":"https:\/\/www.mediaformlanguages.org\/esol\/wp-json\/wp\/v2\/pages\/5728\/revisions"}],"wp:attachment":[{"href":"https:\/\/www.mediaformlanguages.org\/esol\/wp-json\/wp\/v2\/media?parent=5728"}],"curies":[{"name":"wp","href":"https:\/\/api.w.org\/{rel}","templated":true}]}}