{"id":5702,"date":"2025-05-09T13:48:22","date_gmt":"2025-05-09T13:48:22","guid":{"rendered":"https:\/\/www.mediaformlanguages.org\/?page_id=5702"},"modified":"2025-12-17T13:06:07","modified_gmt":"2025-12-17T13:06:07","slug":"c2-level-mediaform-dile-qualification-online-3","status":"publish","type":"page","link":"https:\/\/www.mediaformlanguages.org\/esol\/c2-level-mediaform-dile-qualification-online-3\/","title":{"rendered":"C2 Level \u2013 MEDIAFORM DILE Qualification (Online)"},"content":{"rendered":"<section class=\"kc-elm kc-css-860301 kc_row\"><div class=\"kc-row-container\"><div class=\"kc-wrap-columns\"><div class=\"kc-elm kc-css-246096 kc_col-sm-12 kc_column kc_col-sm-12\"><div class=\"kc-col-container\"><div class=\"kc-elm kc-css-224386 kc_row kc_row_inner\"><div class=\"kc-elm kc-css-30263 kc_col-sm-12 kc_column_inner kc_col-sm-12\"><div class=\"kc_wrapper kc-col-inner-container\"><div class=\"kc-elm kc-css-606547 kc_row kc_row_inner\"><div class=\"kc-elm kc-css-904753 kc_col-sm-12 kc_column_inner kc_col-sm-12\"><div class=\"kc_wrapper kc-col-inner-container\"><div class=\"kc-elm kc-css-906257 kc_row kc_row_inner\"><div class=\"kc-elm kc-css-179563 kc_col-sm-12 kc_column_inner kc_col-sm-12\"><div class=\"kc_wrapper kc-col-inner-container\">\n<div class=\"kc-elm kc-css-400327 kc-call-to-action kc-cta-2\">\n\n\t<div class=\"kc-cta-desc\"><h2>Differenza tra Esami Online e Esami su Carta \u2013 Diploma De Lengua y Cultura Espa\u00f1ola (DILE)<\/h2><div class=\"kc-cta-text\">Differenza tra Esami Online e Esami su Carta \u2013 Diploma De Lengua y Cultura Espa\u00f1ola (DILE)\r\nGli esami offerti da Mediaform per il conseguimento del Diploma De Lengua y Cultura Espa\u00f1ola (DILE) sono progettati per garantire un'elevata qualit\u00e0 della valutazione, indipendentemente dalla modalit\u00e0 scelta per il loro svolgimento.\r\nLa principale differenza tra gli esami online e gli esami su carta riguarda esclusivamente il supporto utilizzato:\r\n\r\nEsami online: si svolgono al computer, tramite una piattaforma digitale sicura e intuitiva, dove i candidati rispondono direttamente alle domande sul dispositivo.\r\n\r\nEsami su carta: seguono il formato tradizionale, con risposte scritte manualmente su supporto cartaceo.\r\n\r\n\u00c8 fondamentale sottolineare che il contenuto e la struttura degli esami DILE rimangono invariati in entrambe le modalit\u00e0. La valutazione delle competenze linguistiche si basa sugli stessi standard rigorosi, assicurando coerenza, equit\u00e0 e accuratezza.\r\n\r\nIndipendentemente dal formato scelto, gli studenti possono contare su un sistema di esame che garantisce trasparenza, integrit\u00e0 e affidabilit\u00e0 nella misurazione delle competenze nella lingua e cultura spagnola.<\/div><\/div>\n<\/div>\n<div class=\"kc-elm kc-css-313537\" style=\"height: 20px; clear: both; width:100%;\"><\/div><\/div><\/div><\/div><div class=\"kc-elm kc-css-695654 kc_row kc_row_inner\"><div class=\"kc-elm kc-css-873183 kc_col-sm-12 kc_column_inner kc_col-sm-12\"><div class=\"kc_wrapper kc-col-inner-container\">\n<div class=\"kc-elm kc-css-19867 kc-call-to-action kc-cta-2 kc-is-button\">\n\n\t<div class=\"kc-cta-desc\"><h2>PROTOCOLLO D:apos:ESAME<\/h2><div class=\"kc-cta-text\">Importante prendere visione del protocollo d'esame<\/div><\/div><div class=\"kc-cta-button\"><a href=\"https:\/\/www.mediaformlanguages.org\/wp-content\/uploads\/2024\/07\/MEDIAFORM-D-I-L-E_PROTOCOLLO-ESAME-r-1.pdf\" target=\"_blank\">Regole,procedure e protocolli per gli esami DILE ONLINE<\/a><\/div>\n<\/div>\n<div class=\"kc-elm kc-css-286654\" style=\"height: 20px; clear: both; width:100%;\"><\/div><div class=\"kc-elm kc-css-333673 kc_text_block\"><\/p>\n<p>PRENDI ANCHE VISIONE DEI NOSTRI ESAMI E REGOLAMENTI<\/p>\n<p>\n<\/div><\/div><\/div><\/div><div class=\"kc-elm kc-css-500184 kc_row kc_row_inner\"><div class=\"kc-elm kc-css-319993 kc_col-sm-12 kc_column_inner kc_col-sm-12\"><div class=\"kc_wrapper kc-col-inner-container\"><div class=\"kc-elm kc-css-739717 kc_row kc_row_inner\"><div class=\"kc-elm kc-css-986951 kc_col-of-5 kc_column_inner kc_col-of-5\"><div class=\"kc_wrapper kc-col-inner-container\">\r\n\t\t\t<div class=\"kc-elm kc-css-274787 kc-creative-links\">\r\n\t\t\t\t<div class=\"kc-cl cl-effect-8\">\r\n\t\t\t\t\t\r\n\t\t\t\t\t\t<a class=\"cl-text\" href=\"https:\/\/www.mediaformlanguages.org\/wp-content\/uploads\/2024\/07\/D-I-L-E-DESCRIPCION-GENERAL-DE-CADA-NIVEL.pdf\" target=\"_blank\" title=\"PANORAMICA ESAMI DILE\" data-hover=\"PANORAMICA ESAMI MEDIAFORM DILE\">\r\n\t\t\t\t\t\t\t<span data-hover=\"PANORAMICA ESAMI MEDIAFORM DILE\"> <i class=\"mn-icon-345\"><\/i> PANORAMICA ESAMI MEDIAFORM DILE<\/span>\r\n\t\t\t\t\t\t<\/a>\r\n\r\n\t\t\t\t\t\t\t\t\t<\/div>\r\n\t\t\t<\/div>\r\n\r\n\t\t<div class=\"kc-elm kc-css-622479\" style=\"height: 20px; clear: both; width:100%;\"><\/div>\r\n\t\t\t<div class=\"kc-elm kc-css-646266 kc-creative-links\">\r\n\t\t\t\t<div class=\"kc-cl cl-effect-8\">\r\n\t\t\t\t\t\r\n\t\t\t\t\t\t<a class=\"cl-text\" href=\"https:\/\/www.mediaformlanguages.org\/wp-content\/uploads\/2024\/07\/MEDIAFORM_D-I-L-E-ESCALA-MCER.pdf\" target=\"_blank\" title=\"SCALA QUALIFICHE DILE\" data-hover=\"SCALA DELLE QUALIFICHE MEDIAFORM DILE QCER\">\r\n\t\t\t\t\t\t\t<span data-hover=\"SCALA DELLE QUALIFICHE MEDIAFORM DILE QCER\"> <i class=\"mn-icon-345\"><\/i> SCALA DELLE QUALIFICHE MEDIAFORM DILE QCER<\/span>\r\n\t\t\t\t\t\t<\/a>\r\n\r\n\t\t\t\t\t\t\t\t\t<\/div>\r\n\t\t\t<\/div>\r\n\r\n\t\t<div class=\"kc-elm kc-css-135734\" style=\"height: 20px; clear: both; width:100%;\"><\/div>\r\n\t\t\t<div class=\"kc-elm kc-css-449507 kc-creative-links\">\r\n\t\t\t\t<div class=\"kc-cl cl-effect-8\">\r\n\t\t\t\t\t\r\n\t\t\t\t\t\t<a class=\"cl-text\" href=\"https:\/\/www.mediaformlanguages.org\/wp-content\/uploads\/2024\/07\/PROCEDURE-SORVEGLIANZA-AGLI-ESAMI-D-I-L-E.pdf\" target=\"_blank\" title=\"SORVEGLIANZA AGLI ESAMI DILE\" data-hover=\"SORVEGLIANZA AGLI ESAMI DILE\">\r\n\t\t\t\t\t\t\t<span data-hover=\"SORVEGLIANZA AGLI ESAMI DILE\"> <i class=\"mn-icon-345\"><\/i> SORVEGLIANZA AGLI ESAMI DILE<\/span>\r\n\t\t\t\t\t\t<\/a>\r\n\r\n\t\t\t\t\t\t\t\t\t<\/div>\r\n\t\t\t<\/div>\r\n\r\n\t\t<div class=\"kc-elm kc-css-78462\" style=\"height: 20px; clear: both; width:100%;\"><\/div>\r\n\t\t\t<div class=\"kc-elm kc-css-229371 kc-creative-links\">\r\n\t\t\t\t<div class=\"kc-cl cl-effect-8\">\r\n\t\t\t\t\t\r\n\t\t\t\t\t\t<a class=\"cl-text\" href=\"https:\/\/www.mediaformlanguages.org\/wp-content\/uploads\/2025\/05\/Regolamento-del-Candidato-Mediaform-DILE.pdf\" target=\"_blank\" title=\"REGOLAMENTO DEL CANDIDATO DILE\" data-hover=\"REGOLAMENTO DEL CANDIDATO MEDIAFORM DILE :quot:DIPLOMA DE LENGUA Y CULTURA ESPA\u00d1OLA:quot:\">\r\n\t\t\t\t\t\t\t<span data-hover=\"REGOLAMENTO DEL CANDIDATO MEDIAFORM DILE :quot:DIPLOMA DE LENGUA Y CULTURA ESPA\u00d1OLA:quot:\"> <i class=\"mn-icon-345\"><\/i> REGOLAMENTO DEL CANDIDATO MEDIAFORM DILE :quot:DIPLOMA DE LENGUA Y CULTURA ESPA\u00d1OLA:quot:<\/span>\r\n\t\t\t\t\t\t<\/a>\r\n\r\n\t\t\t\t\t\t\t\t\t<\/div>\r\n\t\t\t<\/div>\r\n\r\n\t\t<div class=\"kc-elm kc-css-563529\" style=\"height: 20px; clear: both; width:100%;\"><\/div>\r\n\t\t\t<div class=\"kc-elm kc-css-346764 kc-creative-links\">\r\n\t\t\t\t<div class=\"kc-cl cl-effect-8\">\r\n\t\t\t\t\t\r\n\t\t\t\t\t\t<a class=\"cl-text\" href=\"https:\/\/www.mediaformlanguages.org\/video-tutorial-que-es-el-dile\/\" target=\"_blank\" title=\"\" data-hover=\"VIDEO TUTORIAL DILE \">\r\n\t\t\t\t\t\t\t<span data-hover=\"VIDEO TUTORIAL DILE \"> <i class=\"mn-icon-345\"><\/i> VIDEO TUTORIAL DILE <\/span>\r\n\t\t\t\t\t\t<\/a>\r\n\r\n\t\t\t\t\t\t\t\t\t<\/div>\r\n\t\t\t<\/div>\r\n\r\n\t\t<\/div><\/div><div class=\"kc-elm kc-css-993304 kc_col-sm-3 kc_column_inner kc_col-sm-3\"><div class=\"kc_wrapper kc-col-inner-container\">\r\n\t\t\t<div class=\"kc-elm kc-css-379991 kc-creative-links\">\r\n\t\t\t\t<div class=\"kc-cl cl-effect-8\">\r\n\t\t\t\t\t\r\n\t\t\t\t\t\t<a class=\"cl-text\" href=\"https:\/\/www.mediaformlanguages.org\/wp-content\/uploads\/2025\/04\/SCHEDA-CONFORMITA-OBIETTIVI-DILE-LIVELLI-QCER_rev.pdf\" target=\"_self\" title=\"SCHEMA DI CONFORMITA:apos: OBIETTIVI DILE\" data-hover=\"SCHEMA DI CONFORMIT\u00c0 DEGLI OBIETTIVI LINGUISTICI\">\r\n\t\t\t\t\t\t\t<span data-hover=\"SCHEMA DI CONFORMIT\u00c0 DEGLI OBIETTIVI LINGUISTICI\"> <i class=\"mn-icon-345\"><\/i> SCHEMA DI CONFORMIT\u00c0 DEGLI OBIETTIVI LINGUISTICI<\/span>\r\n\t\t\t\t\t\t<\/a>\r\n\r\n\t\t\t\t\t\t\t\t\t<\/div>\r\n\t\t\t<\/div>\r\n\r\n\t\t<div class=\"kc-elm kc-css-153335\" style=\"height: 20px; clear: both; width:100%;\"><\/div>\r\n\t\t\t<div class=\"kc-elm kc-css-93531 kc-creative-links\">\r\n\t\t\t\t<div class=\"kc-cl cl-effect-8\">\r\n\t\t\t\t\t\r\n\t\t\t\t\t\t<a class=\"cl-text\" href=\"https:\/\/www.mediaformlanguages.org\/wp-content\/uploads\/2024\/07\/DILE-schema-griglia-di-autovalutazione.pdf\" target=\"_blank\" title=\"GRIGLIA DI AUTOVALUTAZIONE\" data-hover=\"GRIGLIA DI AUTOVALUTAZIONE\">\r\n\t\t\t\t\t\t\t<span data-hover=\"GRIGLIA DI AUTOVALUTAZIONE\"> <i class=\"mn-icon-345\"><\/i> GRIGLIA DI AUTOVALUTAZIONE<\/span>\r\n\t\t\t\t\t\t<\/a>\r\n\r\n\t\t\t\t\t\t\t\t\t<\/div>\r\n\t\t\t<\/div>\r\n\r\n\t\t<div class=\"kc-elm kc-css-990211\" style=\"height: 20px; clear: both; width:100%;\"><\/div>\r\n\t\t\t<div class=\"kc-elm kc-css-496552 kc-creative-links\">\r\n\t\t\t\t<div class=\"kc-cl cl-effect-8\">\r\n\t\t\t\t\t\r\n\t\t\t\t\t\t<a class=\"cl-text\" href=\"https:\/\/www.mediaformlanguages.org\/wp-content\/uploads\/2025\/04\/REQUISITI_TECNICI_E_COMPORTAMENTALI_ESAME_ONLINE-DILE-.pdf\" target=\"_blank\" title=\"\" data-hover=\"REQUISITI TECNICI E COMPORTAMENTALI ESAME DILE ONLINE\">\r\n\t\t\t\t\t\t\t<span data-hover=\"REQUISITI TECNICI E COMPORTAMENTALI ESAME DILE ONLINE\"> <i class=\"mn-icon-345\"><\/i> REQUISITI TECNICI E COMPORTAMENTALI ESAME DILE ONLINE<\/span>\r\n\t\t\t\t\t\t<\/a>\r\n\r\n\t\t\t\t\t\t\t\t\t<\/div>\r\n\t\t\t<\/div>\r\n\r\n\t\t<div class=\"kc-elm kc-css-804339\" style=\"height: 20px; clear: both; width:100%;\"><\/div>\r\n\t\t\t<div class=\"kc-elm kc-css-13550 kc-creative-links\">\r\n\t\t\t\t<div class=\"kc-cl cl-effect-8\">\r\n\t\t\t\t\t\r\n\t\t\t\t\t\t<a class=\"cl-text\" href=\"https:\/\/www.mediaformlanguages.org\/prezzi-online\/\" target=\"_blank\" title=\"COSTI MEDIAFORM DILE :quot:Diploma De Lengua Y Cultura Espa\u00f1ola:quot: ONLINE DA CASA\" data-hover=\"COSTI MEDIAFORM DILE :quot:Diploma De Lengua Y Cultura Espa\u00f1ola:quot: ONLINE DA CASA\">\r\n\t\t\t\t\t\t\t<span data-hover=\"COSTI MEDIAFORM DILE :quot:Diploma De Lengua Y Cultura Espa\u00f1ola:quot: ONLINE DA CASA\"> <i class=\"mn-icon-345\"><\/i> COSTI MEDIAFORM DILE :quot:Diploma De Lengua Y Cultura Espa\u00f1ola:quot: ONLINE DA CASA<\/span>\r\n\t\t\t\t\t\t<\/a>\r\n\r\n\t\t\t\t\t\t\t\t\t<\/div>\r\n\t\t\t<\/div>\r\n\r\n\t\t<\/div><\/div><div class=\"kc-elm kc-css-807294 kc_col-sm-3 kc_column_inner kc_col-sm-3\"><div class=\"kc_wrapper kc-col-inner-container\"><div class=\"kc-elm kc-css-831144 kc_shortcode kc_single_image\">\n\n        <a  href=\"https:\/\/www.mediaformlanguages.org\/mediaform-per-la-sostenibilita-ambientale\/\" title=\"\" target=\"_blank\">\n        <img decoding=\"async\" src=\"https:\/\/www.mediaformlanguages.org\/esol\/wp-content\/uploads\/2025\/04\/logo-mediaform-per-la-sostenibilita-2-e1745569066553.png\" class=\"\" alt=\"\" \/>    <\/a>\n    <\/div>\n<\/div><\/div><div class=\"kc-elm kc-css-707761 kc_col-sm-3 kc_column_inner kc_col-sm-3\"><div class=\"kc_wrapper kc-col-inner-container\"><div class=\"kc-elm kc-css-813302 kc_shortcode kc_single_image\">\n\n        <img decoding=\"async\" src=\"https:\/\/www.mediaformlanguages.org\/esol\/wp-content\/uploads\/2024\/06\/logo-D-I-L-E-registrato.jpg\" class=\"\" alt=\"\" \/>    <\/div>\n<\/div><\/div><\/div><\/div><\/div><\/div>\n<div class=\"kc-elm kc-css-656950 divider_line\">\n\t<div class=\"divider_inner divider_line1\">\n\t\t\t<\/div>\n<\/div>\n<\/div><\/div><\/div><\/div><\/div><\/div><div class=\"kc-elm kc-css-118840 kc_row kc_row_inner\"><div class=\"kc-elm kc-css-592218 kc_col-sm-12 kc_column_inner kc_col-sm-12\"><div class=\"kc_wrapper kc-col-inner-container\"><div class=\"kc-elm kc-css-17616 kc_row kc_row_inner\"><div class=\"kc-elm kc-css-889479 kc_col-sm-12 kc_column_inner kc_col-sm-12\"><div class=\"kc_wrapper kc-col-inner-container\"><div class=\"kc-elm kc-css-265996 kc-feature-boxes kc-fb-layout-2\">\n\n\t<div class=\"content-title\">MEDIAFORM E.Q.I.A. \u2013 DILE Nivel Experto \u2013 QCER C2<\/div><div class=\"content-desc\">MEDIAFORM E.Q.I.A. \u2013 DILE Nivel Experto \u2013 QCER C2\r\n\u2013 TEST ONLINE.DURATA ESAME 4 ORE <\/div>\n<\/div>\n<div data-open-on-mouseover=\"\" data-tab-active=\"1\" data-effect-option=\"\" class=\"kc-elm kc-css-621315 kc_tabs group\">\n\t<div class=\"kc_wrapper ui-tabs kc_clearfix\">\n\t\t<ul class=\"kc_tabs_nav ui-tabs-nav kc_clearfix\">\n\t\t\t<li><a href=\"#\" data-prevent=\"scroll\">DESCRIZIONE<\/a><\/li><li><a href=\"#\" data-prevent=\"scroll\">COMPRENSIONE ORALE<\/a><\/li><li><a href=\"#\" data-prevent=\"scroll\">COMPRENSIONE SCRITTA<\/a><\/li><li><a href=\"#\" data-prevent=\"scroll\">TEST DI PRODUZIONE SCRITTA<\/a><\/li><li><a href=\"#\" data-prevent=\"scroll\">ESPRESSIONE ORALE<\/a><\/li><li><a href=\"#\" data-prevent=\"scroll\"><i class=\"mn-icon-41\"><\/i> MEDIAFORM E.Q.I.A. \u2013 Guida ai Risultati delle Certificazioni DILE<\/a><\/li><li><a href=\"#\" data-prevent=\"scroll\"><i class=\"mn-icon-3\"><\/i> Risultati e Consegna del Certificato<\/a><\/li><li><a href=\"#\" data-prevent=\"scroll\"><i class=\"mn-icon-41\"><\/i> Esempio di certificato<\/a><\/li><li><a href=\"#\" data-prevent=\"scroll\">Descrittori globali dei livelli di competenza del QCER\/MCER<\/a><\/li>\t\t<\/ul>\n\t\t<div id=\"descrizione\" class=\"kc-elm kc-css-900837 kc_tab ui-tabs-panel kc_ui-tabs-hide kc_clearfix \"><div class=\"kc_tab_content\"><div class=\"kc-elm kc-css-649029 kc_text_block\"><\/p>\n<p class=\"\" data-start=\"175\" data-end=\"355\">L&#039;esame per ottenere la certificazione<strong data-start=\"175\" data-end=\"267\"> MEDIAFORM E.Q.I.A. DILE Livello Esperto \u2013 QCER C2<\/strong> \u00e8 suddiviso in <strong>4 prove<\/strong>, corrispondenti alle diverse competenze richieste dal QCER\/CEFR.<\/p>\n<p class=\"\" data-start=\"357\" data-end=\"509\"><strong data-start=\"357\" data-end=\"391\">Prova 1: Comprensione Auditiva<\/strong><br data-start=\"391\" data-end=\"394\">I candidati affronteranno esercizi di comprensione orale complessi, con testi autentici e linguaggio specialistico.<\/p>\n<p class=\"\" data-start=\"511\" data-end=\"700\"><strong data-start=\"511\" data-end=\"569\">Prova 2: Comprensione della Lettura e Uso della Lingua<\/strong><br data-start=\"569\" data-end=\"572\">In questa prova si valuteranno la comprensione di testi scritti sofisticati e l\u2019uso preciso, flessibile e naturale della lingua.<\/p>\n<p class=\"\" data-start=\"702\" data-end=\"883\"><strong data-start=\"702\" data-end=\"734\">Prova 3: Espressione Scritta<\/strong><br data-start=\"734\" data-end=\"737\">I candidati dovranno produrre testi scritti chiari, articolati e stilisticamente adeguati anche su argomenti astratti, accademici o professionali.<\/p>\n<p class=\"\" data-start=\"885\" data-end=\"1132\"><strong data-start=\"885\" data-end=\"929\">Prova 4: Espressione e Interazione Orale<\/strong><br data-start=\"929\" data-end=\"932\">La prova finale consiste in un colloquio orale per valutare la capacit\u00e0 di esprimersi in modo fluente, spontaneo e strutturato su qualsiasi tipo di contenuto, dimostrando pieno controllo della lingua.<\/p>\n<p class=\"\" data-start=\"1134\" data-end=\"1295\">Per ciascuna prova, i candidati troveranno esercizi specifici volti a valutare le competenze richieste dal MCER\/CEFR per il livello di certificazione desiderato.<\/p>\n<p>\n<\/div><div data-closeall=\"true\" class=\"kc-elm kc-css-268305 kc_accordion_wrapper\">\n<div class=\"kc-elm kc-css-778357 kc_accordion_section group \"><h3 class=\"kc_accordion_header ui-accordion-header\"><span class=\"ui-accordion-header-icon ui-icon\"><\/span><a href=\"#apri-schema-di-conformita-degli-obiettivi-linguistici-livello-c2\" data-prevent=\"scroll\"><i class=\"fa-star\"><\/i> Apri-Schema di Conformit\u00e0 degli Obiettivi Linguistici - Livello C2<\/a><\/h3><div class=\"kc_accordion_content ui-accordion-content kc_clearfix\"><div class=\"kc-panel-body\">\n<div class=\"kc-elm kc-css-320765\">\n\t<a class=\"kc_button\" href=\"https:\/\/www.mediaformlanguages.org\/wp-content\/uploads\/2025\/04\/C2-CONFORMITA-DILE.pdf\" target=\"_self\" title=\"\" onclick=\"\">\n\t\tClicca per visualizzare il documento\t<\/a>\n<\/div>\n<\/div><\/div><\/div><\/div>\n<\/div><\/div><div id=\"comprensione-orale\" class=\"kc-elm kc-css-98956 kc_tab ui-tabs-panel kc_ui-tabs-hide kc_clearfix \"><div class=\"kc_tab_content\"><div class=\"kc-elm kc-css-555075 kc_text_block\"><\/p>\n<p class=\"\" data-start=\"0\" data-end=\"90\"><strong data-start=\"0\" data-end=\"52\">PROVA 1: Comprensione Auditiva \u2013 LIVELLO C2 QCER<\/strong><br data-start=\"52\" data-end=\"55\" \/><strong data-start=\"55\" data-end=\"78\">Durata della prova:<\/strong> 40 minuti<\/p>\n<p class=\"\" data-start=\"92\" data-end=\"465\">In questa PROVA, ai candidati verr\u00e0 chiesto di ascoltare le registrazioni proposte e rispondere alle domande degli esercizi corrispondenti per valutare le abilit\u00e0 richieste dal livello C2 QCER\/CEFR. Il candidato trover\u00e0 le istruzioni per ogni esercizio da svolgere. Ogni esercizio pu\u00f2 essere provato una sola volta, ma le registrazioni possono essere ascoltate due volte.<\/p>\n<p class=\"\" data-start=\"467\" data-end=\"606\">La PROVA di Comprensione Auditiva vale un massimo di 25 punti su 100 per ottenere il <strong data-start=\"552\" data-end=\"606\" data-is-last-node=\"\">MEDIAFORM E.Q.I.A. DILE LIVELLO ESPERTO \u2013 QCER C2.<\/strong><\/p>\n<p>\n<\/div><\/div><\/div><div id=\"comprensione-scritta\" class=\"kc-elm kc-css-172483 kc_tab ui-tabs-panel kc_ui-tabs-hide kc_clearfix \"><div class=\"kc_tab_content\"><div class=\"kc-elm kc-css-134131 kc_text_block\"><\/p>\n<p class=\"\" data-start=\"0\" data-end=\"114\"><strong data-start=\"0\" data-end=\"76\">PROVA 2: Comprensione della Lettura e Uso della Lingua \u2013 LIVELLO C2 QCER<\/strong><br data-start=\"76\" data-end=\"79\" \/><strong data-start=\"79\" data-end=\"102\">Durata della prova:<\/strong> 90 minuti<\/p>\n<p class=\"\" data-start=\"116\" data-end=\"385\">In questa PROVA, ai candidati verr\u00e0 chiesto di completare esercizi di grammatica e lettura per valutare le abilit\u00e0 richieste dal livello C2 QCER\/CEFR. Il candidato trover\u00e0 le istruzioni per ogni esercizio da svolgere. Ogni esercizio pu\u00f2 essere provato una sola volta.<\/p>\n<p class=\"\" data-start=\"387\" data-end=\"550\">La PROVA di Comprensione della Lettura e Uso della Lingua vale un massimo di 25 punti su 100 per ottenere il <strong data-start=\"496\" data-end=\"550\" data-is-last-node=\"\">MEDIAFORM E.Q.I.A. DILE LIVELLO ESPERTO \u2013 QCER C2.<\/strong><\/p>\n<p>\n<\/div><\/div><\/div><div id=\"test-di-produzione-scritta\" class=\"kc-elm kc-css-482492 kc_tab ui-tabs-panel kc_ui-tabs-hide kc_clearfix \"><div class=\"kc_tab_content\"><div class=\"kc-elm kc-css-340099 kc_text_block\"><\/p>\n<p class=\"\" data-start=\"0\" data-end=\"88\"><strong data-start=\"0\" data-end=\"50\">PROVA 3: Espressione Scritta \u2013 LIVELLO C2 QCER<\/strong><br data-start=\"50\" data-end=\"53\" \/><strong data-start=\"53\" data-end=\"76\">Durata della prova:<\/strong> 90 minuti<\/p>\n<p class=\"\" data-start=\"90\" data-end=\"412\">In questa PROVA, ai candidati verr\u00e0 chiesto di scegliere 2 tra le 4 opzioni proposte per valutare le competenze richieste dal livello C2 QCER\/CEFR. Il candidato trover\u00e0 le istruzioni per ogni esercizio da svolgere. Ogni esercizio pu\u00f2 essere provato una sola volta, ma le registrazioni possono essere ascoltate due volte.<\/p>\n<p class=\"\" data-start=\"414\" data-end=\"551\">La PROVA di Espressione Scritta vale un massimo di 25 punti su 100 per ottenere il <strong data-start=\"497\" data-end=\"551\" data-is-last-node=\"\">MEDIAFORM E.Q.I.A. DILE LIVELLO ESPERTO \u2013 QCER C2.<\/strong><\/p>\n<p>\n<\/div><\/div><\/div><div id=\"espressione-orale\" class=\"kc-elm kc-css-422330 kc_tab ui-tabs-panel kc_ui-tabs-hide kc_clearfix \"><div class=\"kc_tab_content\"><div class=\"kc-elm kc-css-195528 kc_text_block\"><\/p>\n<p class=\"\" data-start=\"0\" data-end=\"100\"><strong data-start=\"0\" data-end=\"62\">PROVA 4: Espressione e Interazione Orale \u2013 LIVELLO C2 QCER<\/strong><br data-start=\"62\" data-end=\"65\" \/><strong data-start=\"65\" data-end=\"88\">Durata della prova:<\/strong> 20 minuti<\/p>\n<p class=\"\" data-start=\"102\" data-end=\"264\">In questa PROVA, ai candidati verr\u00e0 chiesto di rispondere alle domande formulate dall&#039;esaminatore per valutare le competenze richieste dal livello C2 QCER\/CEFR.<\/p>\n<p class=\"\" data-start=\"266\" data-end=\"415\">La PROVA di Espressione e Interazione Orale vale un massimo di 25 punti su 100 per ottenere il <strong data-start=\"361\" data-end=\"415\" data-is-last-node=\"\">MEDIAFORM E.Q.I.A. DILE LIVELLO ESPERTO \u2013 QCER C2.<\/strong><\/p>\n<p>\n<\/div><\/div><\/div><div id=\"mediaform-e-q-i-a-guida-ai-risultati-delle-certificazioni-dile\" class=\"kc-elm kc-css-425631 kc_tab ui-tabs-panel kc_ui-tabs-hide kc_clearfix \"><div class=\"kc_tab_content\"><div class=\"kc-elm kc-css-431739 kc_text_block\"><\/p>\n<p>In questa guida trovi tutte le informazioni sui risultati degli esami DILE. Clicca sotto per leggere i dettagli<\/p>\n<p>\n<\/div><div data-closeall=\"true\" class=\"kc-elm kc-css-547106 kc_accordion_wrapper\">\n<div class=\"kc-elm kc-css-988569 kc_accordion_section group \"><h3 class=\"kc_accordion_header ui-accordion-header\"><span class=\"ui-accordion-header-icon ui-icon\"><\/span><a href=\"#guida-ai-risultati\" data-prevent=\"scroll\"><i class=\"\"><\/i> Guida ai Risultati<\/a><\/h3><div class=\"kc_accordion_content ui-accordion-content kc_clearfix\"><div class=\"kc-panel-body\">\n<div class=\"kc-elm kc-css-244167\">\n\t<a class=\"kc_button\" href=\"https:\/\/www.mediaformlanguages.org\/wp-content\/uploads\/2024\/07\/GUIA-DE-RESULTADOS.pdf\" target=\"_blank\" title=\"\" onclick=\"\">\n\t\tAPRI\t<\/a>\n<\/div>\n<\/div><\/div><\/div><\/div>\n<\/div><\/div><div id=\"risultati-e-consegna-del-certificato\" class=\"kc-elm kc-css-68436 kc_tab ui-tabs-panel kc_ui-tabs-hide kc_clearfix \"><div class=\"kc_tab_content\"><div class=\"kc-elm kc-css-505670 kc_text_block\"><\/p>\n<p class=\"\" data-start=\"38\" data-end=\"256\">I risultati saranno disponibili entro 10 giorni lavorativi dalla data dell&#039;esame e saranno inseriti nella piattaforma del candidato o nel MAC Test Center, dove sar\u00e0 possibile scaricare il certificato dei risultati.<\/p>\n<p class=\"\" data-start=\"258\" data-end=\"507\">Il certificato cartaceo sar\u00e0 inviato al Mediaform MAC Center presso il quale il candidato ha sostenuto l\u2019esame e sar\u00e0 consegnato al candidato entro 30 giorni dal superamento dell\u2019esame. Il candidato pu\u00f2 decidere di riceverlo direttamente a casa.<\/p>\n<p>\n<\/div><\/div><\/div><div id=\"esempio-di-certificato\" class=\"kc-elm kc-css-832691 kc_tab ui-tabs-panel kc_ui-tabs-hide kc_clearfix \"><div class=\"kc_tab_content\"><div data-closeall=\"true\" class=\"kc-elm kc-css-754899 kc_accordion_wrapper\">\n<div class=\"kc-elm kc-css-736768 kc_accordion_section group \"><h3 class=\"kc_accordion_header ui-accordion-header\"><span class=\"ui-accordion-header-icon ui-icon\"><\/span><a href=\"#clicca-per-visualizzare-un-esempio-del-certificato-fronte-e-retro\" data-prevent=\"scroll\"><i class=\"\"><\/i> Clicca per visualizzare un esempio del certificato (fronte e retro)<\/a><\/h3><div class=\"kc_accordion_content ui-accordion-content kc_clearfix\"><div class=\"kc-panel-body\">\n<div class=\"kc-elm kc-css-949044\">\n\t<a class=\"kc_button\" href=\"https:\/\/www.mediaformlanguages.org\/wp-content\/uploads\/2024\/07\/certificato-fronte-retro-livello-C2-del-QCER.pdf\" target=\"_blank\" title=\"\" onclick=\"\">\n\t\t<i class=\"mn-icon-41\"><\/i> APRI\t<\/a>\n<\/div>\n<\/div><\/div><\/div><\/div>\n<\/div><\/div><div id=\"descrittori-globali-dei-livelli-di-competenza-del-qcer-mcer\" class=\"kc-elm kc-css-767160 kc_tab ui-tabs-panel kc_ui-tabs-hide kc_clearfix \"><div class=\"kc_tab_content\"><div class=\"kc-elm kc-css-562610 kc_text_block\"><\/p>\n<p><strong>C2 Padronanza<\/strong><\/p>\n<p>\u00c8 in grado di comprendere senza sforzo praticamente tutto ci\u00f2 che ascolta o legge. \u00c8 in grado di riassumere informazioni provenienti da diverse fonti orali e scritte, riorganizzando argomentazioni e contenuti informativi in una presentazione coerente. Si esprime spontaneamente, in modo molto scorrevole e preciso, distinguendo con chiarezza sottili sfumature di significato anche in situazioni pi\u00f9 complesse.<\/p>\n<p>\n<\/div><\/div><\/div>\t<\/div>\n<\/div>\n\n\n<div class=\"kc-elm kc-css-759006 kc_text_block\"><\/p>\n<h2>Costo\u00a0 350,00 \u20ac.<\/h2>\n<p>\n<\/div>\n<div class=\"kc-elm kc-css-40348 kc-pro-button kc-button-main\">\n\t<a href=\"https:\/\/smind.mediaform.it\/landingStudent?course=129\">\n\t\t<span class=\"creative_title\">Registrati per Acquistare<\/span>\t<\/a>\n<\/div>\n<div class=\"kc-elm kc-css-668964\" style=\"height: 20px; clear: both; width:100%;\"><\/div>\n<div class=\"kc-elm kc-css-215082 kc-pro-button kc-button-main\">\n\t<a href=\"https:\/\/smind.mediaform.it\/login\">\n\t\t<span class=\"creative_title\">Sei gi\u00e0 registrato<\/span>\t<\/a>\n<\/div>\n<div class=\"kc-elm kc-css-806646\" style=\"height: 20px; clear: both; width:100%;\"><\/div>\n<div class=\"kc-elm kc-css-536996\">\n\t<a class=\"kc_button\" href=\"https:\/\/www.mediaformlanguages.org\/contatti\/\" target=\"_self\" title=\"Diventa un Esaminatore Mediaform\" onclick=\"\">\n\t\tCONTATTACI PER CHIARIMENTI\t<\/a>\n<\/div>\n\n<div class=\"kc-elm kc-css-245724 divider_line\">\n\t<div class=\"divider_inner divider_line1\">\n\t\t\t<\/div>\n<\/div>\n<\/div><\/div><\/div><\/div><\/div><\/div><\/div><\/div><\/div><\/div><\/section>\n","protected":false},"excerpt":{"rendered":"","protected":false},"author":4,"featured_media":0,"parent":0,"menu_order":0,"comment_status":"closed","ping_status":"closed","template":"","meta":{"footnotes":""},"class_list":["post-5702","page","type-page","status-publish","hentry"],"_links":{"self":[{"href":"https:\/\/www.mediaformlanguages.org\/esol\/wp-json\/wp\/v2\/pages\/5702","targetHints":{"allow":["GET"]}}],"collection":[{"href":"https:\/\/www.mediaformlanguages.org\/esol\/wp-json\/wp\/v2\/pages"}],"about":[{"href":"https:\/\/www.mediaformlanguages.org\/esol\/wp-json\/wp\/v2\/types\/page"}],"author":[{"embeddable":true,"href":"https:\/\/www.mediaformlanguages.org\/esol\/wp-json\/wp\/v2\/users\/4"}],"replies":[{"embeddable":true,"href":"https:\/\/www.mediaformlanguages.org\/esol\/wp-json\/wp\/v2\/comments?post=5702"}],"version-history":[{"count":0,"href":"https:\/\/www.mediaformlanguages.org\/esol\/wp-json\/wp\/v2\/pages\/5702\/revisions"}],"wp:attachment":[{"href":"https:\/\/www.mediaformlanguages.org\/esol\/wp-json\/wp\/v2\/media?parent=5702"}],"curies":[{"name":"wp","href":"https:\/\/api.w.org\/{rel}","templated":true}]}}