{"id":5697,"date":"2025-05-09T13:45:02","date_gmt":"2025-05-09T13:45:02","guid":{"rendered":"https:\/\/www.mediaformlanguages.org\/?page_id=5697"},"modified":"2025-12-17T13:03:04","modified_gmt":"2025-12-17T13:03:04","slug":"b2-level-mediaform-dile-qualification-online","status":"publish","type":"page","link":"https:\/\/www.mediaformlanguages.org\/esol\/b2-level-mediaform-dile-qualification-online\/","title":{"rendered":"B2 Level MEDIAFORM D I L E QUALIFICATION (Online)"},"content":{"rendered":"<section class=\"kc-elm kc-css-691916 kc_row\"><div class=\"kc-row-container\"><div class=\"kc-wrap-columns\"><div class=\"kc-elm kc-css-477708 kc_col-sm-12 kc_column kc_col-sm-12\"><div class=\"kc-col-container\"><div class=\"kc-elm kc-css-708668 kc_row kc_row_inner\"><div class=\"kc-elm kc-css-813167 kc_col-sm-12 kc_column_inner kc_col-sm-12\"><div class=\"kc_wrapper kc-col-inner-container\"><div class=\"kc-elm kc-css-355134 kc_row kc_row_inner\"><div class=\"kc-elm kc-css-201010 kc_col-sm-12 kc_column_inner kc_col-sm-12\"><div class=\"kc_wrapper kc-col-inner-container\"><div class=\"kc-elm kc-css-25119 kc_row kc_row_inner\"><div class=\"kc-elm kc-css-835479 kc_col-sm-12 kc_column_inner kc_col-sm-12\"><div class=\"kc_wrapper kc-col-inner-container\">\n<div class=\"kc-elm kc-css-87153 kc-call-to-action kc-cta-2\">\n\n\t<div class=\"kc-cta-desc\"><h2>Differenza tra Esami Online e Esami su Carta \u2013 Diploma De Lengua y Cultura Espa\u00f1ola (DILE)<\/h2><div class=\"kc-cta-text\">Differenza tra Esami Online e Esami su Carta \u2013 Diploma De Lengua y Cultura Espa\u00f1ola (DILE)\r\nGli esami offerti da Mediaform per il conseguimento del Diploma De Lengua y Cultura Espa\u00f1ola (DILE) sono progettati per garantire un'elevata qualit\u00e0 della valutazione, indipendentemente dalla modalit\u00e0 scelta per il loro svolgimento.\r\nLa principale differenza tra gli esami online e gli esami su carta riguarda esclusivamente il supporto utilizzato:\r\n\r\nEsami online: si svolgono al computer, tramite una piattaforma digitale sicura e intuitiva, dove i candidati rispondono direttamente alle domande sul dispositivo.\r\n\r\nEsami su carta: seguono il formato tradizionale, con risposte scritte manualmente su supporto cartaceo.\r\n\r\n\u00c8 fondamentale sottolineare che il contenuto e la struttura degli esami DILE rimangono invariati in entrambe le modalit\u00e0. La valutazione delle competenze linguistiche si basa sugli stessi standard rigorosi, assicurando coerenza, equit\u00e0 e accuratezza.\r\n\r\nIndipendentemente dal formato scelto, gli studenti possono contare su un sistema di esame che garantisce trasparenza, integrit\u00e0 e affidabilit\u00e0 nella misurazione delle competenze nella lingua e cultura spagnola.<\/div><\/div>\n<\/div>\n<div class=\"kc-elm kc-css-705629\" style=\"height: 20px; clear: both; width:100%;\"><\/div><\/div><\/div><\/div><div class=\"kc-elm kc-css-576041 kc_row kc_row_inner\"><div class=\"kc-elm kc-css-85505 kc_col-sm-12 kc_column_inner kc_col-sm-12\"><div class=\"kc_wrapper kc-col-inner-container\">\n<div class=\"kc-elm kc-css-693356 kc-call-to-action kc-cta-2 kc-is-button\">\n\n\t<div class=\"kc-cta-desc\"><h2>PROTOCOLLO D:apos:ESAME<\/h2><div class=\"kc-cta-text\">Importante prendere visione del protocollo d'esame<\/div><\/div><div class=\"kc-cta-button\"><a href=\"https:\/\/www.mediaformlanguages.org\/wp-content\/uploads\/2024\/07\/MEDIAFORM-D-I-L-E_PROTOCOLLO-ESAME-r-1.pdf\" target=\"_blank\">Regole,procedure e protocolli per gli esami DILE ONLINE<\/a><\/div>\n<\/div>\n<div class=\"kc-elm kc-css-860719\" style=\"height: 20px; clear: both; width:100%;\"><\/div><div class=\"kc-elm kc-css-101933 kc_text_block\"><\/p>\n<p>PRENDI ANCHE VISIONE DEI NOSTRI ESAMI E REGOLAMENTI<\/p>\n<p>\n<\/div><div class=\"kc-elm kc-css-478931 kc_row kc_row_inner\"><div class=\"kc-elm kc-css-455335 kc_col-sm-12 kc_column_inner kc_col-sm-12\"><div class=\"kc_wrapper kc-col-inner-container\"><div class=\"kc-elm kc-css-395372 kc_row kc_row_inner\"><div class=\"kc-elm kc-css-134350 kc_col-of-5 kc_column_inner kc_col-of-5\"><div class=\"kc_wrapper kc-col-inner-container\">\r\n\t\t\t<div class=\"kc-elm kc-css-520998 kc-creative-links\">\r\n\t\t\t\t<div class=\"kc-cl cl-effect-8\">\r\n\t\t\t\t\t\r\n\t\t\t\t\t\t<a class=\"cl-text\" href=\"https:\/\/www.mediaformlanguages.org\/wp-content\/uploads\/2024\/07\/D-I-L-E-DESCRIPCION-GENERAL-DE-CADA-NIVEL.pdf\" target=\"_blank\" title=\"PANORAMICA ESAMI DILE\" data-hover=\"PANORAMICA ESAMI MEDIAFORM DILE\">\r\n\t\t\t\t\t\t\t<span data-hover=\"PANORAMICA ESAMI MEDIAFORM DILE\"> <i class=\"mn-icon-345\"><\/i> PANORAMICA ESAMI MEDIAFORM DILE<\/span>\r\n\t\t\t\t\t\t<\/a>\r\n\r\n\t\t\t\t\t\t\t\t\t<\/div>\r\n\t\t\t<\/div>\r\n\r\n\t\t<div class=\"kc-elm kc-css-836520\" style=\"height: 20px; clear: both; width:100%;\"><\/div>\r\n\t\t\t<div class=\"kc-elm kc-css-892000 kc-creative-links\">\r\n\t\t\t\t<div class=\"kc-cl cl-effect-8\">\r\n\t\t\t\t\t\r\n\t\t\t\t\t\t<a class=\"cl-text\" href=\"https:\/\/www.mediaformlanguages.org\/wp-content\/uploads\/2024\/07\/MEDIAFORM_D-I-L-E-ESCALA-MCER.pdf\" target=\"_blank\" title=\"SCALA QUALIFICHE DILE\" data-hover=\"SCALA DELLE QUALIFICHE MEDIAFORM DILE QCER\">\r\n\t\t\t\t\t\t\t<span data-hover=\"SCALA DELLE QUALIFICHE MEDIAFORM DILE QCER\"> <i class=\"mn-icon-345\"><\/i> SCALA DELLE QUALIFICHE MEDIAFORM DILE QCER<\/span>\r\n\t\t\t\t\t\t<\/a>\r\n\r\n\t\t\t\t\t\t\t\t\t<\/div>\r\n\t\t\t<\/div>\r\n\r\n\t\t<div class=\"kc-elm kc-css-95410\" style=\"height: 20px; clear: both; width:100%;\"><\/div>\r\n\t\t\t<div class=\"kc-elm kc-css-610723 kc-creative-links\">\r\n\t\t\t\t<div class=\"kc-cl cl-effect-8\">\r\n\t\t\t\t\t\r\n\t\t\t\t\t\t<a class=\"cl-text\" href=\"https:\/\/www.mediaformlanguages.org\/wp-content\/uploads\/2024\/07\/PROCEDURE-SORVEGLIANZA-AGLI-ESAMI-D-I-L-E.pdf\" target=\"_blank\" title=\"SORVEGLIANZA AGLI ESAMI DILE\" data-hover=\"SORVEGLIANZA AGLI ESAMI DILE\">\r\n\t\t\t\t\t\t\t<span data-hover=\"SORVEGLIANZA AGLI ESAMI DILE\"> <i class=\"mn-icon-345\"><\/i> SORVEGLIANZA AGLI ESAMI DILE<\/span>\r\n\t\t\t\t\t\t<\/a>\r\n\r\n\t\t\t\t\t\t\t\t\t<\/div>\r\n\t\t\t<\/div>\r\n\r\n\t\t<div class=\"kc-elm kc-css-318363\" style=\"height: 20px; clear: both; width:100%;\"><\/div>\r\n\t\t\t<div class=\"kc-elm kc-css-399318 kc-creative-links\">\r\n\t\t\t\t<div class=\"kc-cl cl-effect-8\">\r\n\t\t\t\t\t\r\n\t\t\t\t\t\t<a class=\"cl-text\" href=\"https:\/\/www.mediaformlanguages.org\/wp-content\/uploads\/2025\/05\/Regolamento-del-Candidato-Mediaform-DILE.pdf\" target=\"_blank\" title=\"REGOLAMENTO DEL CANDIDATO DILE\" data-hover=\"REGOLAMENTO DEL CANDIDATO MEDIAFORM DILE :quot:DIPLOMA DE LENGUA Y CULTURA ESPA\u00d1OLA:quot:\">\r\n\t\t\t\t\t\t\t<span data-hover=\"REGOLAMENTO DEL CANDIDATO MEDIAFORM DILE :quot:DIPLOMA DE LENGUA Y CULTURA ESPA\u00d1OLA:quot:\"> <i class=\"mn-icon-345\"><\/i> REGOLAMENTO DEL CANDIDATO MEDIAFORM DILE :quot:DIPLOMA DE LENGUA Y CULTURA ESPA\u00d1OLA:quot:<\/span>\r\n\t\t\t\t\t\t<\/a>\r\n\r\n\t\t\t\t\t\t\t\t\t<\/div>\r\n\t\t\t<\/div>\r\n\r\n\t\t<div class=\"kc-elm kc-css-695649\" style=\"height: 20px; clear: both; width:100%;\"><\/div>\r\n\t\t\t<div class=\"kc-elm kc-css-272141 kc-creative-links\">\r\n\t\t\t\t<div class=\"kc-cl cl-effect-8\">\r\n\t\t\t\t\t\r\n\t\t\t\t\t\t<a class=\"cl-text\" href=\"https:\/\/www.mediaformlanguages.org\/video-tutorial-que-es-el-dile\/\" target=\"_blank\" title=\"\" data-hover=\"VIDEO TUTORIAL DILE \">\r\n\t\t\t\t\t\t\t<span data-hover=\"VIDEO TUTORIAL DILE \"> <i class=\"mn-icon-345\"><\/i> VIDEO TUTORIAL DILE <\/span>\r\n\t\t\t\t\t\t<\/a>\r\n\r\n\t\t\t\t\t\t\t\t\t<\/div>\r\n\t\t\t<\/div>\r\n\r\n\t\t<\/div><\/div><div class=\"kc-elm kc-css-599182 kc_col-sm-3 kc_column_inner kc_col-sm-3\"><div class=\"kc_wrapper kc-col-inner-container\">\r\n\t\t\t<div class=\"kc-elm kc-css-579427 kc-creative-links\">\r\n\t\t\t\t<div class=\"kc-cl cl-effect-8\">\r\n\t\t\t\t\t\r\n\t\t\t\t\t\t<a class=\"cl-text\" href=\"https:\/\/www.mediaformlanguages.org\/wp-content\/uploads\/2025\/04\/SCHEDA-CONFORMITA-OBIETTIVI-DILE-LIVELLI-QCER_rev.pdf\" target=\"_self\" title=\"SCHEMA DI CONFORMITA:apos: OBIETTIVI DILE\" data-hover=\"SCHEMA DI CONFORMIT\u00c0 DEGLI OBIETTIVI LINGUISTICI\">\r\n\t\t\t\t\t\t\t<span data-hover=\"SCHEMA DI CONFORMIT\u00c0 DEGLI OBIETTIVI LINGUISTICI\"> <i class=\"mn-icon-345\"><\/i> SCHEMA DI CONFORMIT\u00c0 DEGLI OBIETTIVI LINGUISTICI<\/span>\r\n\t\t\t\t\t\t<\/a>\r\n\r\n\t\t\t\t\t\t\t\t\t<\/div>\r\n\t\t\t<\/div>\r\n\r\n\t\t<div class=\"kc-elm kc-css-39349\" style=\"height: 20px; clear: both; width:100%;\"><\/div>\r\n\t\t\t<div class=\"kc-elm kc-css-855564 kc-creative-links\">\r\n\t\t\t\t<div class=\"kc-cl cl-effect-8\">\r\n\t\t\t\t\t\r\n\t\t\t\t\t\t<a class=\"cl-text\" href=\"https:\/\/www.mediaformlanguages.org\/wp-content\/uploads\/2024\/07\/DILE-schema-griglia-di-autovalutazione.pdf\" target=\"_blank\" title=\"GRIGLIA DI AUTOVALUTAZIONE\" data-hover=\"GRIGLIA DI AUTOVALUTAZIONE\">\r\n\t\t\t\t\t\t\t<span data-hover=\"GRIGLIA DI AUTOVALUTAZIONE\"> <i class=\"mn-icon-345\"><\/i> GRIGLIA DI AUTOVALUTAZIONE<\/span>\r\n\t\t\t\t\t\t<\/a>\r\n\r\n\t\t\t\t\t\t\t\t\t<\/div>\r\n\t\t\t<\/div>\r\n\r\n\t\t<div class=\"kc-elm kc-css-995798\" style=\"height: 20px; clear: both; width:100%;\"><\/div>\r\n\t\t\t<div class=\"kc-elm kc-css-579738 kc-creative-links\">\r\n\t\t\t\t<div class=\"kc-cl cl-effect-8\">\r\n\t\t\t\t\t\r\n\t\t\t\t\t\t<a class=\"cl-text\" href=\"https:\/\/www.mediaformlanguages.org\/wp-content\/uploads\/2025\/04\/REQUISITI_TECNICI_E_COMPORTAMENTALI_ESAME_ONLINE-DILE-.pdf\" target=\"_blank\" title=\"\" data-hover=\"REQUISITI TECNICI E COMPORTAMENTALI ESAME DILE ONLINE\">\r\n\t\t\t\t\t\t\t<span data-hover=\"REQUISITI TECNICI E COMPORTAMENTALI ESAME DILE ONLINE\"> <i class=\"mn-icon-345\"><\/i> REQUISITI TECNICI E COMPORTAMENTALI ESAME DILE ONLINE<\/span>\r\n\t\t\t\t\t\t<\/a>\r\n\r\n\t\t\t\t\t\t\t\t\t<\/div>\r\n\t\t\t<\/div>\r\n\r\n\t\t<div class=\"kc-elm kc-css-30465\" style=\"height: 20px; clear: both; width:100%;\"><\/div>\r\n\t\t\t<div class=\"kc-elm kc-css-19916 kc-creative-links\">\r\n\t\t\t\t<div class=\"kc-cl cl-effect-8\">\r\n\t\t\t\t\t\r\n\t\t\t\t\t\t<a class=\"cl-text\" href=\"https:\/\/www.mediaformlanguages.org\/prezzi-online\/\" target=\"_blank\" title=\"COSTI MEDIAFORM DILE :quot:Diploma De Lengua Y Cultura Espa\u00f1ola:quot: ONLINE DA CASA\" data-hover=\"COSTI MEDIAFORM DILE :quot:Diploma De Lengua Y Cultura Espa\u00f1ola:quot: ONLINE DA CASA\">\r\n\t\t\t\t\t\t\t<span data-hover=\"COSTI MEDIAFORM DILE :quot:Diploma De Lengua Y Cultura Espa\u00f1ola:quot: ONLINE DA CASA\"> <i class=\"mn-icon-345\"><\/i> COSTI MEDIAFORM DILE :quot:Diploma De Lengua Y Cultura Espa\u00f1ola:quot: ONLINE DA CASA<\/span>\r\n\t\t\t\t\t\t<\/a>\r\n\r\n\t\t\t\t\t\t\t\t\t<\/div>\r\n\t\t\t<\/div>\r\n\r\n\t\t<\/div><\/div><div class=\"kc-elm kc-css-334242 kc_col-sm-3 kc_column_inner kc_col-sm-3\"><div class=\"kc_wrapper kc-col-inner-container\"><div class=\"kc-elm kc-css-817133 kc_shortcode kc_single_image\">\n\n        <a  href=\"https:\/\/www.mediaformlanguages.org\/mediaform-per-la-sostenibilita-ambientale\/\" title=\"\" target=\"_blank\">\n        <img decoding=\"async\" src=\"https:\/\/www.mediaformlanguages.org\/esol\/wp-content\/uploads\/2025\/04\/logo-mediaform-per-la-sostenibilita-2-e1745569066553.png\" class=\"\" alt=\"\" \/>    <\/a>\n    <\/div>\n<\/div><\/div><div class=\"kc-elm kc-css-118592 kc_col-sm-3 kc_column_inner kc_col-sm-3\"><div class=\"kc_wrapper kc-col-inner-container\"><div class=\"kc-elm kc-css-749068 kc_shortcode kc_single_image\">\n\n        <img decoding=\"async\" src=\"https:\/\/www.mediaformlanguages.org\/esol\/wp-content\/uploads\/2024\/06\/logo-D-I-L-E-registrato.jpg\" class=\"\" alt=\"\" \/>    <\/div>\n<\/div><\/div><\/div><\/div><\/div><\/div>\n<div class=\"kc-elm kc-css-298068 divider_line\">\n\t<div class=\"divider_inner divider_line1\">\n\t\t\t<\/div>\n<\/div>\n<\/div><\/div><\/div><\/div><\/div><\/div><\/div><\/div><\/div><div class=\"kc-elm kc-css-936951 kc_row kc_row_inner\"><div class=\"kc-elm kc-css-986165 kc_col-sm-12 kc_column_inner kc_col-sm-12\"><div class=\"kc_wrapper kc-col-inner-container\"><div class=\"kc-elm kc-css-519308 kc_row kc_row_inner\"><div class=\"kc-elm kc-css-364669 kc_col-sm-12 kc_column_inner kc_col-sm-12\"><div class=\"kc_wrapper kc-col-inner-container\"><div class=\"kc-elm kc-css-168866 kc-feature-boxes kc-fb-layout-2\">\n\n\t<div class=\"content-title\">MEDIAFORM E.Q.I.A. \u2013 DILE Nivel Intermedio Superior \u2013 QCER B2<\/div><div class=\"content-desc\">MEDIAFORM E.Q.I.A. \u2013 DILE Nivel Intermedio Superior \u2013 QCER B2 \u2013 TEST ONLINE.DURATA ESAME 3 ORE E 20 MINUTI<\/div>\n<\/div>\n<div data-open-on-mouseover=\"\" data-tab-active=\"1\" data-effect-option=\"\" class=\"kc-elm kc-css-389116 kc_tabs group\">\n\t<div class=\"kc_wrapper ui-tabs kc_clearfix\">\n\t\t<ul class=\"kc_tabs_nav ui-tabs-nav kc_clearfix\">\n\t\t\t<li><a href=\"#\" data-prevent=\"scroll\">DESCRIZIONE<\/a><\/li><li><a href=\"#\" data-prevent=\"scroll\">COMPRENSIONE ORALE<\/a><\/li><li><a href=\"#\" data-prevent=\"scroll\">COMPRENSIONE SCRITTA<\/a><\/li><li><a href=\"#\" data-prevent=\"scroll\">TEST DI PRODUZIONE SCRITTA<\/a><\/li><li><a href=\"#\" data-prevent=\"scroll\">ESPRESSIONE ORALE<\/a><\/li><li><a href=\"#\" data-prevent=\"scroll\"><i class=\"mn-icon-41\"><\/i> MEDIAFORM E.Q.I.A. \u2013 Guida ai Risultati delle Certificazioni DILE<\/a><\/li><li><a href=\"#\" data-prevent=\"scroll\"><i class=\"mn-icon-3\"><\/i> Risultati e Consegna del Certificato<\/a><\/li><li><a href=\"#\" data-prevent=\"scroll\"><i class=\"mn-icon-41\"><\/i> Esempio di certificato<\/a><\/li><li><a href=\"#\" data-prevent=\"scroll\">Descrittori globali dei livelli di competenza del QCER\/MCER<\/a><\/li>\t\t<\/ul>\n\t\t<div id=\"descrizione\" class=\"kc-elm kc-css-118312 kc_tab ui-tabs-panel kc_ui-tabs-hide kc_clearfix \"><div class=\"kc_tab_content\"><div class=\"kc-elm kc-css-572922 kc_text_block\"><\/p>\n<p class=\"\" data-start=\"151\" data-end=\"344\">L&#039;esame per ottenere la certificazione<strong data-start=\"151\" data-end=\"256\"> MEDIAFORM E.Q.I.A. DILE Livello Intermedio Superiore \u2013 QCER B2<\/strong> \u00e8 suddiviso in<strong> 4 prove<\/strong>, corrispondenti alle diverse competenze richieste dal QCER\/CEFR.<\/p>\n<p class=\"\" data-start=\"346\" data-end=\"463\"><strong data-start=\"346\" data-end=\"380\">Prova 1: Comprensione Auditiva<\/strong><br data-start=\"380\" data-end=\"383\">I candidati affronteranno esercizi di comprensione orale adeguati al livello B2.<\/p>\n<p class=\"\" data-start=\"465\" data-end=\"656\"><strong data-start=\"465\" data-end=\"523\">Prova 2: Comprensione della Lettura e Uso della Lingua<\/strong><br data-start=\"523\" data-end=\"526\">In questa prova si valuteranno la comprensione di testi scritti complessi e l\u2019uso appropriato della lingua in contesti articolati.<\/p>\n<p class=\"\" data-start=\"658\" data-end=\"805\"><strong data-start=\"658\" data-end=\"690\">Prova 3: Espressione Scritta<\/strong><br data-start=\"690\" data-end=\"693\">I candidati dovranno produrre testi scritti ben strutturati, coerenti e argomentati, in linea con il livello B2.<\/p>\n<p class=\"\" data-start=\"807\" data-end=\"995\"><strong data-start=\"807\" data-end=\"851\">Prova 4: Espressione e Interazione Orale<\/strong><br data-start=\"851\" data-end=\"854\">La prova finale consiste in un colloquio orale per valutare la capacit\u00e0 di esprimersi con scioltezza e interagire in modo efficace in lingua.<\/p>\n<p class=\"\" data-start=\"997\" data-end=\"1158\">Per ciascuna prova, i candidati troveranno esercizi specifici volti a valutare le competenze richieste dal QCER\/CEFR per il livello di certificazione desiderato.<\/p>\n<p>\n<\/div><div data-closeall=\"true\" class=\"kc-elm kc-css-518822 kc_accordion_wrapper\">\n<div class=\"kc-elm kc-css-688386 kc_accordion_section group \"><h3 class=\"kc_accordion_header ui-accordion-header\"><span class=\"ui-accordion-header-icon ui-icon\"><\/span><a href=\"#apri-schema-di-conformita-degli-obiettivi-linguistici-livello-b2\" data-prevent=\"scroll\"><i class=\"fa-star\"><\/i> Apri-Schema di Conformit\u00e0 degli Obiettivi Linguistici - Livello B2<\/a><\/h3><div class=\"kc_accordion_content ui-accordion-content kc_clearfix\"><div class=\"kc-panel-body\">\n<div class=\"kc-elm kc-css-378425\">\n\t<a class=\"kc_button\" href=\"https:\/\/www.mediaformlanguages.org\/wp-content\/uploads\/2025\/04\/B2-CONFORMITA-DILE.pdf\" target=\"_self\" title=\"\" onclick=\"\">\n\t\tClicca per visualizzare il documento\t<\/a>\n<\/div>\n<\/div><\/div><\/div><\/div>\n<\/div><\/div><div id=\"comprensione-orale\" class=\"kc-elm kc-css-957582 kc_tab ui-tabs-panel kc_ui-tabs-hide kc_clearfix \"><div class=\"kc_tab_content\"><div class=\"kc-elm kc-css-391169 kc_text_block\"><\/p>\n<p><strong data-start=\"56\" data-end=\"108\">PROVA 1: Comprensione Auditiva \u2013 LIVELLO B2 QCER<\/strong><br data-start=\"108\" data-end=\"111\" \/><strong data-start=\"111\" data-end=\"134\">Durata della prova:<\/strong> 35 Minuti<br data-start=\"144\" data-end=\"147\" \/>In questa PROVA si chieder\u00e0 ai candidati di ascoltare le registrazioni proposte e di rispondere alle domande degli esercizi corrispondenti per valutare le competenze relative al livello B2 QCER\/MCER. Il candidato trover\u00e0 le istruzioni per ogni esercizio da svolgere. Il candidato pu\u00f2 provare ogni esercizio una sola volta, ma pu\u00f2 ascoltare le registrazioni due volte.<br data-start=\"514\" data-end=\"517\" data-is-only-node=\"\" \/>La PROVA di Comprensione Auditiva consiste in un massimo di 25 punti su 100 per ottenere il <strong data-start=\"609\" data-end=\"676\">MEDIAFORM E.Q.I.A. DILE LIVELLO INTERMEDIO SUPERIORE \u2013 QCER B2.<\/strong><\/p>\n<p>\n<\/div><\/div><\/div><div id=\"comprensione-scritta\" class=\"kc-elm kc-css-707030 kc_tab ui-tabs-panel kc_ui-tabs-hide kc_clearfix \"><div class=\"kc_tab_content\"><div class=\"kc-elm kc-css-608852 kc_text_block\"><\/p>\n<p><strong data-start=\"56\" data-end=\"114\">PROVA 2: Comprensione della Lettura e Uso della Lingua<\/strong><br data-start=\"114\" data-end=\"117\" \/><strong data-start=\"117\" data-end=\"136\">LIVELLO B2 MCER<\/strong><br data-start=\"136\" data-end=\"139\" \/><strong data-start=\"139\" data-end=\"162\">Durata della prova:<\/strong> 75 Minuti<br data-start=\"172\" data-end=\"175\" data-is-only-node=\"\" \/>In questa PROVA si chieder\u00e0 ai candidati di completare esercizi di grammatica e di lettura per valutare le competenze relative al livello B2 MCER\/CEFR. Il candidato trover\u00e0 le istruzioni per ogni esercizio da svolgere. Il candidato pu\u00f2 provare ogni esercizio una sola volta.<br data-start=\"449\" data-end=\"452\" \/>La PROVA di Comprensione della Lettura e Uso della Lingua consiste in un massimo di 25 punti su 100 per ottenere il <strong data-start=\"568\" data-end=\"635\">MEDIAFORM E.Q.I.A. DILE LIVELLO INTERMEDIO SUPERIORE \u2013 MCER B2.<\/strong><\/p>\n<p>\n<\/div><\/div><\/div><div id=\"test-di-produzione-scritta\" class=\"kc-elm kc-css-948747 kc_tab ui-tabs-panel kc_ui-tabs-hide kc_clearfix \"><div class=\"kc_tab_content\"><div class=\"kc-elm kc-css-597993 kc_text_block\"><\/p>\n<p><strong data-start=\"56\" data-end=\"106\">PROVA 3: Espressione Scritta \u2013 LIVELLO B2 MCER<\/strong><br data-start=\"106\" data-end=\"109\" \/><strong data-start=\"109\" data-end=\"132\">Durata della prova:<\/strong> 75 Minuti<br data-start=\"142\" data-end=\"145\" \/>In questa PROVA si chieder\u00e0 ai candidati di scegliere 2 delle 4 opzioni proposte per valutare le competenze relative al livello B2 MCER\/CEFR. Il candidato trover\u00e0 le istruzioni per ogni esercizio da svolgere. Il candidato pu\u00f2 provare ogni esercizio una sola volta, ma pu\u00f2 ascoltare le registrazioni due volte.<br data-start=\"454\" data-end=\"457\" data-is-only-node=\"\" \/>La PROVA di Espressione Scritta consiste in un massimo di 25 punti su 100 per ottenere il <strong data-start=\"547\" data-end=\"614\">MEDIAFORM E.Q.I.A. DILE LIVELLO INTERMEDIO SUPERIORE \u2013 MCER B2.<\/strong><\/p>\n<p>\n<\/div><\/div><\/div><div id=\"espressione-orale\" class=\"kc-elm kc-css-211341 kc_tab ui-tabs-panel kc_ui-tabs-hide kc_clearfix \"><div class=\"kc_tab_content\"><div class=\"kc-elm kc-css-467158 kc_text_block\"><\/p>\n<p><strong data-start=\"56\" data-end=\"118\">PROVA 4: Espressione e Interazione Orale \u2013 LIVELLO B2 MCER<\/strong><br data-start=\"118\" data-end=\"121\" \/><strong data-start=\"121\" data-end=\"144\">Durata della prova:<\/strong> 15 Minuti<br data-start=\"154\" data-end=\"157\" \/>In questa PROVA si chieder\u00e0 ai candidati di rispondere alle domande formulate dall&#039;esaminatore per valutare le competenze relative al livello B2 MCER\/CEFR.<br data-start=\"312\" data-end=\"315\" data-is-only-node=\"\" \/>La PROVA di Espressione e Interazione Orale consiste in un massimo di 25 punti su 100 per ottenere il <strong data-start=\"417\" data-end=\"484\">MEDIAFORM E.Q.I.A. DILE LIVELLO INTERMEDIO SUPERIORE \u2013 MCER B2.<\/strong><\/p>\n<p>\n<\/div><\/div><\/div><div id=\"mediaform-e-q-i-a-guida-ai-risultati-delle-certificazioni-dile\" class=\"kc-elm kc-css-867753 kc_tab ui-tabs-panel kc_ui-tabs-hide kc_clearfix \"><div class=\"kc_tab_content\"><div class=\"kc-elm kc-css-409688 kc_text_block\"><\/p>\n<p>In questa guida trovi tutte le informazioni sui risultati degli esami DILE. Clicca sotto per leggere i dettagli<\/p>\n<p>\n<\/div><div data-closeall=\"true\" class=\"kc-elm kc-css-598971 kc_accordion_wrapper\">\n<div class=\"kc-elm kc-css-11684 kc_accordion_section group \"><h3 class=\"kc_accordion_header ui-accordion-header\"><span class=\"ui-accordion-header-icon ui-icon\"><\/span><a href=\"#guida-ai-risultati\" data-prevent=\"scroll\"><i class=\"\"><\/i> Guida ai Risultati<\/a><\/h3><div class=\"kc_accordion_content ui-accordion-content kc_clearfix\"><div class=\"kc-panel-body\">\n<div class=\"kc-elm kc-css-637377\">\n\t<a class=\"kc_button\" href=\"https:\/\/www.mediaformlanguages.org\/wp-content\/uploads\/2024\/07\/GUIA-DE-RESULTADOS.pdf\" target=\"_blank\" title=\"\" onclick=\"\">\n\t\t<i class=\"mn-icon-41\"><\/i> APRI\t<\/a>\n<\/div>\n<\/div><\/div><\/div><\/div>\n<\/div><\/div><div id=\"risultati-e-consegna-del-certificato\" class=\"kc-elm kc-css-24219 kc_tab ui-tabs-panel kc_ui-tabs-hide kc_clearfix \"><div class=\"kc_tab_content\"><div class=\"kc-elm kc-css-253815 kc_text_block\"><\/p>\n<p class=\"\" data-start=\"38\" data-end=\"256\">I risultati saranno disponibili entro 10 giorni lavorativi dalla data dell&#039;esame e saranno inseriti nella piattaforma del candidato o nel MAC Test Center, dove sar\u00e0 possibile scaricare il certificato dei risultati.<\/p>\n<p class=\"\" data-start=\"258\" data-end=\"507\">Il certificato cartaceo sar\u00e0 inviato al Mediaform MAC Center presso il quale il candidato ha sostenuto l\u2019esame e sar\u00e0 consegnato al candidato entro 30 giorni dal superamento dell\u2019esame. Il candidato pu\u00f2 decidere di riceverlo direttamente a casa.<\/p>\n<p>\n<\/div><\/div><\/div><div id=\"esempio-di-certificato\" class=\"kc-elm kc-css-146212 kc_tab ui-tabs-panel kc_ui-tabs-hide kc_clearfix \"><div class=\"kc_tab_content\"><div data-closeall=\"true\" class=\"kc-elm kc-css-822059 kc_accordion_wrapper\">\n<div class=\"kc-elm kc-css-558853 kc_accordion_section group \"><h3 class=\"kc_accordion_header ui-accordion-header\"><span class=\"ui-accordion-header-icon ui-icon\"><\/span><a href=\"#clicca-per-visualizzare-un-esempio-del-certificato-fronte-e-retro\" data-prevent=\"scroll\"><i class=\"\"><\/i> Clicca per visualizzare un esempio del certificato (fronte e retro)<\/a><\/h3><div class=\"kc_accordion_content ui-accordion-content kc_clearfix\"><div class=\"kc-panel-body\">\n<div class=\"kc-elm kc-css-758771\">\n\t<a class=\"kc_button\" href=\"https:\/\/www.mediaformlanguages.org\/wp-content\/uploads\/2024\/07\/certificato-fronte-retro-livello-B2-del-QCER-.pdf\" target=\"_blank\" title=\"\" onclick=\"\">\n\t\t<i class=\"mn-icon-41\"><\/i> APRI\t<\/a>\n<\/div>\n<\/div><\/div><\/div><\/div>\n<\/div><\/div><div id=\"descrittori-globali-dei-livelli-di-competenza-del-qcer-mcer\" class=\"kc-elm kc-css-785414 kc_tab ui-tabs-panel kc_ui-tabs-hide kc_clearfix \"><div class=\"kc_tab_content\"><div class=\"kc-elm kc-css-836936 kc_text_block\"><\/p>\n<p><strong>B2 Progresso\u00a0<\/strong><\/p>\n<p>\u00c8 in grado di comprendere le idee principali di testi complessi su argomenti sia concreti sia astratti, comprese le discussioni tecniche nel proprio ambito di specializzazione. \u00c8 in grado di interagire con un grado di scioltezza e spontaneit\u00e0 tale da rendere possibile un\u2019interazione regolare con parlanti nativi senza eccessiva tensione per nessuna delle due parti. \u00c8 in grado di produrre testi chiari e dettagliati su un\u2019ampia gamma di argomenti ed esprimere un punto di vista su una questione di attualit\u00e0, indicando i vantaggi e gli svantaggi delle diverse opzioni.<\/p>\n<p>\n<\/div><\/div><\/div>\t<\/div>\n<\/div>\n\n\n<div class=\"kc-elm kc-css-25283 kc_text_block\"><\/p>\n<h2>Costo\u00a0 250,00 \u20ac.<\/h2>\n<p>\n<\/div>\n<div class=\"kc-elm kc-css-552323 kc-pro-button kc-button-main\">\n\t<a href=\"https:\/\/smind.mediaform.it\/landingStudent?course=127\">\n\t\t<span class=\"creative_title\">Registrati per Acquistare<\/span>\t<\/a>\n<\/div>\n<div class=\"kc-elm kc-css-285362\" style=\"height: 20px; clear: both; width:100%;\"><\/div>\n<div class=\"kc-elm kc-css-514344 kc-pro-button kc-button-main\">\n\t<a href=\"https:\/\/smind.mediaform.it\/login\">\n\t\t<span class=\"creative_title\">Sei gi\u00e0 registrato<\/span>\t<\/a>\n<\/div>\n<div class=\"kc-elm kc-css-967650\" style=\"height: 20px; clear: both; width:100%;\"><\/div>\n<div class=\"kc-elm kc-css-165511\">\n\t<a class=\"kc_button\" href=\"https:\/\/www.mediaformlanguages.org\/contatti\/\" target=\"_self\" title=\"Diventa un Esaminatore Mediaform\" onclick=\"\">\n\t\tCONTATTACI PER CHIARIMENTI\t<\/a>\n<\/div>\n\n<div class=\"kc-elm kc-css-693199 divider_line\">\n\t<div class=\"divider_inner divider_line1\">\n\t\t\t<\/div>\n<\/div>\n<\/div><\/div><\/div><\/div><\/div><\/div><\/div><\/div><\/div><\/div><\/section>\n","protected":false},"excerpt":{"rendered":"","protected":false},"author":4,"featured_media":0,"parent":0,"menu_order":0,"comment_status":"closed","ping_status":"closed","template":"","meta":{"footnotes":""},"class_list":["post-5697","page","type-page","status-publish","hentry"],"_links":{"self":[{"href":"https:\/\/www.mediaformlanguages.org\/esol\/wp-json\/wp\/v2\/pages\/5697","targetHints":{"allow":["GET"]}}],"collection":[{"href":"https:\/\/www.mediaformlanguages.org\/esol\/wp-json\/wp\/v2\/pages"}],"about":[{"href":"https:\/\/www.mediaformlanguages.org\/esol\/wp-json\/wp\/v2\/types\/page"}],"author":[{"embeddable":true,"href":"https:\/\/www.mediaformlanguages.org\/esol\/wp-json\/wp\/v2\/users\/4"}],"replies":[{"embeddable":true,"href":"https:\/\/www.mediaformlanguages.org\/esol\/wp-json\/wp\/v2\/comments?post=5697"}],"version-history":[{"count":0,"href":"https:\/\/www.mediaformlanguages.org\/esol\/wp-json\/wp\/v2\/pages\/5697\/revisions"}],"wp:attachment":[{"href":"https:\/\/www.mediaformlanguages.org\/esol\/wp-json\/wp\/v2\/media?parent=5697"}],"curies":[{"name":"wp","href":"https:\/\/api.w.org\/{rel}","templated":true}]}}