{"id":5695,"date":"2025-05-09T13:44:45","date_gmt":"2025-05-09T13:44:45","guid":{"rendered":"https:\/\/www.mediaformlanguages.org\/?page_id=5695"},"modified":"2025-12-17T13:01:24","modified_gmt":"2025-12-17T13:01:24","slug":"b1-level-mediaform-dile-qualification-online","status":"publish","type":"page","link":"https:\/\/www.mediaformlanguages.org\/esol\/b1-level-mediaform-dile-qualification-online\/","title":{"rendered":"B1 Level MEDIAFORM D I L E QUALIFICATION (Online)"},"content":{"rendered":"<section class=\"kc-elm kc-css-188028 kc_row\"><div class=\"kc-row-container\"><div class=\"kc-wrap-columns\"><div class=\"kc-elm kc-css-782795 kc_col-sm-12 kc_column kc_col-sm-12\"><div class=\"kc-col-container\"><div class=\"kc-elm kc-css-76816 kc_row kc_row_inner\"><div class=\"kc-elm kc-css-583219 kc_col-sm-12 kc_column_inner kc_col-sm-12\"><div class=\"kc_wrapper kc-col-inner-container\"><div class=\"kc-elm kc-css-331410 kc_row kc_row_inner\"><div class=\"kc-elm kc-css-856666 kc_col-sm-12 kc_column_inner kc_col-sm-12\"><div class=\"kc_wrapper kc-col-inner-container\"><div class=\"kc-elm kc-css-730477 kc_row kc_row_inner\"><div class=\"kc-elm kc-css-375819 kc_col-sm-12 kc_column_inner kc_col-sm-12\"><div class=\"kc_wrapper kc-col-inner-container\">\n<div class=\"kc-elm kc-css-163392 kc-call-to-action kc-cta-2\">\n\n\t<div class=\"kc-cta-desc\"><h2>Differenza tra Esami Online e Esami su Carta \u2013 Diploma De Lengua y Cultura Espa\u00f1ola (DILE)<\/h2><div class=\"kc-cta-text\">Differenza tra Esami Online e Esami su Carta \u2013 Diploma De Lengua y Cultura Espa\u00f1ola (DILE)\r\nGli esami offerti da Mediaform per il conseguimento del Diploma De Lengua y Cultura Espa\u00f1ola (DILE) sono progettati per garantire un'elevata qualit\u00e0 della valutazione, indipendentemente dalla modalit\u00e0 scelta per il loro svolgimento.\r\nLa principale differenza tra gli esami online e gli esami su carta riguarda esclusivamente il supporto utilizzato:\r\n\r\nEsami online: si svolgono al computer, tramite una piattaforma digitale sicura e intuitiva, dove i candidati rispondono direttamente alle domande sul dispositivo.\r\n\r\nEsami su carta: seguono il formato tradizionale, con risposte scritte manualmente su supporto cartaceo.\r\n\r\n\u00c8 fondamentale sottolineare che il contenuto e la struttura degli esami DILE rimangono invariati in entrambe le modalit\u00e0. La valutazione delle competenze linguistiche si basa sugli stessi standard rigorosi, assicurando coerenza, equit\u00e0 e accuratezza.\r\n\r\nIndipendentemente dal formato scelto, gli studenti possono contare su un sistema di esame che garantisce trasparenza, integrit\u00e0 e affidabilit\u00e0 nella misurazione delle competenze nella lingua e cultura spagnola.<\/div><\/div>\n<\/div>\n<div class=\"kc-elm kc-css-149781\" style=\"height: 20px; clear: both; width:100%;\"><\/div><\/div><\/div><\/div><div class=\"kc-elm kc-css-627162 kc_row kc_row_inner\"><div class=\"kc-elm kc-css-379711 kc_col-sm-12 kc_column_inner kc_col-sm-12\"><div class=\"kc_wrapper kc-col-inner-container\">\n<div class=\"kc-elm kc-css-799267 kc-call-to-action kc-cta-2 kc-is-button\">\n\n\t<div class=\"kc-cta-desc\"><h2>PROTOCOLLO D:apos:ESAME<\/h2><div class=\"kc-cta-text\">Importante prendere visione del protocollo d'esame<\/div><\/div><div class=\"kc-cta-button\"><a href=\"https:\/\/www.mediaformlanguages.org\/wp-content\/uploads\/2024\/07\/MEDIAFORM-D-I-L-E_PROTOCOLLO-ESAME-r-1.pdf\" target=\"_blank\">Regole,procedure e protocolli per gli esami DILE ONLINE<\/a><\/div>\n<\/div>\n<div class=\"kc-elm kc-css-605855\" style=\"height: 20px; clear: both; width:100%;\"><\/div><div class=\"kc-elm kc-css-626644 kc_text_block\"><\/p>\n<p>PRENDI ANCHE VISIONE DEI NOSTRI ESAMI E REGOLAMENTI<\/p>\n<p>\n<\/div><div class=\"kc-elm kc-css-634345 kc_row kc_row_inner\"><div class=\"kc-elm kc-css-604231 kc_col-sm-12 kc_column_inner kc_col-sm-12\"><div class=\"kc_wrapper kc-col-inner-container\"><div class=\"kc-elm kc-css-393942 kc_row kc_row_inner\"><div class=\"kc-elm kc-css-323248 kc_col-of-5 kc_column_inner kc_col-of-5\"><div class=\"kc_wrapper kc-col-inner-container\">\r\n\t\t\t<div class=\"kc-elm kc-css-481456 kc-creative-links\">\r\n\t\t\t\t<div class=\"kc-cl cl-effect-8\">\r\n\t\t\t\t\t\r\n\t\t\t\t\t\t<a class=\"cl-text\" href=\"https:\/\/www.mediaformlanguages.org\/wp-content\/uploads\/2024\/07\/D-I-L-E-DESCRIPCION-GENERAL-DE-CADA-NIVEL.pdf\" target=\"_blank\" title=\"PANORAMICA ESAMI DILE\" data-hover=\"PANORAMICA ESAMI MEDIAFORM DILE\">\r\n\t\t\t\t\t\t\t<span data-hover=\"PANORAMICA ESAMI MEDIAFORM DILE\"> <i class=\"mn-icon-345\"><\/i> PANORAMICA ESAMI MEDIAFORM DILE<\/span>\r\n\t\t\t\t\t\t<\/a>\r\n\r\n\t\t\t\t\t\t\t\t\t<\/div>\r\n\t\t\t<\/div>\r\n\r\n\t\t<div class=\"kc-elm kc-css-47111\" style=\"height: 20px; clear: both; width:100%;\"><\/div>\r\n\t\t\t<div class=\"kc-elm kc-css-190954 kc-creative-links\">\r\n\t\t\t\t<div class=\"kc-cl cl-effect-8\">\r\n\t\t\t\t\t\r\n\t\t\t\t\t\t<a class=\"cl-text\" href=\"https:\/\/www.mediaformlanguages.org\/wp-content\/uploads\/2024\/07\/MEDIAFORM_D-I-L-E-ESCALA-MCER.pdf\" target=\"_blank\" title=\"SCALA QUALIFICHE DILE\" data-hover=\"SCALA DELLE QUALIFICHE MEDIAFORM DILE QCER\">\r\n\t\t\t\t\t\t\t<span data-hover=\"SCALA DELLE QUALIFICHE MEDIAFORM DILE QCER\"> <i class=\"mn-icon-345\"><\/i> SCALA DELLE QUALIFICHE MEDIAFORM DILE QCER<\/span>\r\n\t\t\t\t\t\t<\/a>\r\n\r\n\t\t\t\t\t\t\t\t\t<\/div>\r\n\t\t\t<\/div>\r\n\r\n\t\t<div class=\"kc-elm kc-css-775144\" style=\"height: 20px; clear: both; width:100%;\"><\/div>\r\n\t\t\t<div class=\"kc-elm kc-css-70058 kc-creative-links\">\r\n\t\t\t\t<div class=\"kc-cl cl-effect-8\">\r\n\t\t\t\t\t\r\n\t\t\t\t\t\t<a class=\"cl-text\" href=\"https:\/\/www.mediaformlanguages.org\/wp-content\/uploads\/2024\/07\/PROCEDURE-SORVEGLIANZA-AGLI-ESAMI-D-I-L-E.pdf\" target=\"_blank\" title=\"SORVEGLIANZA AGLI ESAMI DILE\" data-hover=\"SORVEGLIANZA AGLI ESAMI DILE\">\r\n\t\t\t\t\t\t\t<span data-hover=\"SORVEGLIANZA AGLI ESAMI DILE\"> <i class=\"mn-icon-345\"><\/i> SORVEGLIANZA AGLI ESAMI DILE<\/span>\r\n\t\t\t\t\t\t<\/a>\r\n\r\n\t\t\t\t\t\t\t\t\t<\/div>\r\n\t\t\t<\/div>\r\n\r\n\t\t<div class=\"kc-elm kc-css-735511\" style=\"height: 20px; clear: both; width:100%;\"><\/div>\r\n\t\t\t<div class=\"kc-elm kc-css-377833 kc-creative-links\">\r\n\t\t\t\t<div class=\"kc-cl cl-effect-8\">\r\n\t\t\t\t\t\r\n\t\t\t\t\t\t<a class=\"cl-text\" href=\"https:\/\/www.mediaformlanguages.org\/wp-content\/uploads\/2025\/05\/Regolamento-del-Candidato-Mediaform-DILE.pdf\" target=\"_blank\" title=\"REGOLAMENTO DEL CANDIDATO DILE\" data-hover=\"REGOLAMENTO DEL CANDIDATO MEDIAFORM DILE :quot:DIPLOMA DE LENGUA Y CULTURA ESPA\u00d1OLA:quot:\">\r\n\t\t\t\t\t\t\t<span data-hover=\"REGOLAMENTO DEL CANDIDATO MEDIAFORM DILE :quot:DIPLOMA DE LENGUA Y CULTURA ESPA\u00d1OLA:quot:\"> <i class=\"mn-icon-345\"><\/i> REGOLAMENTO DEL CANDIDATO MEDIAFORM DILE :quot:DIPLOMA DE LENGUA Y CULTURA ESPA\u00d1OLA:quot:<\/span>\r\n\t\t\t\t\t\t<\/a>\r\n\r\n\t\t\t\t\t\t\t\t\t<\/div>\r\n\t\t\t<\/div>\r\n\r\n\t\t<div class=\"kc-elm kc-css-200348\" style=\"height: 20px; clear: both; width:100%;\"><\/div>\r\n\t\t\t<div class=\"kc-elm kc-css-470491 kc-creative-links\">\r\n\t\t\t\t<div class=\"kc-cl cl-effect-8\">\r\n\t\t\t\t\t\r\n\t\t\t\t\t\t<a class=\"cl-text\" href=\"https:\/\/www.mediaformlanguages.org\/video-tutorial-que-es-el-dile\/\" target=\"_blank\" title=\"\" data-hover=\"VIDEO TUTORIAL DILE \">\r\n\t\t\t\t\t\t\t<span data-hover=\"VIDEO TUTORIAL DILE \"> <i class=\"mn-icon-345\"><\/i> VIDEO TUTORIAL DILE <\/span>\r\n\t\t\t\t\t\t<\/a>\r\n\r\n\t\t\t\t\t\t\t\t\t<\/div>\r\n\t\t\t<\/div>\r\n\r\n\t\t<\/div><\/div><div class=\"kc-elm kc-css-943183 kc_col-sm-3 kc_column_inner kc_col-sm-3\"><div class=\"kc_wrapper kc-col-inner-container\">\r\n\t\t\t<div class=\"kc-elm kc-css-574229 kc-creative-links\">\r\n\t\t\t\t<div class=\"kc-cl cl-effect-8\">\r\n\t\t\t\t\t\r\n\t\t\t\t\t\t<a class=\"cl-text\" href=\"https:\/\/www.mediaformlanguages.org\/wp-content\/uploads\/2025\/04\/SCHEDA-CONFORMITA-OBIETTIVI-DILE-LIVELLI-QCER_rev.pdf\" target=\"_self\" title=\"SCHEMA DI CONFORMITA:apos: OBIETTIVI DILE\" data-hover=\"SCHEMA DI CONFORMIT\u00c0 DEGLI OBIETTIVI LINGUISTICI\">\r\n\t\t\t\t\t\t\t<span data-hover=\"SCHEMA DI CONFORMIT\u00c0 DEGLI OBIETTIVI LINGUISTICI\"> <i class=\"mn-icon-345\"><\/i> SCHEMA DI CONFORMIT\u00c0 DEGLI OBIETTIVI LINGUISTICI<\/span>\r\n\t\t\t\t\t\t<\/a>\r\n\r\n\t\t\t\t\t\t\t\t\t<\/div>\r\n\t\t\t<\/div>\r\n\r\n\t\t<div class=\"kc-elm kc-css-814858\" style=\"height: 20px; clear: both; width:100%;\"><\/div>\r\n\t\t\t<div class=\"kc-elm kc-css-903811 kc-creative-links\">\r\n\t\t\t\t<div class=\"kc-cl cl-effect-8\">\r\n\t\t\t\t\t\r\n\t\t\t\t\t\t<a class=\"cl-text\" href=\"https:\/\/www.mediaformlanguages.org\/wp-content\/uploads\/2024\/07\/DILE-schema-griglia-di-autovalutazione.pdf\" target=\"_blank\" title=\"GRIGLIA DI AUTOVALUTAZIONE\" data-hover=\"GRIGLIA DI AUTOVALUTAZIONE\">\r\n\t\t\t\t\t\t\t<span data-hover=\"GRIGLIA DI AUTOVALUTAZIONE\"> <i class=\"mn-icon-345\"><\/i> GRIGLIA DI AUTOVALUTAZIONE<\/span>\r\n\t\t\t\t\t\t<\/a>\r\n\r\n\t\t\t\t\t\t\t\t\t<\/div>\r\n\t\t\t<\/div>\r\n\r\n\t\t<div class=\"kc-elm kc-css-825578\" style=\"height: 20px; clear: both; width:100%;\"><\/div>\r\n\t\t\t<div class=\"kc-elm kc-css-171764 kc-creative-links\">\r\n\t\t\t\t<div class=\"kc-cl cl-effect-8\">\r\n\t\t\t\t\t\r\n\t\t\t\t\t\t<a class=\"cl-text\" href=\"https:\/\/www.mediaformlanguages.org\/wp-content\/uploads\/2025\/04\/REQUISITI_TECNICI_E_COMPORTAMENTALI_ESAME_ONLINE-DILE-.pdf\" target=\"_blank\" title=\"\" data-hover=\"REQUISITI TECNICI E COMPORTAMENTALI ESAME DILE ONLINE\">\r\n\t\t\t\t\t\t\t<span data-hover=\"REQUISITI TECNICI E COMPORTAMENTALI ESAME DILE ONLINE\"> <i class=\"mn-icon-345\"><\/i> REQUISITI TECNICI E COMPORTAMENTALI ESAME DILE ONLINE<\/span>\r\n\t\t\t\t\t\t<\/a>\r\n\r\n\t\t\t\t\t\t\t\t\t<\/div>\r\n\t\t\t<\/div>\r\n\r\n\t\t<div class=\"kc-elm kc-css-760214\" style=\"height: 20px; clear: both; width:100%;\"><\/div>\r\n\t\t\t<div class=\"kc-elm kc-css-336412 kc-creative-links\">\r\n\t\t\t\t<div class=\"kc-cl cl-effect-8\">\r\n\t\t\t\t\t\r\n\t\t\t\t\t\t<a class=\"cl-text\" href=\"https:\/\/www.mediaformlanguages.org\/prezzi-online\/\" target=\"_blank\" title=\"COSTI MEDIAFORM DILE :quot:Diploma De Lengua Y Cultura Espa\u00f1ola:quot: ONLINE DA CASA\" data-hover=\"COSTI MEDIAFORM DILE :quot:Diploma De Lengua Y Cultura Espa\u00f1ola:quot: ONLINE DA CASA\">\r\n\t\t\t\t\t\t\t<span data-hover=\"COSTI MEDIAFORM DILE :quot:Diploma De Lengua Y Cultura Espa\u00f1ola:quot: ONLINE DA CASA\"> <i class=\"mn-icon-345\"><\/i> COSTI MEDIAFORM DILE :quot:Diploma De Lengua Y Cultura Espa\u00f1ola:quot: ONLINE DA CASA<\/span>\r\n\t\t\t\t\t\t<\/a>\r\n\r\n\t\t\t\t\t\t\t\t\t<\/div>\r\n\t\t\t<\/div>\r\n\r\n\t\t<\/div><\/div><div class=\"kc-elm kc-css-329089 kc_col-sm-3 kc_column_inner kc_col-sm-3\"><div class=\"kc_wrapper kc-col-inner-container\"><div class=\"kc-elm kc-css-47005 kc_shortcode kc_single_image\">\n\n        <a  href=\"https:\/\/www.mediaformlanguages.org\/mediaform-per-la-sostenibilita-ambientale\/\" title=\"\" target=\"_blank\">\n        <img decoding=\"async\" src=\"https:\/\/www.mediaformlanguages.org\/esol\/wp-content\/uploads\/2025\/04\/logo-mediaform-per-la-sostenibilita-2-e1745569066553.png\" class=\"\" alt=\"\" \/>    <\/a>\n    <\/div>\n<\/div><\/div><div class=\"kc-elm kc-css-343571 kc_col-sm-3 kc_column_inner kc_col-sm-3\"><div class=\"kc_wrapper kc-col-inner-container\"><div class=\"kc-elm kc-css-990655 kc_shortcode kc_single_image\">\n\n        <img decoding=\"async\" src=\"https:\/\/www.mediaformlanguages.org\/esol\/wp-content\/uploads\/2024\/06\/logo-D-I-L-E-registrato.jpg\" class=\"\" alt=\"\" \/>    <\/div>\n<\/div><\/div><\/div><\/div><\/div><\/div><\/div><\/div><\/div>\n<div class=\"kc-elm kc-css-805593 divider_line\">\n\t<div class=\"divider_inner divider_line1\">\n\t\t\t<\/div>\n<\/div>\n<\/div><\/div><\/div><\/div><\/div><\/div><div class=\"kc-elm kc-css-84705 kc_row kc_row_inner\"><div class=\"kc-elm kc-css-623946 kc_col-sm-12 kc_column_inner kc_col-sm-12\"><div class=\"kc_wrapper kc-col-inner-container\"><div class=\"kc-elm kc-css-762287 kc_row kc_row_inner\"><div class=\"kc-elm kc-css-506909 kc_col-sm-12 kc_column_inner kc_col-sm-12\"><div class=\"kc_wrapper kc-col-inner-container\"><div class=\"kc-elm kc-css-471330 kc-feature-boxes kc-fb-layout-2\">\n\n\t<div class=\"content-title\">MEDIAFORM E.Q.I.A. \u2013 DILE Nivel Intermedio \u2013 QCER B1<\/div><div class=\"content-desc\">MEDIAFORM E.Q.I.A. \u2013 DILE Nivel Intermedio \u2013 QCER B1 \u2013 TEST ONLINE.DURATA ESAME 3 ORE E 03 MINUTI<\/div>\n<\/div>\n<div data-open-on-mouseover=\"\" data-tab-active=\"1\" data-effect-option=\"\" class=\"kc-elm kc-css-849238 kc_tabs group\">\n\t<div class=\"kc_wrapper ui-tabs kc_clearfix\">\n\t\t<ul class=\"kc_tabs_nav ui-tabs-nav kc_clearfix\">\n\t\t\t<li><a href=\"#\" data-prevent=\"scroll\">DESCRIZIONE<\/a><\/li><li><a href=\"#\" data-prevent=\"scroll\">COMPRENSIONE ORALE<\/a><\/li><li><a href=\"#\" data-prevent=\"scroll\">COMPRENSIONE SCRITTA<\/a><\/li><li><a href=\"#\" data-prevent=\"scroll\">TEST DI PRODUZIONE SCRITTA<\/a><\/li><li><a href=\"#\" data-prevent=\"scroll\">ESPRESSIONE ORALE<\/a><\/li><li><a href=\"#\" data-prevent=\"scroll\"><i class=\"mn-icon-41\"><\/i> MEDIAFORM E.Q.I.A. \u2013 Guida ai Risultati delle Certificazioni DILE<\/a><\/li><li><a href=\"#\" data-prevent=\"scroll\"><i class=\"mn-icon-3\"><\/i> Risultati e Consegna del Certificato<\/a><\/li><li><a href=\"#\" data-prevent=\"scroll\"><i class=\"mn-icon-41\"><\/i> Esempio di certificato<\/a><\/li><li><a href=\"#\" data-prevent=\"scroll\">Descrittori globali dei livelli di competenza del QCER<\/a><\/li>\t\t<\/ul>\n\t\t<div id=\"descrizione\" class=\"kc-elm kc-css-608677 kc_tab ui-tabs-panel kc_ui-tabs-hide kc_clearfix \"><div class=\"kc_tab_content\"><div class=\"kc-elm kc-css-664735 kc_text_block\"><\/p>\n<p class=\"\" data-start=\"145\" data-end=\"328\">L&#039;esame per ottenere la certificazione<strong data-start=\"145\" data-end=\"240\"> MEDIAFORM E.Q.I.A. DILE Livello Intermedio \u2013 QCER B1<\/strong> \u00e8 suddiviso in <strong>4 prove<\/strong>, corrispondenti alle diverse competenze richieste dal QCER\/CEFR.<\/p>\n<p class=\"\" data-start=\"330\" data-end=\"447\"><strong data-start=\"330\" data-end=\"364\">Prova 1: Comprensione Orale<\/strong><br data-start=\"364\" data-end=\"367\">I candidati affronteranno esercizi di comprensione orale adeguati al livello B1.<\/p>\n<p class=\"\" data-start=\"449\" data-end=\"631\"><strong data-start=\"449\" data-end=\"507\">Prova 2: Comprensione della Lettura e Uso della Lingua<\/strong><br data-start=\"507\" data-end=\"510\">In questa prova si valuteranno la comprensione di testi scritti e l\u2019uso corretto della lingua in contesti pi\u00f9 articolati.<\/p>\n<p class=\"\" data-start=\"633\" data-end=\"771\"><strong data-start=\"633\" data-end=\"665\">Prova 3: Espressione Scritta<\/strong><br data-start=\"665\" data-end=\"668\">I candidati dovranno produrre testi scritti coerenti, chiari e strutturati, in linea con il livello B1.<\/p>\n<p class=\"\" data-start=\"773\" data-end=\"946\"><strong data-start=\"773\" data-end=\"817\">Prova 4: Espressione e Interazione Orale<\/strong><br data-start=\"817\" data-end=\"820\">La prova finale consiste in un colloquio orale per valutare la capacit\u00e0 di esprimersi e interagire in modo efficace in lingua.<\/p>\n<p class=\"\" data-start=\"948\" data-end=\"1109\">Per ciascuna prova, i candidati troveranno esercizi specifici volti a valutare le competenze richieste dal QCER\/CEFR per il livello di certificazione desiderato.<\/p>\n<p>\n<\/div><div data-closeall=\"true\" class=\"kc-elm kc-css-58630 kc_accordion_wrapper\">\n<div class=\"kc-elm kc-css-211681 kc_accordion_section group \"><h3 class=\"kc_accordion_header ui-accordion-header\"><span class=\"ui-accordion-header-icon ui-icon\"><\/span><a href=\"#apri-schema-di-conformita-degli-obiettivi-linguistici-livello-b1\" data-prevent=\"scroll\"><i class=\"fa-star\"><\/i> Apri-Schema di Conformit\u00e0 degli Obiettivi Linguistici - Livello B1<\/a><\/h3><div class=\"kc_accordion_content ui-accordion-content kc_clearfix\"><div class=\"kc-panel-body\">\n<div class=\"kc-elm kc-css-158752\">\n\t<a class=\"kc_button\" href=\"https:\/\/www.mediaformlanguages.org\/wp-content\/uploads\/2025\/04\/B1-CONFORMITA-DILE.pdf\" target=\"_self\" title=\"\" onclick=\"\">\n\t\tClicca per visualizzare il documento\t<\/a>\n<\/div>\n<\/div><\/div><\/div><\/div>\n<\/div><\/div><div id=\"comprensione-orale\" class=\"kc-elm kc-css-689048 kc_tab ui-tabs-panel kc_ui-tabs-hide kc_clearfix \"><div class=\"kc_tab_content\"><div class=\"kc-elm kc-css-327111 kc_text_block\"><\/p>\n<p class=\"\" data-start=\"0\" data-end=\"90\"><strong data-start=\"0\" data-end=\"52\">PROVA 1: Comprensione Auditiva \u2013 LIVELLO B1 QCER<\/strong><br data-start=\"52\" data-end=\"55\" \/><strong data-start=\"55\" data-end=\"78\">Durata della prova:<\/strong> 35 minuti<\/p>\n<p class=\"\" data-start=\"92\" data-end=\"467\">In questa PROVA, ai candidati verr\u00e0 richiesto di ascoltare le registrazioni proposte e rispondere alle domande degli esercizi corrispondenti per valutare le abilit\u00e0 richieste per il livello B1 QCER\/CEFR. Il candidato trover\u00e0 le istruzioni per ciascun esercizio da svolgere. Il candidato pu\u00f2 tentare ogni esercizio una sola volta ma pu\u00f2 ascoltare le registrazioni due volte.<\/p>\n<\/p>\n<p class=\"\" data-start=\"469\" data-end=\"611\">La PROVA di Comprensione Auditiva vale un massimo di 25 punti su 100 per ottenere il <strong data-start=\"554\" data-end=\"611\" data-is-last-node=\"\">MEDIAFORM E.Q.I.A. DILE LIVELLO INTERMEDIO \u2013 QCER B1.<\/strong><\/p>\n<p>\n<\/div><\/div><\/div><div id=\"comprensione-scritta\" class=\"kc-elm kc-css-254726 kc_tab ui-tabs-panel kc_ui-tabs-hide kc_clearfix \"><div class=\"kc_tab_content\"><div class=\"kc-elm kc-css-59303 kc_text_block\"><\/p>\n<p class=\"\" data-start=\"0\" data-end=\"114\"><strong data-start=\"0\" data-end=\"58\">PROVA 2: Comprensione della Lettura e Uso della Lingua<\/strong><br data-start=\"58\" data-end=\"61\" \/><strong data-start=\"61\" data-end=\"80\">LIVELLO B1 QCER<\/strong><br data-start=\"80\" data-end=\"83\" data-is-only-node=\"\" \/><strong data-start=\"83\" data-end=\"102\">Durata massima:<\/strong> 75 minuti<\/p>\n<p class=\"\" data-start=\"116\" data-end=\"403\">In questa PROVA, ai candidati verr\u00e0 richiesto di completare esercizi di grammatica e di lettura per valutare le abilit\u00e0 corrispondenti al livello B1 QCER\/CEFR. Il candidato trover\u00e0 le istruzioni per ciascun esercizio da svolgere. Il candidato pu\u00f2 tentare ogni esercizio una sola volta.<\/p>\n<p class=\"\" data-start=\"405\" data-end=\"571\">La PROVA di Comprensione della Lettura e Uso della Lingua vale un massimo di 25 punti su 100 per ottenere il <strong data-start=\"514\" data-end=\"571\" data-is-last-node=\"\">MEDIAFORM E.Q.I.A. DILE LIVELLO INTERMEDIO \u2013 QCER B1.<\/strong><\/p>\n<p>\n<\/div><\/div><\/div><div id=\"test-di-produzione-scritta\" class=\"kc-elm kc-css-919964 kc_tab ui-tabs-panel kc_ui-tabs-hide kc_clearfix \"><div class=\"kc_tab_content\"><div class=\"kc-elm kc-css-495809 kc_text_block\"><\/p>\n<p class=\"\" data-start=\"0\" data-end=\"84\"><strong data-start=\"0\" data-end=\"50\">PROVA 3: Espressione Scritta \u2013 LIVELLO B1 QCER<\/strong><br data-start=\"50\" data-end=\"53\" \/><strong data-start=\"53\" data-end=\"72\">Durata Massima:<\/strong> 60 minuti<\/p>\n<p class=\"\" data-start=\"86\" data-end=\"408\">In questa PROVA, ai candidati verr\u00e0 richiesto di scegliere 2 delle 4 opzioni proposte per valutare le abilit\u00e0 corrispondenti al livello B1 QCER\/CEFR. Il candidato trover\u00e0 le istruzioni per ciascun esercizio da svolgere. Il candidato pu\u00f2 tentare ogni esercizio una sola volta, ma pu\u00f2 ascoltare le registrazioni due volte.<\/p>\n<p class=\"\" data-start=\"410\" data-end=\"550\">La PROVA di Espressione Scritta vale un massimo di 25 punti su 100 per ottenere il <strong data-start=\"493\" data-end=\"550\" data-is-last-node=\"\">MEDIAFORM E.Q.I.A. DILE LIVELLO INTERMEDIO \u2013 QCER B1.<\/strong><\/p>\n<p>\n<\/div><\/div><\/div><div id=\"espressione-orale\" class=\"kc-elm kc-css-277778 kc_tab ui-tabs-panel kc_ui-tabs-hide kc_clearfix \"><div class=\"kc_tab_content\"><div class=\"kc-elm kc-css-794350 kc_text_block\"><\/p>\n<p class=\"\" data-start=\"0\" data-end=\"100\"><strong data-start=\"0\" data-end=\"62\">ROVA 4: Espressione e Interazione Orale \u2013 LIVELLO B1 QCER<\/strong><br data-start=\"62\" data-end=\"65\" \/><strong data-start=\"65\" data-end=\"88\">Durata della prova:<\/strong> 13 minuti<\/p>\n<p class=\"\" data-start=\"102\" data-end=\"267\">In questa PROVA, ai candidati verr\u00e0 richiesto di rispondere alle domande formulate dall&#039;esaminatore per valutare le abilit\u00e0 corrispondenti al livello B1 QCER\/CEFR.<\/p>\n<p class=\"\" data-start=\"269\" data-end=\"421\">La PROVA di Espressione e Interazione Orale vale un massimo di 25 punti su 100 per ottenere il <strong data-start=\"364\" data-end=\"421\" data-is-last-node=\"\">MEDIAFORM E.Q.I.A. DILE LIVELLO INTERMEDIO \u2013 QCER B1.<\/strong><\/p>\n<p>\n<\/div><\/div><\/div><div id=\"mediaform-e-q-i-a-guida-ai-risultati-delle-certificazioni-dile\" class=\"kc-elm kc-css-198020 kc_tab ui-tabs-panel kc_ui-tabs-hide kc_clearfix \"><div class=\"kc_tab_content\"><div class=\"kc-elm kc-css-563717 kc_text_block\"><\/p>\n<p>In questa guida trovi tutte le informazioni sui risultati degli esami DILE. Clicca sotto per leggere i dettagli<\/p>\n<p>\n<\/div><div data-closeall=\"true\" class=\"kc-elm kc-css-84211 kc_accordion_wrapper\">\n<div class=\"kc-elm kc-css-938105 kc_accordion_section group \"><h3 class=\"kc_accordion_header ui-accordion-header\"><span class=\"ui-accordion-header-icon ui-icon\"><\/span><a href=\"#guida-ai-risultati\" data-prevent=\"scroll\"><i class=\"\"><\/i> Guida ai Risultati<\/a><\/h3><div class=\"kc_accordion_content ui-accordion-content kc_clearfix\"><div class=\"kc-panel-body\">\n<div class=\"kc-elm kc-css-731577\">\n\t<a class=\"kc_button\" href=\"https:\/\/www.mediaformlanguages.org\/wp-content\/uploads\/2024\/07\/GUIA-DE-RESULTADOS.pdf\" target=\"_blank\" title=\"\" onclick=\"\">\n\t\t<i class=\"mn-icon-41\"><\/i> APRI\t<\/a>\n<\/div>\n<\/div><\/div><\/div><\/div>\n<\/div><\/div><div id=\"risultati-e-consegna-del-certificato\" class=\"kc-elm kc-css-84516 kc_tab ui-tabs-panel kc_ui-tabs-hide kc_clearfix \"><div class=\"kc_tab_content\"><div class=\"kc-elm kc-css-647543 kc_text_block\"><\/p>\n<p class=\"\" data-start=\"38\" data-end=\"256\">I risultati saranno disponibili entro 10 giorni lavorativi dalla data dell&#039;esame e saranno inseriti nella piattaforma del candidato o nel MAC Test Center, dove sar\u00e0 possibile scaricare il certificato dei risultati.<\/p>\n<p class=\"\" data-start=\"258\" data-end=\"507\">Il certificato cartaceo sar\u00e0 inviato al Mediaform MAC Center presso il quale il candidato ha sostenuto l\u2019esame e sar\u00e0 consegnato al candidato entro 30 giorni dal superamento dell\u2019esame. Il candidato pu\u00f2 decidere di riceverlo direttamente a casa.<\/p>\n<p>\n<\/div><\/div><\/div><div id=\"esempio-di-certificato\" class=\"kc-elm kc-css-581472 kc_tab ui-tabs-panel kc_ui-tabs-hide kc_clearfix \"><div class=\"kc_tab_content\"><div data-closeall=\"true\" class=\"kc-elm kc-css-20913 kc_accordion_wrapper\">\n<div class=\"kc-elm kc-css-238136 kc_accordion_section group \"><h3 class=\"kc_accordion_header ui-accordion-header\"><span class=\"ui-accordion-header-icon ui-icon\"><\/span><a href=\"#clicca-per-visualizzare-un-esempio-del-certificato-fronte-e-retro\" data-prevent=\"scroll\"><i class=\"\"><\/i> Clicca per visualizzare un esempio del certificato (fronte e retro)<\/a><\/h3><div class=\"kc_accordion_content ui-accordion-content kc_clearfix\"><div class=\"kc-panel-body\">\n<div class=\"kc-elm kc-css-489916\">\n\t<a class=\"kc_button\" href=\"https:\/\/www.mediaformlanguages.org\/wp-content\/uploads\/2024\/07\/certificato-fronte-retro-livello-B1-del-QCER-.pdf\" target=\"_blank\" title=\"\" onclick=\"\">\n\t\tAPRI\t<\/a>\n<\/div>\n<\/div><\/div><\/div><\/div>\n<\/div><\/div><div id=\"descrittori-globali-dei-livelli-di-competenza-del-qcer\" class=\"kc-elm kc-css-179292 kc_tab ui-tabs-panel kc_ui-tabs-hide kc_clearfix \"><div class=\"kc_tab_content\"><div class=\"kc-elm kc-css-347151 kc_text_block\"><\/p>\n<p><strong>B1 Soglia\u00a0<\/strong><\/p>\n<p>\u00c8 in grado di comprendere i punti essenziali di messaggi chiari in lingua standard su argomenti familiari che affronta regolarmente nel lavoro, nello studio, nel tempo libero, ecc. \u00c8 in grado di affrontare la maggior parte delle situazioni che si possono presentare viaggiando in una regione in cui si parla la lingua in questione. \u00c8 in grado di produrre testi semplici e coerenti su argomenti che gli sono familiari o di interesse personale. \u00c8 in grado di descrivere esperienze e avvenimenti, sogni, speranze e ambizioni e di esporre brevemente ragioni e spiegazioni a sostegno di opinioni e progetti.<\/p>\n<p>\n<\/div><\/div><\/div>\t<\/div>\n<\/div>\n\n\n<div class=\"kc-elm kc-css-87954 kc_text_block\"><\/p>\n<h2>Costo\u00a0 195,00 \u20ac.<\/h2>\n<p>\n<\/div>\n<div class=\"kc-elm kc-css-369717 kc-pro-button kc-button-main\">\n\t<a href=\"https:\/\/smind.mediaform.it\/landingStudent?course=126\">\n\t\t<span class=\"creative_title\">Registrati per Acquistare<\/span>\t<\/a>\n<\/div>\n<div class=\"kc-elm kc-css-947077\" style=\"height: 20px; clear: both; width:100%;\"><\/div>\n<div class=\"kc-elm kc-css-188365 kc-pro-button kc-button-main\">\n\t<a href=\"https:\/\/smind.mediaform.it\/login\">\n\t\t<span class=\"creative_title\">Sei gi\u00e0 registrato<\/span>\t<\/a>\n<\/div>\n<div class=\"kc-elm kc-css-287054\" style=\"height: 20px; clear: both; width:100%;\"><\/div>\n<div class=\"kc-elm kc-css-646807\">\n\t<a class=\"kc_button\" href=\"https:\/\/www.mediaformlanguages.org\/contatti\/\" target=\"_self\" title=\"Diventa un Esaminatore Mediaform\" onclick=\"\">\n\t\tCONTATTACI PER CHIARIMENTI\t<\/a>\n<\/div>\n\n<div class=\"kc-elm kc-css-621330 divider_line\">\n\t<div class=\"divider_inner divider_line1\">\n\t\t\t<\/div>\n<\/div>\n<\/div><\/div><\/div><\/div><\/div><\/div><\/div><\/div><\/div><\/div><\/section>\n","protected":false},"excerpt":{"rendered":"","protected":false},"author":4,"featured_media":0,"parent":0,"menu_order":0,"comment_status":"closed","ping_status":"closed","template":"","meta":{"footnotes":""},"class_list":["post-5695","page","type-page","status-publish","hentry"],"_links":{"self":[{"href":"https:\/\/www.mediaformlanguages.org\/esol\/wp-json\/wp\/v2\/pages\/5695","targetHints":{"allow":["GET"]}}],"collection":[{"href":"https:\/\/www.mediaformlanguages.org\/esol\/wp-json\/wp\/v2\/pages"}],"about":[{"href":"https:\/\/www.mediaformlanguages.org\/esol\/wp-json\/wp\/v2\/types\/page"}],"author":[{"embeddable":true,"href":"https:\/\/www.mediaformlanguages.org\/esol\/wp-json\/wp\/v2\/users\/4"}],"replies":[{"embeddable":true,"href":"https:\/\/www.mediaformlanguages.org\/esol\/wp-json\/wp\/v2\/comments?post=5695"}],"version-history":[{"count":0,"href":"https:\/\/www.mediaformlanguages.org\/esol\/wp-json\/wp\/v2\/pages\/5695\/revisions"}],"wp:attachment":[{"href":"https:\/\/www.mediaformlanguages.org\/esol\/wp-json\/wp\/v2\/media?parent=5695"}],"curies":[{"name":"wp","href":"https:\/\/api.w.org\/{rel}","templated":true}]}}