{"id":5323,"date":"2025-05-01T17:26:36","date_gmt":"2025-05-01T17:26:36","guid":{"rendered":"https:\/\/www.mediaformlanguages.org\/?page_id=5323"},"modified":"2025-05-01T19:29:48","modified_gmt":"2025-05-01T19:29:48","slug":"5323-2","status":"publish","type":"page","link":"https:\/\/www.mediaformlanguages.org\/esol\/5323-2\/","title":{"rendered":"VERIFICA CERTIFICATI ESOL E DILE"},"content":{"rendered":"<section class=\"kc-elm kc-css-493939 kc_row\"><div class=\"kc-row-container  kc-container\"><div class=\"kc-wrap-columns\"><div class=\"kc-elm kc-css-451637 kc_col-sm-12 kc_column kc_col-sm-12\"><div class=\"kc-col-container\"><div class=\"kc-elm kc-css-833175 kc_row kc_row_inner\"><div class=\"kc-elm kc-css-337013 kc_col-sm-6 kc_column_inner kc_col-sm-6\"><div class=\"kc_wrapper kc-col-inner-container\"><div class=\"kc-elm kc-css-121088 kc_row kc_row_inner\"><div class=\"kc-elm kc-css-27181 kc_col-sm-12 kc_column_inner kc_col-sm-12\"><div class=\"kc_wrapper kc-col-inner-container\"><div class=\"kc-elm kc-css-274121 kc_text_block\"><\/p>\n<div style=\"max-width: 900px; margin: 40px auto; padding: 30px; border-radius: 12px; background: #fdfdfd; border: 1px solid #d0e5f9; box-shadow: 0 4px 12px rgba(0,0,0,0.06); font-family: &#039;Segoe UI&#039;, sans-serif; color: #333;\">\n<h2 style=\"margin-bottom: 20px; color: #003366; font-size: 24px; border-left: 6px solid #3399ff; padding-left: 12px;\">Verifica l\u2019autenticit\u00e0 dei certificati ESOL<\/h2>\n<p style=\"line-height: 1.6; font-size: 16px;\">Attraverso questo servizio, \u00e8 possibile verificare la <strong>validit\u00e0 e la veridicit\u00e0<\/strong> dei certificati rilasciati da <strong>Mediaform<\/strong> ai docenti e ai candidati che hanno partecipato ai nostri percorsi formativi o sostenuto esami di <strong>certificazione linguistica ESOL<\/strong>.<\/p>\n<p style=\"line-height: 1.6; font-size: 16px;\">Le <strong>istituzioni scolastiche<\/strong>, gli <strong>enti pubblici e privati<\/strong> e i <strong>referenti amministrativi<\/strong> possono accedere al nostro sistema di <strong>verifica esiti<\/strong>, semplice e trasparente.<\/p>\n<p style=\"line-height: 1.6; font-size: 16px;\"><strong>Mediaform<\/strong> sostiene il lavoro delle scuole, delle pubbliche amministrazioni e degli enti accreditati offrendo uno <strong>strumento affidabile<\/strong> per il riconoscimento ufficiale delle competenze. Garantiamo <strong>trasparenza, sicurezza dei dati<\/strong> e <strong>tracciabilit\u00e0<\/strong> dei certificati.<\/p>\n<div style=\"text-align: center; margin-top: 30px;\"><a style=\"display: inline-block; background-color: #003366; color: #fff; padding: 12px 28px; border-radius: 8px; text-decoration: none; font-weight: bold; font-size: 16px;\" href=\"https:\/\/www.mediaform.it\/verify-certificates\"><br \/>\ud83d\udc49 Clicca qui per accedere alla verifica ESOL<br \/><\/a><\/div>\n<\/div>\n<p>\n<\/div><\/div><\/div><\/div><\/div><\/div><div class=\"kc-elm kc-css-65664 kc_col-sm-6 kc_column_inner kc_col-sm-6\"><div class=\"kc_wrapper kc-col-inner-container\"><div class=\"kc-elm kc-css-154810 kc_row kc_row_inner\"><div class=\"kc-elm kc-css-234283 kc_col-sm-12 kc_column_inner kc_col-sm-12\"><div class=\"kc_wrapper kc-col-inner-container\"><div class=\"kc-elm kc-css-51158 kc_text_block\"><\/p>\n<div style=\"max-width: 900px; margin: 42px auto; padding: 30px; border-radius: 12px; background: #fdfdfd; border: 1px solid #f5cccc; box-shadow: 0 4px 12px rgba(0,0,0,0.06); font-family: 'Segoe UI', sans-serif; color: #333;\">\n<h2 style=\"margin-bottom: 20px; color: #990000; font-size: 24px; border-left: 6px solid #e60000; padding-left: 12px;\">Verifica l\u2019autenticit\u00e0 dei certificati DILE<\/h2>\n<p style=\"line-height: 1.5; font-size: 16px;\">Attraverso questo servizio, \u00e8 possibile verificare la <strong>validit\u00e0 e la veridicit\u00e0<\/strong> dei certificati rilasciati da <strong>Mediaform<\/strong> ai docenti e ai candidati che hanno partecipato ai nostri percorsi formativi o sostenuto esami di <strong>certificazione linguistica DILE <span style=\"font-size: 14px; font-style: inherit;\">Diploma De Lengua Y Cultura Espanola<\/span><\/strong>.<\/p>\n<p style=\"line-height: 1.5; font-size: 16px;\">Le <strong>istituzioni scolastiche<\/strong>, gli <strong>enti pubblici e privati<\/strong> e i <strong>referenti amministrativi<\/strong> possono accedere al nostro sistema di <strong>verifica esiti<\/strong>, semplice e trasparente.<\/p>\n<p style=\"line-height: 1.5; font-size: 16px;\"><strong>Mediaform<\/strong> sostiene il lavoro delle scuole, delle pubbliche amministrazioni e degli enti accreditati offrendo uno <strong>strumento affidabile<\/strong> per il riconoscimento ufficiale delle competenze. Garantiamo <strong>trasparenza, sicurezza dei dati<\/strong> e <strong>tracciabilit\u00e0<\/strong> dei certificati.<\/p>\n<div style=\"text-align: center; margin-top: 20px;\"><a style=\"display: inline-block; background-color: #cc0000; color: #fff; padding: 12px 28px; border-radius: 8px; text-decoration: none; font-weight: bold; font-size: 16px;\" href=\"https:\/\/www.mediaform.it\/verify-certificates\"><br \/>\ud83d\udc49 Clicca qui per accedere alla verifica DILE<br \/><\/a><\/div>\n<\/div>\n<p>\n<\/div><\/div><\/div><\/div><\/div><\/div><\/div><div class=\"kc-elm kc-css-954076 kc_row kc_row_inner\"><div class=\"kc-elm kc-css-774503 kc_col-sm-12 kc_column_inner kc_col-sm-12\"><div class=\"kc_wrapper kc-col-inner-container\"><div class=\"kc-elm kc-css-294702\" style=\"height: 20px; clear: both; width:100%;\"><\/div><\/div><\/div><\/div><\/div><\/div><\/div><\/div><\/section>\n","protected":false},"excerpt":{"rendered":"","protected":false},"author":4,"featured_media":0,"parent":0,"menu_order":0,"comment_status":"closed","ping_status":"closed","template":"","meta":{"footnotes":""},"class_list":["post-5323","page","type-page","status-publish","hentry"],"_links":{"self":[{"href":"https:\/\/www.mediaformlanguages.org\/esol\/wp-json\/wp\/v2\/pages\/5323","targetHints":{"allow":["GET"]}}],"collection":[{"href":"https:\/\/www.mediaformlanguages.org\/esol\/wp-json\/wp\/v2\/pages"}],"about":[{"href":"https:\/\/www.mediaformlanguages.org\/esol\/wp-json\/wp\/v2\/types\/page"}],"author":[{"embeddable":true,"href":"https:\/\/www.mediaformlanguages.org\/esol\/wp-json\/wp\/v2\/users\/4"}],"replies":[{"embeddable":true,"href":"https:\/\/www.mediaformlanguages.org\/esol\/wp-json\/wp\/v2\/comments?post=5323"}],"version-history":[{"count":0,"href":"https:\/\/www.mediaformlanguages.org\/esol\/wp-json\/wp\/v2\/pages\/5323\/revisions"}],"wp:attachment":[{"href":"https:\/\/www.mediaformlanguages.org\/esol\/wp-json\/wp\/v2\/media?parent=5323"}],"curies":[{"name":"wp","href":"https:\/\/api.w.org\/{rel}","templated":true}]}}