{"id":4368,"date":"2025-04-22T16:15:21","date_gmt":"2025-04-22T16:15:21","guid":{"rendered":"https:\/\/www.mediaformlanguages.org\/?page_id=4368"},"modified":"2025-04-22T19:14:08","modified_gmt":"2025-04-22T19:14:08","slug":"requisiti-correttore-dile-3","status":"publish","type":"page","link":"https:\/\/www.mediaformlanguages.org\/esol\/requisiti-correttore-dile-3\/","title":{"rendered":"REQUISITI CORRETTORE DILE"},"content":{"rendered":"<section class=\"kc-elm kc-css-72222 kc_row\"><div class=\"kc-row-container  kc-container\"><div class=\"kc-wrap-columns\"><div class=\"kc-elm kc-css-518280 kc_col-sm-12 kc_column kc_col-sm-12\"><div class=\"kc-col-container\"><div class=\"kc-elm kc-css-656962 kc_text_block\"><\/p>\n<p><style type=\"text\/css\"><span data-mce-type=\"bookmark\" style=\"display: inline-block; width: 0px; overflow: hidden; line-height: 0;\" class=\"mce_SELRES_start\">\ufeff<\/span><\/style>\n<\/p>\n<section class=\"kc-elm kc-css-216891 kc_row\">\n<div class=\"kc-row-container kc-container\">\n<div class=\"kc-wrap-columns\">\n<div class=\"kc-elm kc-css-198739 kc_col-sm-12 kc_column kc_col-sm-12\">\n<div class=\"kc-col-container\">\n<div class=\"kc-elm kc-css-831806 kc_text_block\">\n<style type=\"text\/css\"><span data-mce-type=\"bookmark\" style=\"display: inline-block; width: 0px; overflow: hidden; line-height: 0;\" class=\"mce_SELRES_start\">\ufeff<\/span>@media only screen and (min-width: 1000px) and (max-width: 5000px){body.kc-css-system .kc-css-344684{width: 100%;}body.kc-css-system .kc-css-426357{width: 100%;}}body.kc-css-system .kc-css-646205 .message-box-wrap{font-size: 20Px;}body.kc-css-system .kc-css-571154 .kc_button{background-color: #154f82;}body.kc-css-system .kc-css-571154{text-align: right;}<\/style>\n<section class=\"kc-elm kc-css-904961 kc_row\">\n<div class=\"kc-row-container kc-container\">\n<div class=\"kc-wrap-columns\">\n<div class=\"kc-elm kc-css-99841 kc_col-sm-12 kc_column kc_col-sm-12\">\n<div class=\"kc-col-container\">\n<div class=\"kc-elm kc-css-359977 kc_row kc_row_inner\">\n<div class=\"kc-elm kc-css-344684 kc_col-sm-12 kc_column_inner kc_col-sm-12\">\n<div class=\"kc_wrapper kc-col-inner-container\">\n<div class=\"kc-elm kc-css-539388 kc_text_block\">\n<h2><strong>\u2705 Requisiti per il ruolo di Correttore Mediaform DILE<\/strong><\/h2>\n<p>Per svolgere il ruolo di <strong>correttore<\/strong>\u00a0degli esami <strong>Mediaform DILE<\/strong> (Diploma de Lengua y Cultura Espa\u00f1ola), \u00e8 necessario possedere una combinazione di competenze linguistiche, esperienze didattiche e capacit\u00e0 valutative specifiche. Di seguito i principali requisiti richiesti:<\/p>\n<p><strong>\ud83d\udcd8 1. Formazione accademica<\/strong><\/p>\n<ul>\n<li>Laurea in Lingue, Linguistica o discipline affini.<\/li>\n<li>Costituisce titolo preferenziale il possesso di un master o certificazioni in glottodidattica, docimologia o valutazione linguistica.<\/li>\n<li>\u00c8 richiesta una <strong>conoscenza approfondita della lingua spagnola<\/strong>, almeno di livello C1 certificato, oppure essere madrelingua spagnola.<\/li>\n<\/ul>\n<p><strong>\ud83e\uddd1\u200d\ud83c\udfeb 2. Esperienza professionale<\/strong><\/p>\n<ul>\n<li><strong>Esperienza nell\u2019insegnamento della lingua spagnola<\/strong> a stranieri.<\/li>\n<li>Esperienza pregressa nella <strong>valutazione linguistica<\/strong>, preferibilmente in contesti strutturati come certificazioni ufficiali.<\/li>\n<li>Familiarit\u00e0 con le <strong>linee guida del Quadro Comune Europeo di Riferimento per le Lingue (CEFR)<\/strong>.<\/li>\n<\/ul>\n<p><strong>\ud83d\udcca 3. Competenze tecniche e valutative<\/strong><\/p>\n<ul>\n<li>Capacit\u00e0 di <strong>correggere prove scritte<\/strong> secondo griglie di valutazione predefinite.<\/li>\n<li>Abilit\u00e0 nell\u2019<strong>assegnare punteggi oggettivi e coerenti<\/strong>.<\/li>\n<li>Attenzione al dettaglio, rigore nella correzione e <strong>imparzialit\u00e0 nel giudizio<\/strong>.<\/li>\n<li>Familiarit\u00e0 con strumenti digitali per la <strong>gestione, assegnazione e revisione delle prove scritte<\/strong>.<\/li>\n<\/ul>\n<p><strong>\ud83e\udde0 4. Competenze trasversali<\/strong><\/p>\n<ul>\n<li>Obiettivit\u00e0, etica professionale e riservatezza nella gestione delle prove e dei dati dei candidati.<\/li>\n<li>Capacit\u00e0 di operare anche sotto scadenze serrate mantenendo alti standard qualitativi.<\/li>\n<\/ul>\n<p><strong>\ud83d\udd04 5. Partecipazione ad attivit\u00e0 formative<\/strong><\/p>\n<ul>\n<li>I correttori devono partecipare <strong>obbligatoriamente alle attivit\u00e0 di formazione e aggiornamento<\/strong> organizzate da Mediaform, per garantire l\u2019uniformit\u00e0 e la qualit\u00e0 del processo di valutazione.<\/li>\n<\/ul>\n<p><strong>\ud83d\udcc4 6. Inquadramento contrattuale<\/strong><\/p>\n<ul>\n<li>Per ogni collaborazione con Mediaform sar\u00e0 stipulato un regolare atto o contratto di assunzione e\/o collaborazione, e\/o prestazione d\u2019opera giuridicamente valido.<\/li>\n<li>Il contratto sar\u00e0 redatto nel rispetto della normativa vigente in materia di impiego, con particolare riferimento alla disciplina sulla tutela del lavoro autonomo (D.Lgs. 81\/2017) e alla disciplina organica dei contratti di lavoro (D.Lgs. 81\/2015).<\/li>\n<\/ul>\n<p><strong>In sintesi:<\/strong><\/p>\n<p>Il Correttore Mediaform DILE svolge un ruolo fondamentale nel garantire l\u2019equit\u00e0, la coerenza e l\u2019accuratezza nella valutazione delle prove scritte degli esami di certificazione della lingua spagnola. Si richiede professionalit\u00e0, competenza e costante aggiornamento.<\/p>\n<h1>\u00a0 \u00a0 \u00a0 \u00a0 \u00a0 \u00a0 \u00a0 \u00a0 \u00a0 \u00a0 \u00a0 \u00a0 \u00a0 \u00a0 \u00a0 \u00a0 \u00a0 \u00a0 \u00a0 \u00a0 \u00a0 \u00a0 \u00a0 \u00a0 \u00a0 \u00a0 \u00a0 \u00a0 \u00a0 \u00a0 \u00a0 \u00a0 \u00a0 \u00a0 \u00a0 \u00a0 \u00a0 \u00a0 \u00a0 \u00a0 \u00a0 \u00a0 \u00a0 \u00a0 \u00a0 \u00a0 \u00a0 \u00a0 \u00a0 \u00a0 \u00a0 \u00a0 \u00a0 \u00a0 \u00a0 \u00a0 \u00a0 \u00a0 \u00a0 \u00a0 \u00a0 \u00a0 \u00a0 \u00a0 \u00a0 \u00a0 \u00a0 \u00a0 \u00a0 \u00a0 \u00a0 \u00a0 \u00a0 \u00a0 \u00a0 \u00a0 \u00a0 \u00a0 \u00a0 \u00a0 \u00a0 \u00a0 \u00a0 \u00a0 \u00a0 \u00a0 \u00a0 \u00a0 \u00a0 \u00a0 \u00a0 \u00a0 \u00a0 \u00a0 \u00a0 \u00a0 \u00a0 \u00a0 \u00a0 \u00a0 \u00a0 \u00a0 \u00a0 \u00a0 \u00a0 \u00a0 \u00a0 \u00a0 \u00a0 \u00a0 \u00a0 \u00a0 \u00a0 \u00a0 \u00a0 \u00a0 \u00a0 \u00a0 \u00a0 \u00a0\u00a0<a class=\"kc_button\" style=\"font-size: 16px;\" title=\"Candidati come Test Developer\" href=\"https:\/\/www.mediaformlanguages.org\/diventa-un-correttore-mediaform-dile\/\" data-on=\"\">Torna indietro<\/a><\/h1>\n<\/div>\n<\/div>\n<\/div>\n<\/div>\n<\/div>\n<\/div>\n<\/div>\n<\/div>\n<\/section>\n<section class=\"kc-elm kc-css-494218 kc_row\">\n<div class=\"kc-row-container kc-container\">\n<div class=\"kc-wrap-columns\">\n<div class=\"kc-elm kc-css-100650 kc_col-sm-12 kc_column kc_col-sm-12\">\n<div class=\"kc-col-container\">\u00a0<\/div>\n<\/div>\n<\/div>\n<\/div>\n<\/section>\n<\/div>\n<\/div>\n<\/div>\n<\/div>\n<\/div>\n<\/section>\n<p>\n<\/div><\/div><\/div><\/div><\/div><\/section>\n","protected":false},"excerpt":{"rendered":"","protected":false},"author":4,"featured_media":0,"parent":0,"menu_order":0,"comment_status":"closed","ping_status":"closed","template":"","meta":{"footnotes":""},"class_list":["post-4368","page","type-page","status-publish","hentry"],"_links":{"self":[{"href":"https:\/\/www.mediaformlanguages.org\/esol\/wp-json\/wp\/v2\/pages\/4368","targetHints":{"allow":["GET"]}}],"collection":[{"href":"https:\/\/www.mediaformlanguages.org\/esol\/wp-json\/wp\/v2\/pages"}],"about":[{"href":"https:\/\/www.mediaformlanguages.org\/esol\/wp-json\/wp\/v2\/types\/page"}],"author":[{"embeddable":true,"href":"https:\/\/www.mediaformlanguages.org\/esol\/wp-json\/wp\/v2\/users\/4"}],"replies":[{"embeddable":true,"href":"https:\/\/www.mediaformlanguages.org\/esol\/wp-json\/wp\/v2\/comments?post=4368"}],"version-history":[{"count":0,"href":"https:\/\/www.mediaformlanguages.org\/esol\/wp-json\/wp\/v2\/pages\/4368\/revisions"}],"wp:attachment":[{"href":"https:\/\/www.mediaformlanguages.org\/esol\/wp-json\/wp\/v2\/media?parent=4368"}],"curies":[{"name":"wp","href":"https:\/\/api.w.org\/{rel}","templated":true}]}}