{"id":4347,"date":"2025-04-22T16:45:11","date_gmt":"2025-04-22T16:45:11","guid":{"rendered":"https:\/\/www.mediaformlanguages.org\/?page_id=4347"},"modified":"2025-04-27T10:34:34","modified_gmt":"2025-04-27T10:34:34","slug":"requisiti-esaminatore-esol","status":"publish","type":"page","link":"https:\/\/www.mediaformlanguages.org\/esol\/requisiti-esaminatore-esol\/","title":{"rendered":"REQUISITI ESAMINATORE ESOL"},"content":{"rendered":"<section class=\"kc-elm kc-css-649432 kc_row\"><div class=\"kc-row-container  kc-container\"><div class=\"kc-wrap-columns\"><div class=\"kc-elm kc-css-264855 kc_col-sm-12 kc_column kc_col-sm-12\"><div class=\"kc-col-container\"><div class=\"kc-elm kc-css-122973 kc_text_block\"><\/p>\n<p><style type=\"text\/css\">@media only screen and (min-width: 1000px) and (max-width: 5000px){body.kc-css-system .kc-css-3066057{width: 100%;}body.kc-css-system .kc-css-831884{width: 100%;}}body.kc-css-system .kc-css-2811438 .message-box-wrap{font-size: 20Px;}body.kc-css-system .kc-css-3231822 .kc_button{background-color: #154f82;}body.kc-css-system .kc-css-3231822{text-align: right;}<\/style>\n<\/p>\n<section class=\"kc-elm kc-css-1765976 kc_row\">\n<div class=\"kc-row-container kc-container\">\n<div class=\"kc-wrap-columns\">\n<div class=\"kc-elm kc-css-3263151 kc_col-sm-12 kc_column kc_col-sm-12\">\n<div class=\"kc-col-container\">\n<div class=\"kc-elm kc-css-1089814 kc_row kc_row_inner\">\n<div class=\"kc-elm kc-css-3066057 kc_col-sm-12 kc_column_inner kc_col-sm-12\">\n<div class=\"kc_wrapper kc-col-inner-container\">\n<div class=\"kc-elm kc-css-411395 kc_text_block\" style=\"text-align: left;\">\n<h2>\ud83d\udde3\ufe0fREQUISITI PER ESAMINATORE ORALE \u2013 MEDIAFORM ESOL QUALIFICATIONS<\/h2>\n<p>L\u2019Esaminatore orale (Examiner) per gli esami Mediaform ESOL Qualifications ha il compito di condurre, gestire e valutare in modo obiettivo le prove orali di certificazione linguistica. Per ricoprire questo ruolo \u00e8 necessario possedere una combinazione di competenze linguistiche, didattiche, comunicative e valutative.<\/p>\n<p>Ecco i requisiti fondamentali per questa posizione:<\/p>\n<p>\ud83c\udf93 1. Formazione Accademica<\/p>\n<p>Laurea in Lingue, Linguistica o in settori affini.<\/p>\n<p>Titoli aggiuntivi come Master in Linguistica, Glottodidattica, Docimologia o Educazione costituiscono un vantaggio.<\/p>\n<p>Certificazione linguistica di livello C1 o superiore nella lingua oggetto dell\u2019esame, oppure madrelingua.<\/p>\n<p>\ud83e\udde0 2. Competenze Specifiche<\/p>\n<p>Conoscenza approfondita del CEFR (Quadro Comune Europeo di Riferimento per le Lingue) e dei criteri di valutazione delle abilit\u00e0 orali.<\/p>\n<p>Capacit\u00e0 di condurre interviste in lingua inglese secondo linee guida precise.<\/p>\n<p>Competenze nella valutazione delle produzioni orali, in modo coerente, oggettivo e standardizzato.<\/p>\n<p>\ud83d\udde3\ufe0f 3. Capacit\u00e0 Comunicative<\/p>\n<p>Abilit\u00e0 nel porre domande chiare, nel guidare l\u2019interazione e nel mantenere un ambiente d\u2019esame formale ma sereno.<\/p>\n<p>Capacit\u00e0 di comunicare con diversi tipi di candidati, mantenendo controllo, professionalit\u00e0 e neutralit\u00e0 durante la sessione.<\/p>\n<p>\ud83d\udccb 4. Conoscenza delle Linee Guida<\/p>\n<p>Familiarit\u00e0 con la struttura dell\u2019esame orale, i tempi previsti, le fasi del colloquio e i criteri ufficiali di assegnazione del punteggio.<\/p>\n<p>Conoscenza e applicazione dei protocolli operativi stabiliti da Mediaform per la conduzione delle prove orali.<\/p>\n<p>\u2696\ufe0f 5. Obiettivit\u00e0, Riservatezza e Professionalit\u00e0<\/p>\n<p>Capacit\u00e0 di valutare in modo imparziale, evitando qualsiasi tipo di pregiudizio personale.<\/p>\n<p>Riservatezza assoluta sul contenuto degli esami, le performance dei candidati e i dati sensibili.<\/p>\n<p>Impegno nel rispettare gli standard etici ed accademici richiesti dal ruolo.<\/p>\n<p>\ud83d\udcc8 6. Esperienza Professionale<\/p>\n<p>Esperienza pregressa nell\u2019insegnamento della lingua inglese o nella valutazione di competenze linguistiche.<\/p>\n<p>Preferibile precedente esperienza in sessioni d\u2019esame orali o in contesti certificativi.<\/p>\n<p>\ud83d\udd04 7. Formazione e Aggiornamento<\/p>\n<p>Partecipazione obbligatoria alle attivit\u00e0 formative e di aggiornamento organizzate da Mediaform, per garantire uniformit\u00e0 e correttezza nella valutazione.<\/p>\n<ul>\n<li>\u00a0<\/li>\n<\/ul>\n<p><strong>\ud83d\udcc4 <\/strong>8.<strong> Inquadramento contrattuale<\/strong><\/p>\n<ul>\n<li>Per ogni collaborazione con Mediaform sar\u00e0 stipulato un regolare atto o contratto di assunzione e\/o collaborazione, e\/o prestazione d\u2019opera giuridicamente valido.<\/li>\n<li>Il contratto sar\u00e0 redatto nel rispetto della normativa vigente in materia di impiego, con particolare riferimento alla disciplina sulla tutela del lavoro autonomo (D.Lgs. 81\/2017) e alla disciplina organica dei contratti di lavoro (D.Lgs. 81\/2015).<\/li>\n<\/ul>\n<p>In sintesi<\/p>\n<p>L\u2019Esaminatore Mediaform ESOL \u00e8 un professionista della valutazione linguistica orale, in grado di garantire un processo equo, standardizzato e conforme agli standard internazionali. Accuratezza, obiettivit\u00e0 e rispetto delle procedure sono qualit\u00e0 imprescindibili.<\/p>\n<\/div>\n<\/div>\n<\/div>\n<\/div>\n<div class=\"kc-elm kc-css-57106 kc_row kc_row_inner\" style=\"text-align: left;\">\n<div class=\"kc-elm kc-css-831884 kc_col-sm-12 kc_column_inner kc_col-sm-12\">\n<div class=\"kc_wrapper kc-col-inner-container\">\n<div class=\"kc-elm kc-css-3231822\">\n<p><a class=\"kc_button\" title=\"Candidati come Test Developer\" href=\"https:\/\/www.mediaformlanguages.org\/diventa-un-esaminatore-mediaform-esol\/\" target=\"_self\">Torna indietro <\/a><\/p>\n<\/div>\n<\/div>\n<\/div>\n<\/div>\n<\/div>\n<\/div>\n<\/div>\n<\/div>\n<\/section>\n<section class=\"kc-elm kc-css-4265318 kc_row\">\n<div class=\"kc-row-container kc-container\">\n<div class=\"kc-wrap-columns\">\n<div class=\"kc-elm kc-css-3686362 kc_col-sm-12 kc_column kc_col-sm-12\">\n<div class=\"kc-col-container\" style=\"text-align: left;\">\u00a0<\/div>\n<\/div>\n<\/div>\n<\/div>\n<\/section>\n<p>\n<\/div><\/div><\/div><\/div><\/div><\/section>\n","protected":false},"excerpt":{"rendered":"","protected":false},"author":4,"featured_media":0,"parent":0,"menu_order":0,"comment_status":"closed","ping_status":"closed","template":"","meta":{"footnotes":""},"class_list":["post-4347","page","type-page","status-publish","hentry"],"_links":{"self":[{"href":"https:\/\/www.mediaformlanguages.org\/esol\/wp-json\/wp\/v2\/pages\/4347","targetHints":{"allow":["GET"]}}],"collection":[{"href":"https:\/\/www.mediaformlanguages.org\/esol\/wp-json\/wp\/v2\/pages"}],"about":[{"href":"https:\/\/www.mediaformlanguages.org\/esol\/wp-json\/wp\/v2\/types\/page"}],"author":[{"embeddable":true,"href":"https:\/\/www.mediaformlanguages.org\/esol\/wp-json\/wp\/v2\/users\/4"}],"replies":[{"embeddable":true,"href":"https:\/\/www.mediaformlanguages.org\/esol\/wp-json\/wp\/v2\/comments?post=4347"}],"version-history":[{"count":0,"href":"https:\/\/www.mediaformlanguages.org\/esol\/wp-json\/wp\/v2\/pages\/4347\/revisions"}],"wp:attachment":[{"href":"https:\/\/www.mediaformlanguages.org\/esol\/wp-json\/wp\/v2\/media?parent=4347"}],"curies":[{"name":"wp","href":"https:\/\/api.w.org\/{rel}","templated":true}]}}