{"id":3621,"date":"2025-01-04T09:31:25","date_gmt":"2025-01-04T09:31:25","guid":{"rendered":"https:\/\/www.mediaformlanguages.org\/?page_id=3621"},"modified":"2026-01-02T16:11:33","modified_gmt":"2026-01-02T16:11:33","slug":"calendario-formazione-del-personale-dile","status":"publish","type":"page","link":"https:\/\/www.mediaformlanguages.org\/esol\/calendario-formazione-del-personale-dile\/","title":{"rendered":"CALENDARIO FORMAZIONE DEL PERSONALE DILE"},"content":{"rendered":"<section class=\"kc-elm kc-css-502384 kc_row\"><div class=\"kc-row-container  kc-container\"><div class=\"kc-wrap-columns\"><div class=\"kc-elm kc-css-595612 kc_col-sm-12 kc_column kc_col-sm-12\"><div class=\"kc-col-container\"><div class=\"kc-elm kc-css-69228 kc_row kc_row_inner\"><div class=\"kc-elm kc-css-630550 kc_col-sm-12 kc_column_inner kc_col-sm-12\"><div class=\"kc_wrapper kc-col-inner-container\"><div class=\"kc-elm kc-css-476695 kc_row kc_row_inner\"><div class=\"kc-elm kc-css-853638 kc_col-sm-11 kc_column_inner kc_col-sm-11\"><div class=\"kc_wrapper kc-col-inner-container\"><div class=\"kc-elm kc-css-95455 kc_text_block\"><\/p>\n<h2 data-start=\"185\" data-end=\"244\"><strong data-start=\"185\" data-end=\"244\">Mediaform per la Sostenibilit\u00e0 e la Formazione Continua<\/strong><\/h2>\n<p class=\"\" data-start=\"246\" data-end=\"752\">Mediaform promuove un modello di sviluppo sostenibile anche attraverso la formazione del proprio personale. Ogni attivit\u00e0 formativa \u00e8 pianificata nel rispetto dei principi di qualit\u00e0, inclusione e innovazione, contribuendo alla crescita professionale continua e responsabile. Il calendario delle attivit\u00e0 rappresenta l\u2019impegno concreto dell\u2019ente verso una formazione coerente con gli obiettivi dell\u2019Agenda 2030, valorizzando il capitale umano in un\u2019ottica di sostenibilit\u00e0 ambientale, sociale ed educativa.<\/p>\n<p><a style=\"display: inline-flex; align-items: center; padding: 12px 20px; background-color: #2e7d32; color: white; text-decoration: none; border-radius: 6px; font-size: 16px; font-family: Arial, sans-serif;\" href=\"https:\/\/www.mediaformlanguages.org\/mediaform-per-la-sostenibilita-ambientale\/\" target=\"_blank\" rel=\"noopener\"><br \/>\ud83c\udf40 <span style=\"margin-left: 10px;\">Scopri il nostro impegno per l\u2019ambiente<\/span><br \/><\/a><\/p>\n<p>\n<\/div><\/div><\/div><div class=\"kc-elm kc-css-784593 kc_col-sm-2 kc_column_inner kc_col-sm-2\"><div class=\"kc_wrapper kc-col-inner-container\"><div class=\"kc-elm kc-css-644667 kc_shortcode kc_single_image\">\n\n        <a  href=\"https:\/\/www.mediaformlanguages.org\/mediaform-per-la-sostenibilita-ambientale\/\" title=\"Mediaform per la sostenibilit\u00e0 ambientale\" target=\"_self\">\n        <img decoding=\"async\" src=\"https:\/\/www.mediaformlanguages.org\/esol\/wp-content\/uploads\/2025\/05\/logo-mediaform-per-la-sostenibilita-3-e1746266843222.png\" class=\"\" alt=\"\" \/>    <\/a>\n    <\/div>\n<\/div><\/div><\/div><div class=\"kc-elm kc-css-339354 kc_row kc_row_inner\"><div class=\"kc-elm kc-css-745287 kc_col-sm-12 kc_column_inner kc_col-sm-12\"><div class=\"kc_wrapper kc-col-inner-container\"><div class=\"kc-elm kc-css-852236 kc_text_block\"><\/p>\n<h1>2023<\/h1>\n<p>\n<\/div>\n<div class=\"kc-elm kc-css-183548 kc-pro-button kc-button-main\">\n\t<a href=\"https:\/\/www.mediaformlanguages.org\/formazione-personale-mediaform-dile-2023\/\" title=\"Formazione del Personale Mediaform D I L E \u201cDIPLOMA DE LENGUA Y CULTURA ESPANOLA\u201d 2023\">\n\t\t<span class=\"creative_title\">APRI FORMAZIONE DEL PERSONALE MEDIAFORM DILE 2023<\/span>\t<\/a>\n<\/div>\n\n<div class=\"kc-elm kc-css-779762 divider_line\">\n\t<div class=\"divider_inner divider_line3\">\n\t\t<span class=\"line_text\">2023-Conclusi<\/span>\t<\/div>\n<\/div>\n<div class=\"kc-elm kc-css-947739 kc_shortcode kc_progress_bars \" data-style=\"1\"><div class=\"progress-item\"><span class=\"label\">TEST DEVELOPER<\/span><div class=\"kc-ui-progress-bar kc-ui-progress-bar1 kc-progress-bar kc-ui-container\"><div class=\"kc-ui-progress kc-ui-progress1\" style=\"width: 100%\" data-value=\"100\" data-speed=\"2000\"><div class=\"ui-label\">\n\t\t\t\t\t<span class=\"value\">100%<\/span>\n\t\t\t\t<\/div><\/div><\/div><\/div><div class=\"progress-item\"><span class=\"label\">CORRETTORE<\/span><div class=\"kc-ui-progress-bar kc-ui-progress-bar1 kc-progress-bar kc-ui-container\"><div class=\"kc-ui-progress kc-ui-progress1\" style=\"width: 100%\" data-value=\"100\" data-speed=\"2000\"><div class=\"ui-label\">\n\t\t\t\t\t<span class=\"value\">100%<\/span>\n\t\t\t\t<\/div><\/div><\/div><\/div><div class=\"progress-item\"><span class=\"label\">ESAMINATORE<\/span><div class=\"kc-ui-progress-bar kc-ui-progress-bar1 kc-progress-bar kc-ui-container\"><div class=\"kc-ui-progress kc-ui-progress1\" style=\"width: 100%\" data-value=\"100\" data-speed=\"2000\"><div class=\"ui-label\">\n\t\t\t\t\t<span class=\"value\">100%<\/span>\n\t\t\t\t<\/div><\/div><\/div><\/div><\/div><\/div><\/div><\/div><div class=\"kc-elm kc-css-289236 kc_row kc_row_inner\"><div class=\"kc-elm kc-css-339963 kc_col-sm-12 kc_column_inner kc_col-sm-12\"><div class=\"kc_wrapper kc-col-inner-container\"><div class=\"kc-elm kc-css-621505 kc_text_block\"><\/p>\n<h1>2024<\/h1>\n<p>\n<\/div>\n<div class=\"kc-elm kc-css-137454 kc-pro-button kc-button-main\">\n\t<a href=\"https:\/\/www.mediaformlanguages.org\/formazione-personale-mediaform-dile-2024-4-2\/\" title=\"Formazione del Personale Mediaform ESOL Qualifications 2024\">\n\t\t<span class=\"creative_title\">APRI FORMAZIONE DEL PERSONALE MEDIAFORM DILE 2024<\/span>\t<\/a>\n<\/div>\n\n<div class=\"kc-elm kc-css-223027 divider_line\">\n\t<div class=\"divider_inner divider_line3\">\n\t\t<span class=\"line_text\">2024-Conclusi<\/span>\t<\/div>\n<\/div>\n<div class=\"kc-elm kc-css-650440 kc_shortcode kc_progress_bars \" data-style=\"1\"><div class=\"progress-item\"><span class=\"label\">TEST DEVELOPER<\/span><div class=\"kc-ui-progress-bar kc-ui-progress-bar1 kc-progress-bar kc-ui-container\"><div class=\"kc-ui-progress kc-ui-progress1\" style=\"width: 100%\" data-value=\"100\" data-speed=\"2000\"><div class=\"ui-label\">\n\t\t\t\t\t<span class=\"value\">100%<\/span>\n\t\t\t\t<\/div><\/div><\/div><\/div><div class=\"progress-item\"><span class=\"label\">CORRETTORE<\/span><div class=\"kc-ui-progress-bar kc-ui-progress-bar1 kc-progress-bar kc-ui-container\"><div class=\"kc-ui-progress kc-ui-progress1\" style=\"width: 100%\" data-value=\"100\" data-speed=\"2000\"><div class=\"ui-label\">\n\t\t\t\t\t<span class=\"value\">100%<\/span>\n\t\t\t\t<\/div><\/div><\/div><\/div><div class=\"progress-item\"><span class=\"label\">ESAMINATORE<\/span><div class=\"kc-ui-progress-bar kc-ui-progress-bar1 kc-progress-bar kc-ui-container\"><div class=\"kc-ui-progress kc-ui-progress1\" style=\"width: 100%\" data-value=\"100\" data-speed=\"2000\"><div class=\"ui-label\">\n\t\t\t\t\t<span class=\"value\">100%<\/span>\n\t\t\t\t<\/div><\/div><\/div><\/div><\/div><\/div><\/div><\/div><div class=\"kc-elm kc-css-79266 kc_row kc_row_inner\"><div class=\"kc-elm kc-css-312468 kc_col-sm-12 kc_column_inner kc_col-sm-12\"><div class=\"kc_wrapper kc-col-inner-container\"><div class=\"kc-elm kc-css-991440 kc_text_block\"><\/p>\n<h1>2025<\/h1>\n<p>\n<\/div>\n<div class=\"kc-elm kc-css-928721 kc-pro-button kc-button-main\">\n\t<a href=\"https:\/\/www.mediaformlanguages.org\/formazione-personale-mediaform-dile-2025\/\" title=\"Formazione del Personale Mediaform D I L E \u201cDIPLOMA DE LENGUA Y CULTURA ESPANOLA\u201d 2025\">\n\t\t<span class=\"creative_title\">APRI FORMAZIONE DEL PERSONALE MEDIAFORM DILE 2025<\/span>\t<\/a>\n<\/div>\n\n<div class=\"kc-elm kc-css-106326 divider_line\">\n\t<div class=\"divider_inner divider_line3\">\n\t\t<span class=\"line_text\">2025-Conclusi<\/span>\t<\/div>\n<\/div>\n<div class=\"kc-elm kc-css-589758 kc_shortcode kc_progress_bars \" data-style=\"1\"><div class=\"progress-item\"><span class=\"label\">TEST DEVELOPER<\/span><div class=\"kc-ui-progress-bar kc-ui-progress-bar1 kc-progress-bar kc-ui-container\"><div class=\"kc-ui-progress kc-ui-progress1\" style=\"width: 100%\" data-value=\"100\" data-speed=\"2000\"><div class=\"ui-label\">\n\t\t\t\t\t<span class=\"value\">100%<\/span>\n\t\t\t\t<\/div><\/div><\/div><\/div><div class=\"progress-item\"><span class=\"label\">CORRETTORE<\/span><div class=\"kc-ui-progress-bar kc-ui-progress-bar1 kc-progress-bar kc-ui-container\"><div class=\"kc-ui-progress kc-ui-progress1\" style=\"width: 100%\" data-value=\"100\" data-speed=\"2000\"><div class=\"ui-label\">\n\t\t\t\t\t<span class=\"value\">100%<\/span>\n\t\t\t\t<\/div><\/div><\/div><\/div><div class=\"progress-item\"><span class=\"label\">ESAMINATORE<\/span><div class=\"kc-ui-progress-bar kc-ui-progress-bar1 kc-progress-bar kc-ui-container\"><div class=\"kc-ui-progress kc-ui-progress1\" style=\"width: 100%\" data-value=\"100\" data-speed=\"2000\"><div class=\"ui-label\">\n\t\t\t\t\t<span class=\"value\">100%<\/span>\n\t\t\t\t<\/div><\/div><\/div><\/div><\/div><\/div><\/div><\/div><div class=\"kc-elm kc-css-406269 kc_row kc_row_inner\"><div class=\"kc-elm kc-css-649093 kc_col-sm-12 kc_column_inner kc_col-sm-12\"><div class=\"kc_wrapper kc-col-inner-container\"><div class=\"kc-elm kc-css-218414 kc_text_block\"><\/p>\n<h1>2026<\/h1>\n<p>\n<\/div>\n<div class=\"kc-elm kc-css-712913 kc-pro-button kc-button-main\">\n\t<a href=\"#\">\n\t\t<span class=\"creative_title\">APRI FORMAZIONE DEL PERSONALE MEDIAFORM DILE 2026<\/span>\t<\/a>\n<\/div>\n\n<div class=\"kc-elm kc-css-588989 divider_line\">\n\t<div class=\"divider_inner divider_line3\">\n\t\t<span class=\"line_text\">2026-In Corso<\/span>\t<\/div>\n<\/div>\n<\/div><\/div><\/div><\/div><\/div><\/div><\/div><\/div><\/div><\/div><\/section>\n","protected":false},"excerpt":{"rendered":"","protected":false},"author":4,"featured_media":0,"parent":0,"menu_order":0,"comment_status":"closed","ping_status":"closed","template":"","meta":{"footnotes":""},"class_list":["post-3621","page","type-page","status-publish","hentry"],"_links":{"self":[{"href":"https:\/\/www.mediaformlanguages.org\/esol\/wp-json\/wp\/v2\/pages\/3621","targetHints":{"allow":["GET"]}}],"collection":[{"href":"https:\/\/www.mediaformlanguages.org\/esol\/wp-json\/wp\/v2\/pages"}],"about":[{"href":"https:\/\/www.mediaformlanguages.org\/esol\/wp-json\/wp\/v2\/types\/page"}],"author":[{"embeddable":true,"href":"https:\/\/www.mediaformlanguages.org\/esol\/wp-json\/wp\/v2\/users\/4"}],"replies":[{"embeddable":true,"href":"https:\/\/www.mediaformlanguages.org\/esol\/wp-json\/wp\/v2\/comments?post=3621"}],"version-history":[{"count":7,"href":"https:\/\/www.mediaformlanguages.org\/esol\/wp-json\/wp\/v2\/pages\/3621\/revisions"}],"predecessor-version":[{"id":7868,"href":"https:\/\/www.mediaformlanguages.org\/esol\/wp-json\/wp\/v2\/pages\/3621\/revisions\/7868"}],"wp:attachment":[{"href":"https:\/\/www.mediaformlanguages.org\/esol\/wp-json\/wp\/v2\/media?parent=3621"}],"curies":[{"name":"wp","href":"https:\/\/api.w.org\/{rel}","templated":true}]}}