{"id":1401,"date":"2024-03-02T18:07:23","date_gmt":"2024-03-02T18:07:23","guid":{"rendered":"https:\/\/www.iiqinternational.com\/?page_id=1401"},"modified":"2025-06-05T11:19:25","modified_gmt":"2025-06-05T11:19:25","slug":"spagnolo-dile-qualifications","status":"publish","type":"page","link":"https:\/\/www.mediaformlanguages.org\/esol\/spagnolo-dile-qualifications\/","title":{"rendered":"MEDIAFORM &#8211; DILE  &#8220;DIPLOMA DE LENGUA Y CULTURA ESPANOLA&#8221;"},"content":{"rendered":"<p><section class=\"kc-elm kc-css-813220 kc_row\"><div class=\"kc-row-container  kc-container\"><div class=\"kc-wrap-columns\"><div class=\"kc-elm kc-css-159058 kc_col-sm-12 kc_column kc_col-sm-12\"><div class=\"kc-col-container\"><div class=\"kc-elm kc-css-679936 kc-raw-code\"><!-- Popup automatico all'accesso -->\r\n<div id=\"popup-avviso\" style=\"display:none; position: fixed; z-index: 9999; left: 0; top: 0; width: 100%; height: 100%; overflow: auto; background-color: rgba(0,0,0,0.5);\">\r\n  <div style=\"background-color: #fff; margin: 10% auto; padding: 30px; border: 1px solid #888; width: 80%; max-width: 600px; border-radius: 8px; position: relative; font-family: sans-serif;\">\r\n    <span onclick=\"document.getElementById('popup-avviso').style.display='none'\" style=\"position: absolute; top: 10px; right: 20px; color: #aaa; font-size: 28px; font-weight: bold; cursor: pointer;\">&times;<\/span>\r\n    <h3 style=\"color: #C62828;\">Attenzione<\/h3>\r\n    <p style=\"font-size: 16px; color: #333;\">\r\n      I candidati sono tenuti a consultare esclusivamente il sito ufficiale per informazioni aggiornate su costi e modalit\u00e0 di pagamento.\r\n    <\/p>\r\n    <p style=\"font-size: 16px; color: #333;\">\r\n      Ogni abuso, variazione arbitraria, sovrapprezzo non giustificato o comportamento scorretto da parte di terzi o centri partner deve essere tempestivamente segnalato all\u2019indirizzo email:\r\n    <\/p>\r\n    <p style=\"font-weight: bold; color: #C62828;\">segnalazioni@mediaformlanguages.org<\/p>\r\n  <\/div>\r\n<\/div>\r\n\r\n<!-- Script per apertura automatica -->\r\n<script>\r\n  window.onload = function() {\r\n    document.getElementById('popup-avviso').style.display = 'block';\r\n  };\r\n<\/script>\r\n<\/div><div class=\"widget-heading-title center_color\">\n\t<h3 class=\"title\">\n\t\tQui puoi scegliere la modalit\u00e0 di come sostenere il tuo esame Mediaform D I L E :quot:DIPLOMA DE LENGUA Y CULTURA ESPANOLA:quot:\t<\/h3>\n\t<div class=\"desc\">*IMPORTANTE\r\nVISIONARE IL PROTOCOLLO E LA PROCEDURA DEGLI ESAMI\u00a0<\/div>\n<\/div><\/div><\/div><\/div><\/div><\/section><section class=\"kc-elm kc-css-983637 kc_row\"><div class=\"kc-row-container  kc-container\"><div class=\"kc-wrap-columns\"><div class=\"kc-elm kc-css-63913 kc_col-sm-5 kc_column kc_col-sm-5\"><div class=\"kc-col-container\"><div class=\"kc-elm kc-css-186572 kc_shortcode kc_single_image\">\n\n        <a  href=\"https:\/\/www.mediaformlanguages.org\/details-and-procedures-mediaform-dile-qualifications-paper-based\/\" title=\"DILE\" target=\"_self\">\n        <img decoding=\"async\" src=\"https:\/\/www.mediaformlanguages.org\/esol\/wp-content\/uploads\/2024\/06\/logo-D-I-L-E-registrato.jpg\" class=\"\" alt=\"\" \/>    <\/a>\n    <\/div>\n<div class=\"kc-elm kc-css-303536 kc_row kc_row_inner\"><div class=\"kc-elm kc-css-390623 kc_col-sm-6 kc_column_inner kc_col-sm-6\"><div class=\"kc_wrapper kc-col-inner-container\"><div class=\"kc-elm kc-css-701630 kc_text_block\"><\/p>\n<h1 style=\"text-align: left;\">MEDIAFORM E.Q.I.A. DILE\u00a0ESAME CARTACEO<\/h1>\n<p>\n<\/div><\/div><\/div><div class=\"kc-elm kc-css-135489 kc_col-sm-6 kc_column_inner kc_col-sm-6\"><div class=\"kc_wrapper kc-col-inner-container\"><div class=\"kc-elm kc-css-132355 kc_shortcode kc_single_image\">\n\n        <a  href=\"https:\/\/www.mediaformlanguages.org\/details-and-procedures-mediaform-dile-qualifications-paper-based\/\" title=\"DILE\" target=\"_self\">\n        <img decoding=\"async\" src=\"https:\/\/www.mediaformlanguages.org\/esol\/wp-content\/uploads\/2024\/06\/spanisch-button-180x180-1.png\" class=\"\" alt=\"\" \/>    <\/a>\n    <\/div>\n<\/div><\/div><\/div><\/div><\/div><div class=\"kc-elm kc-css-327292 kc_col-of-5 kc_column kc_col-of-5\"><div class=\"kc-col-container\"><\/div><\/div><div class=\"kc-elm kc-css-346438 kc_col-sm-5 kc_column kc_col-sm-5\"><div class=\"kc-col-container\"><div class=\"kc-elm kc-css-114674 kc_shortcode kc_single_image\">\n\n        <a  href=\"https:\/\/www.mediaformlanguages.org\/details-and-procedures-mediaform-dile-qualifications-online-format\/\" title=\"TAB LEVEL ESOL DESCRITION\" target=\"_self\">\n        <img decoding=\"async\" src=\"https:\/\/www.mediaformlanguages.org\/esol\/wp-content\/uploads\/2024\/06\/logo-D-I-L-E-registrato.jpg\" class=\"\" alt=\"\" \/>    <\/a>\n    <\/div>\n<div class=\"kc-elm kc-css-756205 kc_row kc_row_inner\"><div class=\"kc-elm kc-css-798127 kc_col-sm-6 kc_column_inner kc_col-sm-6\"><div class=\"kc_wrapper kc-col-inner-container\"><div class=\"kc-elm kc-css-247966 kc_text_block\"><\/p>\n<h1 style=\"text-align: left;\">MEDIAFORM E.Q.I.A. DILE ONLINE DA CASA<\/h1>\n<p>\n<\/div><\/div><\/div><div class=\"kc-elm kc-css-38295 kc_col-sm-6 kc_column_inner kc_col-sm-6\"><div class=\"kc_wrapper kc-col-inner-container\"><div class=\"kc-elm kc-css-957102 kc_shortcode kc_single_image\">\n\n        <a  href=\"https:\/\/www.mediaformlanguages.org\/details-and-procedures-mediaform-dile-qualifications-online-format\/\" title=\"DILE\" target=\"_self\">\n        <img decoding=\"async\" src=\"https:\/\/www.mediaformlanguages.org\/esol\/wp-content\/uploads\/2024\/06\/spanisch-button-180x180-1.png\" class=\"\" alt=\"\" \/>    <\/a>\n    <\/div>\n<\/div><\/div><\/div><\/div><\/div><\/div><\/div><\/section><section class=\"kc-elm kc-css-761798 kc_row\"><div class=\"kc-row-container  kc-container\"><div class=\"kc-wrap-columns\"><div class=\"kc-elm kc-css-541036 kc_col-sm-12 kc_column kc_col-sm-12\"><div class=\"kc-col-container\">\n<div class=\"kc-elm kc-css-709603 kc-call-to-action kc-cta-3\">\n\n\t<div class=\"kc-cta-desc\"><h2>Differenza tra Esami Online e Esami cartacei \u2013 Diploma De Lengua y Cultura Espa\u00f1ola (DILE)<\/h2><div class=\"kc-cta-text\">Gli esami offerti da Mediaform per il conseguimento del Diploma De Lengua y Cultura Espa\u00f1ola (DILE) sono progettati per garantire un'elevata qualit\u00e0 della valutazione, indipendentemente dalla modalit\u00e0 scelta per il loro svolgimento. La principale differenza tra gli esami online e gli esami su carta riguarda esclusivamente il supporto utilizzato:\r\n\r\nEsami online: si svolgono al computer, tramite una piattaforma digitale sicura e intuitiva, dove i candidati rispondono direttamente alle domande sul dispositivo.\r\n\r\nEsami su carta: seguono il formato tradizionale, con risposte scritte manualmente su supporto cartaceo.\r\n\r\n\u00c8 fondamentale sottolineare che il contenuto e la struttura degli esami DILE rimangono invariati in entrambe le modalit\u00e0. La valutazione delle competenze linguistiche si basa sugli stessi standard rigorosi, assicurando coerenza, equit\u00e0 e accuratezza.\u00a0Indipendentemente dal formato scelto, gli studenti possono contare su un sistema di esame che garantisce trasparenza, integrit\u00e0 e affidabilit\u00e0 nella misurazione delle competenze nella lingua e cultura spagnola.<\/div><\/div>\n<\/div>\n<\/div><\/div><\/div><\/div><\/section><\/p>\n","protected":false},"excerpt":{"rendered":"","protected":false},"author":295,"featured_media":538,"parent":0,"menu_order":0,"comment_status":"closed","ping_status":"closed","template":"","meta":{"footnotes":""},"class_list":["post-1401","page","type-page","status-publish","has-post-thumbnail","hentry"],"_links":{"self":[{"href":"https:\/\/www.mediaformlanguages.org\/esol\/wp-json\/wp\/v2\/pages\/1401","targetHints":{"allow":["GET"]}}],"collection":[{"href":"https:\/\/www.mediaformlanguages.org\/esol\/wp-json\/wp\/v2\/pages"}],"about":[{"href":"https:\/\/www.mediaformlanguages.org\/esol\/wp-json\/wp\/v2\/types\/page"}],"author":[{"embeddable":true,"href":"https:\/\/www.mediaformlanguages.org\/esol\/wp-json\/wp\/v2\/users\/295"}],"replies":[{"embeddable":true,"href":"https:\/\/www.mediaformlanguages.org\/esol\/wp-json\/wp\/v2\/comments?post=1401"}],"version-history":[{"count":0,"href":"https:\/\/www.mediaformlanguages.org\/esol\/wp-json\/wp\/v2\/pages\/1401\/revisions"}],"wp:featuredmedia":[{"embeddable":true,"href":"https:\/\/www.mediaformlanguages.org\/esol\/wp-json\/wp\/v2\/media\/538"}],"wp:attachment":[{"href":"https:\/\/www.mediaformlanguages.org\/esol\/wp-json\/wp\/v2\/media?parent=1401"}],"curies":[{"name":"wp","href":"https:\/\/api.w.org\/{rel}","templated":true}]}}