{"id":1389,"date":"2024-03-02T17:45:28","date_gmt":"2024-03-02T17:45:28","guid":{"rendered":"https:\/\/www.iiqinternational.com\/?page_id=1389"},"modified":"2025-06-05T11:18:26","modified_gmt":"2025-06-05T11:18:26","slug":"inglese-esol-qualifications","status":"publish","type":"page","link":"https:\/\/www.mediaformlanguages.org\/esol\/inglese-esol-qualifications\/","title":{"rendered":"Mediaform &#8211; ESOL Qualifications"},"content":{"rendered":"<p><section class=\"kc-elm kc-css-739128 kc_row\"><div class=\"kc-row-container  kc-container\"><div class=\"kc-wrap-columns\"><div class=\"kc-elm kc-css-804786 kc_col-sm-12 kc_column kc_col-sm-12\"><div class=\"kc-col-container\"><div class=\"kc-elm kc-css-907760 kc-raw-code\"><!-- Popup automatico all'accesso - Stile ESOL -->\r\n<div id=\"popup-avviso\" style=\"display:none; position: fixed; z-index: 9999; left: 0; top: 0; width: 100%; height: 100%; overflow: auto; background-color: rgba(0,0,0,0.5);\">\r\n  <div style=\"background-color: #ffffff; margin: 10% auto; padding: 30px; border: 1px solid #002147; width: 80%; max-width: 600px; border-radius: 8px; position: relative; font-family: 'Segoe UI', sans-serif;\">\r\n    <span onclick=\"document.getElementById('popup-avviso').style.display='none'\" style=\"position: absolute; top: 10px; right: 20px; color: #888; font-size: 28px; font-weight: bold; cursor: pointer;\">&times;<\/span>\r\n    <h3 style=\"color: #002147; font-size: 22px; margin-bottom: 12px;\">Attenzione<\/h3>\r\n    <p style=\"font-size: 16px; color: #333; line-height: 1.6;\">\r\n      I candidati sono tenuti a consultare esclusivamente il sito ufficiale per informazioni aggiornate su costi e modalit\u00e0 di pagamento.\r\n    <\/p>\r\n    <p style=\"font-size: 16px; color: #333; line-height: 1.6;\">\r\n      Ogni abuso, variazione arbitraria, sovrapprezzo non giustificato o comportamento scorretto da parte di terzi o centri partner deve essere tempestivamente segnalato all\u2019indirizzo email:\r\n    <\/p>\r\n    <p style=\"font-weight: bold; color: #002147; font-size: 16px;\">segnalazioni@mediaformlanguages.org<\/p>\r\n  <\/div>\r\n<\/div>\r\n\r\n<!-- Script per apertura automatica -->\r\n<script>\r\n  window.onload = function() {\r\n    document.getElementById('popup-avviso').style.display = 'block';\r\n  };\r\n<\/script>\r\n<\/div><div class=\"kc-elm kc-css-604367 kc_row kc_row_inner\"><div class=\"kc-elm kc-css-401478 kc_col-sm-12 kc_column_inner kc_col-sm-12\"><div class=\"kc_wrapper kc-col-inner-container\"><div class=\"widget-heading-title center_color\">\n\t<h3 class=\"title\">\n\t\tQui puoi scegliere la modalit\u00e0 di come sostenere il tuo esame Mediaform ESOL Qualifications.\t<\/h3>\n\t<div class=\"desc\">*IMPORTANTE\r\nVISIONARE IL PROTOCOLLO E LA PROCEDURA DEGLI ESAMI\u00a0<\/div>\n<\/div><\/div><\/div><\/div><\/div><\/div><\/div><\/div><\/section><section class=\"kc-elm kc-css-516464 kc_row\"><div class=\"kc-row-container  kc-container\"><div class=\"kc-wrap-columns\"><div class=\"kc-elm kc-css-844269 kc_col-sm-5 kc_column kc_col-sm-5\"><div class=\"kc-col-container\">\n<div class=\"kc-elm kc-css-131733 divider_line\">\n\t<div class=\"divider_inner divider_line1\">\n\t\t\t<\/div>\n<\/div>\n<div class=\"kc-elm kc-css-690661 kc_row kc_row_inner\"><div class=\"kc-elm kc-css-62827 kc_col-sm-6 kc_column_inner kc_col-sm-6\"><div class=\"kc_wrapper kc-col-inner-container\"><div class=\"kc-elm kc-css-347345 kc_text_block\"><\/p>\n<div>\n<h2 style=\"text-align: left;\"><b style=\"font-style: inherit;\">MEDIAFORM E.Q.I.A ESOL ESAME CARTACEO\u00a0<\/b><\/h2>\n<\/div>\n<p>\n<\/div><\/div><\/div><div class=\"kc-elm kc-css-201237 kc_col-sm-6 kc_column_inner kc_col-sm-6\"><div class=\"kc_wrapper kc-col-inner-container\"><div class=\"kc-elm kc-css-618949 kc_shortcode kc_single_image\">\n\n        <a  href=\"https:\/\/www.mediaformlanguages.org\/dettagli-e-procedure-esol\/\" title=\"DETAILS AND PROCEDURES MEDIAFORM ESOL QUALIFICATIONS PAPER BASED\" target=\"_self\">\n        <img decoding=\"async\" src=\"https:\/\/www.mediaformlanguages.org\/esol\/wp-content\/uploads\/2025\/04\/vg33jdah.png\" class=\"\" alt=\"\" \/>    <\/a>\n    <\/div>\n<\/div><\/div><\/div><\/div><\/div><div class=\"kc-elm kc-css-145683 kc_col-of-5 kc_column kc_col-of-5\"><div class=\"kc-col-container\"><div class=\"kc-elm kc-css-682647 kc_shortcode kc_single_image\">\n\n        <a  href=\"https:\/\/www.mediaformlanguages.org\/dettagli-e-procedure-esol\/\" title=\"DETAILS AND PROCEDURES MEDIAFORM ESOL QUALIFICATIONS PAPER BASED\" target=\"_self\">\n        <img decoding=\"async\" src=\"https:\/\/www.mediaformlanguages.org\/esol\/wp-content\/uploads\/2024\/06\/LOGO-MEDIAFORM-ESOL-QUALIFICATION_300dpi_783927_811971.jpg\" class=\"\" alt=\"\" \/>    <\/a>\n    <\/div>\n<\/div><\/div><div class=\"kc-elm kc-css-640474 kc_col-sm-5 kc_column kc_col-sm-5\"><div class=\"kc-col-container\">\n<div class=\"kc-elm kc-css-986469 divider_line\">\n\t<div class=\"divider_inner divider_line1\">\n\t\t\t<\/div>\n<\/div>\n<div class=\"kc-elm kc-css-534111 kc_row kc_row_inner\"><div class=\"kc-elm kc-css-963248 kc_col-sm-6 kc_column_inner kc_col-sm-6\"><div class=\"kc_wrapper kc-col-inner-container\"><div class=\"kc-elm kc-css-777518 kc_text_block\"><\/p>\n<h2><b style=\"font-style: inherit;\">MEDIAFORM E.Q.I.A ESOL <\/b><b style=\"font-style: inherit;\">ESAME ONLINE DA CASA<\/b><\/h2>\n<p>\n<\/div><\/div><\/div><div class=\"kc-elm kc-css-179664 kc_col-sm-6 kc_column_inner kc_col-sm-6\"><div class=\"kc_wrapper kc-col-inner-container\"><div class=\"kc-elm kc-css-988787 kc_shortcode kc_single_image\">\n\n        <a  href=\"https:\/\/www.mediaformlanguages.org\/dettagli-e-procedure-esol-online\/\" title=\"DILE\" target=\"_self\">\n        <img decoding=\"async\" src=\"https:\/\/www.mediaformlanguages.org\/esol\/wp-content\/uploads\/2025\/04\/vg33jdah.png\" class=\"\" alt=\"\" \/>    <\/a>\n    <\/div>\n<\/div><\/div><\/div><\/div><\/div><\/div><\/div><\/section><section class=\"kc-elm kc-css-225895 kc_row\"><div class=\"kc-row-container  kc-container\"><div class=\"kc-wrap-columns\"><div class=\"kc-elm kc-css-141578 kc_col-sm-12 kc_column kc_col-sm-12\"><div class=\"kc-col-container\"><div class=\"kc-elm kc-css-822633 kc_row kc_row_inner\"><div class=\"kc-elm kc-css-932602 kc_col-sm-12 kc_column_inner kc_col-sm-12\"><div class=\"kc_wrapper kc-col-inner-container\">\n<div class=\"kc-elm kc-css-633937 kc-call-to-action kc-cta-3\">\n\n\t<div class=\"kc-cta-desc\"><h2>Differenza tra Esami Online e Esami cartacei<\/h2><div class=\"kc-cta-text\">Gli esami offerti da Mediaform ESOL Qualifications sono progettati per garantire un'alta qualit\u00e0 della valutazione, indipendentemente dal formato scelto per il superamento dell'esame.La principale differenza tra gli esami online e gli esami su carta riguarda il metodo di svolgimento:\r\n\r\nEsami online: vengono svolti al computer, utilizzando una piattaforma digitale sicura e intuitiva, dove gli studenti rispondono alle domande direttamente tramite il dispositivo.\r\nEsami su carta: si svolgono in formato tradizionale, dove le risposte vengono scritte manualmente su carta.\r\n\r\nTuttavia, \u00e8 importante sottolineare che il contenuto e la struttura degli esami sono identici per entrambe le modalit\u00e0. La valutazione delle competenze linguistiche rimane invariata e riflette sempre gli stessi standard elevati, sia per gli esami online che per quelli su carta.\r\nIndipendentemente dal formato scelto, gli studenti possono essere certi che la qualit\u00e0 e l'integrit\u00e0 degli esami sono garantite, per assicurare una valutazione equa e accurata delle loro abilit\u00e0.<\/div><\/div>\n<\/div>\n<\/div><\/div><\/div><\/div><\/div><\/div><\/div><\/section><\/p>\n","protected":false},"excerpt":{"rendered":"","protected":false},"author":295,"featured_media":0,"parent":0,"menu_order":0,"comment_status":"closed","ping_status":"closed","template":"","meta":{"footnotes":""},"class_list":["post-1389","page","type-page","status-publish","hentry"],"_links":{"self":[{"href":"https:\/\/www.mediaformlanguages.org\/esol\/wp-json\/wp\/v2\/pages\/1389","targetHints":{"allow":["GET"]}}],"collection":[{"href":"https:\/\/www.mediaformlanguages.org\/esol\/wp-json\/wp\/v2\/pages"}],"about":[{"href":"https:\/\/www.mediaformlanguages.org\/esol\/wp-json\/wp\/v2\/types\/page"}],"author":[{"embeddable":true,"href":"https:\/\/www.mediaformlanguages.org\/esol\/wp-json\/wp\/v2\/users\/295"}],"replies":[{"embeddable":true,"href":"https:\/\/www.mediaformlanguages.org\/esol\/wp-json\/wp\/v2\/comments?post=1389"}],"version-history":[{"count":0,"href":"https:\/\/www.mediaformlanguages.org\/esol\/wp-json\/wp\/v2\/pages\/1389\/revisions"}],"wp:attachment":[{"href":"https:\/\/www.mediaformlanguages.org\/esol\/wp-json\/wp\/v2\/media?parent=1389"}],"curies":[{"name":"wp","href":"https:\/\/api.w.org\/{rel}","templated":true}]}}